{"id":3741,"date":"2021-06-12T16:31:45","date_gmt":"2021-06-12T13:31:45","guid":{"rendered":"http:\/\/www.canaydin.av.tr\/?page_id=3741"},"modified":"2023-06-15T10:24:24","modified_gmt":"2023-06-15T07:24:24","slug":"acquiring-turkish-citizenship-by-birth","status":"publish","type":"page","link":"https:\/\/www.canaydin.av.tr\/tr\/citizenship-law-2\/acquiring-turkish-citizenship-by-birth\/","title":{"rendered":"DO\u011eUM YOLUYLA T\u00dcRK VATANDA\u015eLI\u011eININ KAZANILMASI"},"content":{"rendered":"<div class=\"bt_bb_wrapper\"><section id=\"bt_bb_section69e10f107eca0\"  class=\"bt_bb_section bt_bb_top_spacing_large bt_bb_bottom_spacing_large bt_bb_color_scheme_10 bt_bb_layout_boxed_1200 bt_bb_vertical_align_top\" style=\";background-color:#0f1625;\"><div class=\"bt_bb_port\"><div class=\"bt_bb_cell\"><div class=\"bt_bb_cell_inner\"><\/div><\/div><\/div><\/section><section id=\"bt_bb_section69e10f107ecf0\"  class=\"bt_bb_section bt_bb_layout_wide bt_bb_vertical_align_top bt_bb_negative_margin_large\" ><div class=\"bt_bb_port\"><div class=\"bt_bb_cell\"><div class=\"bt_bb_cell_inner\"><div class=\"bt_bb_row_wrapper\"><div  class=\"bt_bb_row bt_bb_layout_special btOverlapRight\" ><div  class=\"bt_bb_column col-xl-6 bt_bb_align_left bt_bb_padding_normal\"  data-width=\"6\" data-bt-override-class=\"{&quot;bt_bb_align_&quot;:{&quot;current_class&quot;:&quot;bt_bb_align_left&quot;,&quot;xl&quot;:&quot;left&quot;}}\"><div class=\"bt_bb_column_content bt_bb_vertical_align_top bt_bb_color_scheme_ bt_bb_column_background_image\" style=\"background-image:url(&#039;https:\/\/www.canaydin.av.tr\/wp-content\/uploads\/2019\/10\/background_02.jpg&#039;);\"><div class=\"bt_bb_column_content_inner\"><\/div><\/div><\/div><div  class=\"bt_bb_column col-xl-6 btWithIcon bt_bb_align_left bt_bb_icon_color_scheme_6 bt_bb_padding_normal bt_bb_animation_fade_in animate\" style=\"; --column-icon-primary-color:#ffffff; --column-icon-secondary-color:#b07c4b;\" data-width=\"6\" data-bt-override-class=\"{&quot;bt_bb_align_&quot;:{&quot;current_class&quot;:&quot;bt_bb_align_left&quot;,&quot;xl&quot;:&quot;left&quot;}}\"><div class=\"bt_bb_column_content bt_bb_vertical_align_top bt_bb_color_scheme_\"><div class=\"bt_bb_column_icon\"><span  data-ico-law=\"&#xf13e;\" class=\"bt_bb_icon_holder\"><\/span><\/div><div class=\"bt_bb_column_content_inner\"><header class=\"bt_bb_headline bt_bb_color_scheme_14 bt_bb_dash_none bt_bb_size_normal bt_bb_align_inherit\" data-bt-override-class=\"{&quot;bt_bb_align_&quot;:{&quot;current_class&quot;:&quot;bt_bb_align_inherit&quot;,&quot;xl&quot;:&quot;inherit&quot;}}\"><h3 class=\"bt_bb_headline_tag\"><span class=\"bt_bb_headline_content\"><span>Do\u011fum ile T\u00fcrk Vatanda\u015fl\u0131\u011f\u0131n\u0131n Kazan\u0131lmas\u0131<\/span><\/span><\/h3><\/header><div class=\"bt_bb_separator bt_bb_bottom_spacing_normal bt_bb_border_style_none\"><\/div><div  class=\"bt_bb_text\" ><p>T\u00fcrk vatanda\u015fl\u0131\u011f\u0131 do\u011fumla veya sonradan kazan\u0131labilir .Bir ki\u015finin do\u011fumla T\u00fcrk vatanda\u015fl\u0131\u011f\u0131n\u0131 hangi \u015fartlar alt\u0131da kazanabilece\u011fi T\u00fcrk vatanda\u015fl\u0131k kanununda  d\u00fczenlenmi\u015ftir. Do\u011fumla T\u00fcrk vatanda\u015fl\u0131\u011f\u0131n\u0131n kazan\u0131lmas\u0131 iki esasa ba\u011flanm\u0131\u015ft\u0131r : Soyba\u011f\u0131 ve do\u011fum yeri.<\/p>\n<\/div><div class=\"bt_bb_separator bt_bb_top_spacing_small bt_bb_bottom_spacing_normal bt_bb_border_style_none\"><\/div><div class=\"bt_bb_button bt_bb_color_scheme_3 bt_bb_style_clean bt_bb_size_large bt_bb_width_inline bt_bb_shape_inherit bt_bb_align_inherit\" style=\"; --button-primary-color:#b07c4b; --button-secondary-color:#191919;\" data-bt-override-class=\"{&quot;bt_bb_size_&quot;:{&quot;current_class&quot;:&quot;bt_bb_size_large&quot;,&quot;xl&quot;:&quot;large&quot;},&quot;bt_bb_align_&quot;:{&quot;current_class&quot;:&quot;bt_bb_align_inherit&quot;,&quot;xl&quot;:&quot;inherit&quot;}}\"><a href=\"https:\/\/www.canaydin.av.tr\/tr\/contact\/\" target=\"_self\" class=\"bt_bb_link\" title=\"B\u0130Z\u0130MLE \u0130LET\u0130\u015e\u0130ME GE\u00c7\u0130N\"><span class=\"bt_bb_button_text\">B\u0130Z\u0130MLE \u0130LET\u0130\u015e\u0130ME GE\u00c7\u0130N<\/span><\/a><\/div><\/div><\/div><\/div><\/div><\/div><\/div><\/div><\/div><\/section><section id=\"bt_bb_section69e10f107f359\"  class=\"bt_bb_section bt_bb_top_spacing_large bt_bb_bottom_spacing_large bt_bb_layout_boxed_1200 bt_bb_vertical_align_top\" ><div class=\"bt_bb_port\"><div class=\"bt_bb_cell\"><div class=\"bt_bb_cell_inner\"><div class=\"bt_bb_row_wrapper\"><div  class=\"bt_bb_row\" ><div  class=\"bt_bb_column col-xl-12 col-xs-12 col-sm-12 col-md-12 col-lg-12 bt_bb_align_left bt_bb_padding_normal bt_bb_animation_fade_in animate\"  data-width=\"12\" data-bt-override-class=\"{&quot;bt_bb_align_&quot;:{&quot;current_class&quot;:&quot;bt_bb_align_left&quot;,&quot;xl&quot;:&quot;left&quot;}}\"><div class=\"bt_bb_column_content bt_bb_vertical_align_top bt_bb_color_scheme_\"><div class=\"bt_bb_column_content_inner\"><div  class=\"bt_bb_text\" ><p><strong>Soyba\u011f\u0131 ile T\u00fcrk vatanda\u015fl\u0131\u011f\u0131n\u0131n kazan\u0131lmas\u0131 :<\/strong><\/p>\n<p>T\u00fcrk Vatanda\u015fl\u0131k Kanunu 7. Maddede d\u00fczenlene soyba\u011f\u0131 ile T\u00fcrk vatanda\u015fl\u0131\u011f\u0131n\u0131n kazan\u0131lmas\u0131 \u015fu \u015fekilde d\u00fczenlenmi\u015ftir:<\/p>\n<ul>\n<li><em>T\u00fcrkiye i\u00e7inde veya d\u0131\u015f\u0131nda T\u00fcrk vatanda\u015f\u0131 ana veya babadan evlilik birli\u011fi i\u00e7inde do\u011fan \u00e7ocuk T\u00fcrk vatanda\u015f\u0131d\u0131r. <\/em><\/li>\n<li><em>T\u00fcrk vatanda\u015f\u0131 ana ve yabanc\u0131 babadan evlilik birli\u011fi d\u0131\u015f\u0131nda do\u011fan \u00e7ocuk T\u00fcrk vatanda\u015f\u0131d\u0131r. <\/em><\/li>\n<li><em>T\u00fcrk vatanda\u015f\u0131 baba ve yabanc\u0131 anadan evlilik birli\u011fi d\u0131\u015f\u0131nda do\u011fan \u00e7ocuk ise soy ba\u011f\u0131 kurulmas\u0131n\u0131 sa\u011flayan usul ve esaslar\u0131n yerine getirilmesi halinde T\u00fcrk vatanda\u015fl\u0131\u011f\u0131n\u0131 kazan\u0131r.<\/em><\/li>\n<\/ul>\n<p>Kanuna g\u00f6re :<\/p>\n<ul>\n<li>\u00c7ocuk T\u00fcrk anne veya T\u00fcrk babadan evlilik birli\u011fi i\u00e7inde do\u011fmu\u015fsa do\u011fum yeri fark etmeksizin T\u00fcrk vatanda\u015fl\u0131\u011f\u0131n\u0131 do\u011fumla kazanmaktad\u0131r.<\/li>\n<\/ul>\n<ul>\n<li>Evlilik Birli\u011fi d\u0131\u015f\u0131nda :<\/li>\n<\/ul>\n<ul>\n<li>T\u00fcrk vatanda\u015f\u0131 anne ve yabanc\u0131 babadan do\u011fan \u00e7ocuk T\u00fcrk vatanda\u015fl\u0131\u011f\u0131n\u0131 herhangi bir i\u015fleme gerek kalmaks\u0131z\u0131n do\u011fumla kazanmaktad\u0131r.<\/li>\n<\/ul>\n<ul>\n<li>Ancak yabanc\u0131 anne ve T\u00fcrk babadan evlilik birli\u011fi d\u0131\u015f\u0131nda do\u011fan \u00e7ocuk T\u00fcrk vatanda\u015fl\u0131\u011f\u0131n\u0131 soyba\u011f\u0131 kurulmas\u0131ndan sonra kazanmaktad\u0131r.<\/li>\n<\/ul>\n<p><strong>BA\u015eVURU \u0130\u00c7\u0130N GEREKL\u0130 EVRAKLAR<\/strong><\/p>\n<p>Ba\u015fvuru Formu (VAT-1),<\/p>\n<p>2 Adet 50x60 mm boyutunda beyaz fonda, biyometrik foto\u011fraf,<\/p>\n<p>Yabanc\u0131 anne veya baban\u0131n kimlik bilgilerini i\u00e7eren belgenin T\u00fcrk\u00e7e ve noter onayl\u0131 terc\u00fcmesi ve ba\u015fvuran\u0131n yabanc\u0131 anne ve babas\u0131ndan dolay\u0131 yabanc\u0131 devlet vatanda\u015fl\u0131\u011f\u0131n\u0131 kazan\u0131p kazanmad\u0131\u011f\u0131na dair resmi onayl\u0131 belgenin noter onayl\u0131 T\u00fcrk\u00e7e terc\u00fcmesi<\/p>\n<p>Do\u011fum belgesinin noter tasdikli T\u00fcrk\u00e7e terc\u00fcmesi,<\/p>\n<p>Do\u011fum belgesine dayan\u0131larak d\u00fczenlenecek do\u011fum tutana\u011f\u0131 (VGF-10-01).<\/p>\n<p><strong>Do\u011fum Yeri Esas\u0131na g\u00f6re T\u00fcrk vatanda\u015fl\u0131\u011f\u0131n\u0131n kazan\u0131lmas\u0131:<\/strong><\/p>\n<p><strong>\u00a0<\/strong><\/p>\n<p>Tvk. 8. Maddede d\u00fczenlene do\u011fum yeri esas\u0131na g\u00f6re T\u00fcrk vatanda\u015fl\u0131\u011f\u0131n\u0131n kazan\u0131lmas\u0131 \u015fu \u015fekilde d\u00fczenlenmi\u015ftir:<\/p>\n<p><em>\u00a0<\/em><\/p>\n<p><em>T\u00fcrkiye'de do\u011fan ve yabanc\u0131 ana ve babas\u0131ndan dolay\u0131 do\u011fumla herhangi bir \u00fclkenin vatanda\u015fl\u0131\u011f\u0131n\u0131 kazanamayan \u00e7ocuk, do\u011fumdan itibaren T\u00fcrk vatanda\u015f\u0131d\u0131r.<\/em><\/p>\n<p>Bu maddeye g\u00f6re yabanc\u0131 anne ve babas\u0131ndan dolay\u0131 herhangi bir \u00fclkenin vatanda\u015f\u0131 olamayan T\u00fcrkiye\u2019de do\u011fan \u00e7ocuklar do\u011fum yeri esas\u0131 dikkate al\u0131narak T\u00fcrk vatanda\u015fl\u0131\u011f\u0131n\u0131 do\u011fumla kazanmaktad\u0131r.<\/p>\n<p><strong>BA\u015eVURU \u0130\u00c7\u0130N GEREKL\u0130 EVRAKLAR<\/strong><\/p>\n<ul>\n<li>Ba\u015fvuru Formu (VAT-2),<\/li>\n<li>2 Adet 50x60 mm boyutunda beyaz fonda, biyometrik foto\u011fraf,<\/li>\n<li>\u0130lgilinin T\u00fcrkiye'de do\u011fdu\u011funu ispata yarayacak do\u011fum belgesi,<\/li>\n<li>Do\u011fum belgesine dayan\u0131larak d\u00fczenlenecek do\u011fum tutana\u011f\u0131 (VGF-10-01),<\/li>\n<li>\u00c7ocu\u011fun ana ve babas\u0131ndan dolay\u0131 herhangi bir devletin vatanda\u015fl\u0131\u011f\u0131n\u0131 kazanamad\u0131\u011f\u0131n\u0131n ispat\u0131na yarayacak usul\u00fcne g\u00f6re onaylanm\u0131\u015f belgenin noter tasdikli T\u00fcrk\u00e7e terc\u00fcmesi.<\/li>\n<\/ul>\n<\/div><div class=\"bt_bb_separator bt_bb_bottom_spacing_small bt_bb_border_style_none\"><\/div><\/div><\/div><\/div><\/div><\/div><\/div><\/div><\/div><\/section><\/div>","protected":false},"excerpt":{"rendered":"","protected":false},"author":1,"featured_media":0,"parent":3700,"menu_order":0,"comment_status":"closed","ping_status":"closed","template":"","meta":[],"yoast_head":"<!-- This site is optimized with the Yoast SEO plugin v16.8 - https:\/\/yoast.com\/wordpress\/plugins\/seo\/ -->\n<title>ACQUIRING TURKISH CITIZENSHIP BY BIRTH - CANAYDIN Law Firm<\/title>\n<meta name=\"robots\" content=\"index, follow, max-snippet:-1, max-image-preview:large, max-video-preview:-1\" \/>\n<link rel=\"canonical\" href=\"https:\/\/www.canaydin.av.tr\/tr\/citizenship-law-2\/acquiring-turkish-citizenship-by-birth\/\" \/>\n<meta property=\"og:locale\" content=\"tr_TR\" \/>\n<meta property=\"og:type\" content=\"article\" \/>\n<meta property=\"og:title\" content=\"ACQUIRING TURKISH CITIZENSHIP BY BIRTH - CANAYDIN Law Firm\" \/>\n<meta property=\"og:url\" content=\"https:\/\/www.canaydin.av.tr\/tr\/citizenship-law-2\/acquiring-turkish-citizenship-by-birth\/\" \/>\n<meta property=\"og:site_name\" content=\"CANAYDIN Law Firm\" \/>\n<meta property=\"article:publisher\" content=\"https:\/\/www.facebook.com\/Canayd%c4%b1n-Law-Firm-108564714824327\" \/>\n<meta property=\"article:modified_time\" content=\"2023-06-15T07:24:24+00:00\" \/>\n<meta property=\"og:image\" content=\"https:\/\/www.canaydin.av.tr\/wp-content\/uploads\/2021\/07\/Logo-Canaydin.png\" \/>\n\t<meta property=\"og:image:width\" content=\"3733\" \/>\n\t<meta property=\"og:image:height\" content=\"1029\" \/>\n<meta name=\"twitter:card\" content=\"summary_large_image\" \/>\n<meta name=\"twitter:label1\" content=\"Tahmini okuma s\u00fcresi\" \/>\n\t<meta name=\"twitter:data1\" content=\"4 dakika\" \/>\n<script type=\"application\/ld+json\" class=\"yoast-schema-graph\">{\"@context\":\"https:\/\/schema.org\",\"@graph\":[{\"@type\":\"Organization\",\"@id\":\"https:\/\/www.canaydin.av.tr\/#organization\",\"name\":\"Canaydin Law Firm\",\"url\":\"https:\/\/www.canaydin.av.tr\/\",\"sameAs\":[\"https:\/\/www.facebook.com\/Canayd\\u0131n-Law-Firm-108564714824327\",\"https:\/\/instagram.com\/canaydinlawfirm\",\"https:\/\/www.linkedin.com\/company\/canaydin-law-firm\/\",\"https:\/\/www.youtube.com\/channel\/UCAioITA_h23oo3pWmEAgMfQ\"],\"logo\":{\"@type\":\"ImageObject\",\"@id\":\"https:\/\/www.canaydin.av.tr\/#logo\",\"inLanguage\":\"tr\",\"url\":\"https:\/\/www.canaydin.av.tr\/wp-content\/uploads\/2021\/07\/Logo-Canaydin.png\",\"contentUrl\":\"https:\/\/www.canaydin.av.tr\/wp-content\/uploads\/2021\/07\/Logo-Canaydin.png\",\"width\":3733,\"height\":1029,\"caption\":\"Canaydin Law Firm\"},\"image\":{\"@id\":\"https:\/\/www.canaydin.av.tr\/#logo\"}},{\"@type\":\"WebSite\",\"@id\":\"https:\/\/www.canaydin.av.tr\/#website\",\"url\":\"https:\/\/www.canaydin.av.tr\/\",\"name\":\"CANAYDIN Law Firm\",\"description\":\"\",\"publisher\":{\"@id\":\"https:\/\/www.canaydin.av.tr\/#organization\"},\"potentialAction\":[{\"@type\":\"SearchAction\",\"target\":{\"@type\":\"EntryPoint\",\"urlTemplate\":\"https:\/\/www.canaydin.av.tr\/?s={search_term_string}\"},\"query-input\":\"required name=search_term_string\"}],\"inLanguage\":\"tr\"},{\"@type\":\"WebPage\",\"@id\":\"https:\/\/www.canaydin.av.tr\/citizenship-law-2\/acquiring-turkish-citizenship-by-birth\/#webpage\",\"url\":\"https:\/\/www.canaydin.av.tr\/citizenship-law-2\/acquiring-turkish-citizenship-by-birth\/\",\"name\":\"ACQUIRING TURKISH CITIZENSHIP BY BIRTH - CANAYDIN Law Firm\",\"isPartOf\":{\"@id\":\"https:\/\/www.canaydin.av.tr\/#website\"},\"datePublished\":\"2021-06-12T13:31:45+00:00\",\"dateModified\":\"2023-06-15T07:24:24+00:00\",\"breadcrumb\":{\"@id\":\"https:\/\/www.canaydin.av.tr\/citizenship-law-2\/acquiring-turkish-citizenship-by-birth\/#breadcrumb\"},\"inLanguage\":\"tr\",\"potentialAction\":[{\"@type\":\"ReadAction\",\"target\":[\"https:\/\/www.canaydin.av.tr\/citizenship-law-2\/acquiring-turkish-citizenship-by-birth\/\"]}]},{\"@type\":\"BreadcrumbList\",\"@id\":\"https:\/\/www.canaydin.av.tr\/citizenship-law-2\/acquiring-turkish-citizenship-by-birth\/#breadcrumb\",\"itemListElement\":[{\"@type\":\"ListItem\",\"position\":1,\"name\":\"Anasayfa\",\"item\":\"https:\/\/www.canaydin.av.tr\/\"},{\"@type\":\"ListItem\",\"position\":2,\"name\":\"CITIZENSHIP LAW\",\"item\":\"https:\/\/www.canaydin.av.tr\/citizenship-law-2\/\"},{\"@type\":\"ListItem\",\"position\":3,\"name\":\"ACQUIRING TURKISH CITIZENSHIP BY BIRTH\"}]}]}<\/script>\n<!-- \/ Yoast SEO plugin. -->","yoast_head_json":{"title":"ACQUIRING TURKISH CITIZENSHIP BY BIRTH - CANAYDIN Law Firm","robots":{"index":"index","follow":"follow","max-snippet":"max-snippet:-1","max-image-preview":"max-image-preview:large","max-video-preview":"max-video-preview:-1"},"canonical":"https:\/\/www.canaydin.av.tr\/tr\/citizenship-law-2\/acquiring-turkish-citizenship-by-birth\/","og_locale":"tr_TR","og_type":"article","og_title":"ACQUIRING TURKISH CITIZENSHIP BY BIRTH - CANAYDIN Law Firm","og_url":"https:\/\/www.canaydin.av.tr\/tr\/citizenship-law-2\/acquiring-turkish-citizenship-by-birth\/","og_site_name":"CANAYDIN Law Firm","article_publisher":"https:\/\/www.facebook.com\/Canayd%c4%b1n-Law-Firm-108564714824327","article_modified_time":"2023-06-15T07:24:24+00:00","og_image":[{"width":3733,"height":1029,"url":"https:\/\/www.canaydin.av.tr\/wp-content\/uploads\/2021\/07\/Logo-Canaydin.png","path":"\/home\/u616560269\/domains\/canaydin.av.tr\/public_html\/wp-content\/uploads\/2021\/07\/Logo-Canaydin.png","size":"full","id":3987,"alt":"","pixels":3841257,"type":"image\/png"}],"twitter_card":"summary_large_image","twitter_misc":{"Tahmini okuma s\u00fcresi":"4 dakika"},"schema":{"@context":"https:\/\/schema.org","@graph":[{"@type":"Organization","@id":"https:\/\/www.canaydin.av.tr\/#organization","name":"Canaydin Law Firm","url":"https:\/\/www.canaydin.av.tr\/","sameAs":["https:\/\/www.facebook.com\/Canayd\u0131n-Law-Firm-108564714824327","https:\/\/instagram.com\/canaydinlawfirm","https:\/\/www.linkedin.com\/company\/canaydin-law-firm\/","https:\/\/www.youtube.com\/channel\/UCAioITA_h23oo3pWmEAgMfQ"],"logo":{"@type":"ImageObject","@id":"https:\/\/www.canaydin.av.tr\/#logo","inLanguage":"tr","url":"https:\/\/www.canaydin.av.tr\/wp-content\/uploads\/2021\/07\/Logo-Canaydin.png","contentUrl":"https:\/\/www.canaydin.av.tr\/wp-content\/uploads\/2021\/07\/Logo-Canaydin.png","width":3733,"height":1029,"caption":"Canaydin Law Firm"},"image":{"@id":"https:\/\/www.canaydin.av.tr\/#logo"}},{"@type":"WebSite","@id":"https:\/\/www.canaydin.av.tr\/#website","url":"https:\/\/www.canaydin.av.tr\/","name":"CANAYDIN Law Firm","description":"","publisher":{"@id":"https:\/\/www.canaydin.av.tr\/#organization"},"potentialAction":[{"@type":"SearchAction","target":{"@type":"EntryPoint","urlTemplate":"https:\/\/www.canaydin.av.tr\/?s={search_term_string}"},"query-input":"required name=search_term_string"}],"inLanguage":"tr"},{"@type":"WebPage","@id":"https:\/\/www.canaydin.av.tr\/citizenship-law-2\/acquiring-turkish-citizenship-by-birth\/#webpage","url":"https:\/\/www.canaydin.av.tr\/citizenship-law-2\/acquiring-turkish-citizenship-by-birth\/","name":"ACQUIRING TURKISH CITIZENSHIP BY BIRTH - CANAYDIN Law Firm","isPartOf":{"@id":"https:\/\/www.canaydin.av.tr\/#website"},"datePublished":"2021-06-12T13:31:45+00:00","dateModified":"2023-06-15T07:24:24+00:00","breadcrumb":{"@id":"https:\/\/www.canaydin.av.tr\/citizenship-law-2\/acquiring-turkish-citizenship-by-birth\/#breadcrumb"},"inLanguage":"tr","potentialAction":[{"@type":"ReadAction","target":["https:\/\/www.canaydin.av.tr\/citizenship-law-2\/acquiring-turkish-citizenship-by-birth\/"]}]},{"@type":"BreadcrumbList","@id":"https:\/\/www.canaydin.av.tr\/citizenship-law-2\/acquiring-turkish-citizenship-by-birth\/#breadcrumb","itemListElement":[{"@type":"ListItem","position":1,"name":"Anasayfa","item":"https:\/\/www.canaydin.av.tr\/"},{"@type":"ListItem","position":2,"name":"CITIZENSHIP LAW","item":"https:\/\/www.canaydin.av.tr\/citizenship-law-2\/"},{"@type":"ListItem","position":3,"name":"ACQUIRING TURKISH CITIZENSHIP BY BIRTH"}]}]}},"_links":{"self":[{"href":"https:\/\/www.canaydin.av.tr\/tr\/wp-json\/wp\/v2\/pages\/3741"}],"collection":[{"href":"https:\/\/www.canaydin.av.tr\/tr\/wp-json\/wp\/v2\/pages"}],"about":[{"href":"https:\/\/www.canaydin.av.tr\/tr\/wp-json\/wp\/v2\/types\/page"}],"author":[{"embeddable":true,"href":"https:\/\/www.canaydin.av.tr\/tr\/wp-json\/wp\/v2\/users\/1"}],"replies":[{"embeddable":true,"href":"https:\/\/www.canaydin.av.tr\/tr\/wp-json\/wp\/v2\/comments?post=3741"}],"version-history":[{"count":5,"href":"https:\/\/www.canaydin.av.tr\/tr\/wp-json\/wp\/v2\/pages\/3741\/revisions"}],"predecessor-version":[{"id":4238,"href":"https:\/\/www.canaydin.av.tr\/tr\/wp-json\/wp\/v2\/pages\/3741\/revisions\/4238"}],"up":[{"embeddable":true,"href":"https:\/\/www.canaydin.av.tr\/tr\/wp-json\/wp\/v2\/pages\/3700"}],"wp:attachment":[{"href":"https:\/\/www.canaydin.av.tr\/tr\/wp-json\/wp\/v2\/media?parent=3741"}],"curies":[{"name":"wp","href":"https:\/\/api.w.org\/{rel}","templated":true}]}}