{"id":3739,"date":"2021-06-12T16:28:58","date_gmt":"2021-06-12T13:28:58","guid":{"rendered":"http:\/\/www.canaydin.av.tr\/?page_id=3739"},"modified":"2023-06-15T10:24:24","modified_gmt":"2023-06-15T07:24:24","slug":"acquiring-turkish-citizenship-by-marriage","status":"publish","type":"page","link":"https:\/\/www.canaydin.av.tr\/tr\/citizenship-law-2\/acquiring-turkish-citizenship-by-marriage\/","title":{"rendered":"EVL\u0130L\u0130K YOLUYLA T\u00dcRK VATANDA\u015eLI\u011eININ KAZANILMASI"},"content":{"rendered":"<div class=\"bt_bb_wrapper\"><section id=\"bt_bb_section69e11cb2da102\"  class=\"bt_bb_section bt_bb_top_spacing_large bt_bb_bottom_spacing_large bt_bb_color_scheme_10 bt_bb_layout_boxed_1200 bt_bb_vertical_align_top\" style=\";background-color:#0f1625;\"><div class=\"bt_bb_port\"><div class=\"bt_bb_cell\"><div class=\"bt_bb_cell_inner\"><\/div><\/div><\/div><\/section><section id=\"bt_bb_section69e11cb2da16c\"  class=\"bt_bb_section bt_bb_layout_wide bt_bb_vertical_align_top bt_bb_negative_margin_large\" ><div class=\"bt_bb_port\"><div class=\"bt_bb_cell\"><div class=\"bt_bb_cell_inner\"><div class=\"bt_bb_row_wrapper\"><div  class=\"bt_bb_row bt_bb_layout_special btOverlapRight\" ><div  class=\"bt_bb_column col-xl-6 bt_bb_align_left bt_bb_padding_normal\"  data-width=\"6\" data-bt-override-class=\"{&quot;bt_bb_align_&quot;:{&quot;current_class&quot;:&quot;bt_bb_align_left&quot;,&quot;xl&quot;:&quot;left&quot;}}\"><div class=\"bt_bb_column_content bt_bb_vertical_align_top bt_bb_color_scheme_ bt_bb_column_background_image\" style=\"background-image:url(&#039;https:\/\/www.canaydin.av.tr\/wp-content\/uploads\/2019\/10\/background_02.jpg&#039;);\"><div class=\"bt_bb_column_content_inner\"><\/div><\/div><\/div><div  class=\"bt_bb_column col-xl-6 btWithIcon bt_bb_align_left bt_bb_icon_color_scheme_6 bt_bb_padding_normal bt_bb_animation_fade_in animate\" style=\"; --column-icon-primary-color:#ffffff; --column-icon-secondary-color:#b07c4b;\" data-width=\"6\" data-bt-override-class=\"{&quot;bt_bb_align_&quot;:{&quot;current_class&quot;:&quot;bt_bb_align_left&quot;,&quot;xl&quot;:&quot;left&quot;}}\"><div class=\"bt_bb_column_content bt_bb_vertical_align_top bt_bb_color_scheme_\"><div class=\"bt_bb_column_icon\"><span  data-ico-law=\"&#xf13e;\" class=\"bt_bb_icon_holder\"><\/span><\/div><div class=\"bt_bb_column_content_inner\"><header class=\"bt_bb_headline bt_bb_color_scheme_14 bt_bb_dash_none bt_bb_size_normal bt_bb_align_inherit\" data-bt-override-class=\"{&quot;bt_bb_align_&quot;:{&quot;current_class&quot;:&quot;bt_bb_align_inherit&quot;,&quot;xl&quot;:&quot;inherit&quot;}}\"><h3 class=\"bt_bb_headline_tag\"><span class=\"bt_bb_headline_content\"><span>Evlilik Yoluyla T\u00fcrk Vatanda\u015fl\u0131\u011f\u0131n\u0131n Kazan\u0131lmas\u0131<\/span><\/span><\/h3><\/header><div class=\"bt_bb_separator bt_bb_bottom_spacing_normal bt_bb_border_style_none\"><\/div><div  class=\"bt_bb_text\" ><p>T\u00fcrk vatanda\u015fl\u0131\u011f\u0131n\u0131n evlenme yoluyla kazan\u0131lmas\u0131, genel yolla T\u00fcrk vatanda\u015fl\u0131\u011f\u0131n\u0131 kazan\u0131lmas\u0131 yollar\u0131ndan biridir ve T\u00fcrk Vatanda\u015fl\u0131\u011f\u0131 Kanunu\u2019nun 16. maddesinde d\u00fczenlenmi\u015ftir.<\/p>\n<\/div><div class=\"bt_bb_separator bt_bb_top_spacing_small bt_bb_bottom_spacing_normal bt_bb_border_style_none\"><\/div><div class=\"bt_bb_button bt_bb_color_scheme_3 bt_bb_style_clean bt_bb_size_large bt_bb_width_inline bt_bb_shape_inherit bt_bb_align_inherit\" style=\"; --button-primary-color:#b07c4b; --button-secondary-color:#191919;\" data-bt-override-class=\"{&quot;bt_bb_size_&quot;:{&quot;current_class&quot;:&quot;bt_bb_size_large&quot;,&quot;xl&quot;:&quot;large&quot;},&quot;bt_bb_align_&quot;:{&quot;current_class&quot;:&quot;bt_bb_align_inherit&quot;,&quot;xl&quot;:&quot;inherit&quot;}}\"><a href=\"https:\/\/www.canaydin.av.tr\/tr\/contact\/\" target=\"_self\" class=\"bt_bb_link\" title=\"B\u0130Z\u0130MLE \u0130LET\u0130\u015e\u0130ME GE\u00c7\u0130N\"><span class=\"bt_bb_button_text\">B\u0130Z\u0130MLE \u0130LET\u0130\u015e\u0130ME GE\u00c7\u0130N<\/span><\/a><\/div><\/div><\/div><\/div><\/div><\/div><\/div><\/div><\/div><\/section><section id=\"bt_bb_section69e11cb2dabf9\"  class=\"bt_bb_section bt_bb_top_spacing_large bt_bb_bottom_spacing_large bt_bb_layout_boxed_1200 bt_bb_vertical_align_top\" ><div class=\"bt_bb_port\"><div class=\"bt_bb_cell\"><div class=\"bt_bb_cell_inner\"><div class=\"bt_bb_row_wrapper\"><div  class=\"bt_bb_row\" ><div  class=\"bt_bb_column col-xl-12 col-xs-12 col-sm-12 col-md-12 col-lg-12 bt_bb_align_left bt_bb_padding_normal bt_bb_animation_fade_in animate\"  data-width=\"12\" data-bt-override-class=\"{&quot;bt_bb_align_&quot;:{&quot;current_class&quot;:&quot;bt_bb_align_left&quot;,&quot;xl&quot;:&quot;left&quot;}}\"><div class=\"bt_bb_column_content bt_bb_vertical_align_top bt_bb_color_scheme_\"><div class=\"bt_bb_column_content_inner\"><div  class=\"bt_bb_text\" ><p>Bir T\u00fcrk vatanda\u015f\u0131 ile evlenme do\u011frudan T\u00fcrk vatanda\u015fl\u0131\u011f\u0131n\u0131 kazand\u0131rmaz.<\/p>\n<p>T\u00fcrk vatanda\u015f\u0131 ile en az \u00fc\u00e7 y\u0131ldan beri evli olan ve evlili\u011fi devam eden yabanc\u0131lar T\u00fcrk vatanda\u015fl\u0131\u011f\u0131n\u0131 kazanmak \u00fczere ba\u015fvuruda bulunabilir.<\/p>\n<p>Ba\u015fvuru sahipleri a\u015fa\u011f\u0131da yer alan \u015fartlar\u0131 sa\u011flamal\u0131d\u0131r:<\/p>\n<ol>\n<li>a) Aile birli\u011fi i\u00e7inde ya\u015fama<\/li>\n<\/ol>\n<ol>\n<li>b) Evlilik birli\u011fi ile ba\u011fda\u015fmayacak bir faaliyette bulunmama,<\/li>\n<\/ol>\n<ol>\n<li>c) Mill\u00ee g\u00fcvenlik ve kamu d\u00fczeni bak\u0131m\u0131ndan engel te\u015fkil edecek bir hali bulunmama.<\/li>\n<\/ol>\n<p>Yukar\u0131daki \u015fartlar\u0131n tamam\u0131n\u0131 ta\u015f\u0131malar\u0131 durumunda vatanda\u015fl\u0131k ba\u015fvurusunda bulunabilirler.<\/p>\n<p>Ancak, T\u00fcrk vatanda\u015f\u0131 olan e\u015fin vatanda\u015fl\u0131k ba\u015fvurusu yap\u0131lan tarih sonras\u0131nda vefat etmesi durumunda, yukar\u0131daki \u015fartlarda yer alan \u201ce\u015flerin aile birli\u011fi i\u00e7inde ya\u015famas\u0131\u201d \u015fart\u0131 aranmaz. T\u00fcrk vatanda\u015f\u0131 hakk\u0131 kazanan yabanc\u0131lar istedikleri zaman T\u00fcrk vatanda\u015fl\u0131\u011f\u0131 i\u00e7in ba\u015fvuru yapabilirler.<\/p>\n<p>Yabanc\u0131 e\u015fin T\u00fcrk vatanda\u015fl\u0131\u011f\u0131 kazanabilmesi i\u00e7in T\u00fcrkiye\u2019de ikamet etme zorunlulu\u011fu yoktur.<\/p>\n<p>Evlilik T\u00fcrkiye d\u0131\u015f\u0131nda istenilen bir yerde de s\u00fcrd\u00fcr\u00fclebilir ve 3 y\u0131l\u0131n dolmas\u0131 sonras\u0131nda T\u00fcrk vatanda\u015fl\u0131\u011f\u0131 i\u00e7in ba\u015fvuru yap\u0131labilir.<\/p>\n<p>B\u00fcromuz, uzman kadrosu ile evlilik yoluyla T\u00fcrk vatanda\u015fl\u0131\u011f\u0131n\u0131n kazan\u0131lmas\u0131 i\u00e7in gerekli t\u00fcm  ba\u015fvuru s\u00fcre\u00e7lerinde hukuki destek vermektedir. Ayr\u0131nt\u0131l\u0131 bilgi i\u00e7in bizimle ileti\u015fime ge\u00e7ebilirsiniz.<\/p>\n<\/div><div class=\"bt_bb_separator bt_bb_bottom_spacing_small bt_bb_border_style_none\"><\/div><\/div><\/div><\/div><\/div><\/div><\/div><\/div><\/div><\/section><\/div>","protected":false},"excerpt":{"rendered":"","protected":false},"author":1,"featured_media":0,"parent":3700,"menu_order":0,"comment_status":"closed","ping_status":"closed","template":"","meta":[],"yoast_head":"<!-- This site is optimized with the Yoast SEO plugin v16.8 - https:\/\/yoast.com\/wordpress\/plugins\/seo\/ -->\n<title>ACQUIRING TURKISH CITIZENSHIP BY MARRIAGE - CANAYDIN Law Firm<\/title>\n<meta name=\"robots\" content=\"index, follow, max-snippet:-1, max-image-preview:large, max-video-preview:-1\" \/>\n<link rel=\"canonical\" href=\"https:\/\/www.canaydin.av.tr\/tr\/citizenship-law-2\/acquiring-turkish-citizenship-by-marriage\/\" \/>\n<meta property=\"og:locale\" content=\"tr_TR\" \/>\n<meta property=\"og:type\" content=\"article\" \/>\n<meta property=\"og:title\" content=\"ACQUIRING TURKISH CITIZENSHIP BY MARRIAGE - CANAYDIN Law Firm\" \/>\n<meta property=\"og:url\" content=\"https:\/\/www.canaydin.av.tr\/tr\/citizenship-law-2\/acquiring-turkish-citizenship-by-marriage\/\" \/>\n<meta property=\"og:site_name\" content=\"CANAYDIN Law Firm\" \/>\n<meta property=\"article:publisher\" content=\"https:\/\/www.facebook.com\/Canayd%c4%b1n-Law-Firm-108564714824327\" \/>\n<meta property=\"article:modified_time\" content=\"2023-06-15T07:24:24+00:00\" \/>\n<meta property=\"og:image\" content=\"https:\/\/www.canaydin.av.tr\/wp-content\/uploads\/2021\/07\/Logo-Canaydin.png\" \/>\n\t<meta property=\"og:image:width\" content=\"3733\" \/>\n\t<meta property=\"og:image:height\" content=\"1029\" \/>\n<meta name=\"twitter:card\" content=\"summary_large_image\" \/>\n<meta name=\"twitter:label1\" content=\"Tahmini okuma s\u00fcresi\" \/>\n\t<meta name=\"twitter:data1\" content=\"4 dakika\" \/>\n<script type=\"application\/ld+json\" class=\"yoast-schema-graph\">{\"@context\":\"https:\/\/schema.org\",\"@graph\":[{\"@type\":\"Organization\",\"@id\":\"https:\/\/www.canaydin.av.tr\/#organization\",\"name\":\"Canaydin Law Firm\",\"url\":\"https:\/\/www.canaydin.av.tr\/\",\"sameAs\":[\"https:\/\/www.facebook.com\/Canayd\\u0131n-Law-Firm-108564714824327\",\"https:\/\/instagram.com\/canaydinlawfirm\",\"https:\/\/www.linkedin.com\/company\/canaydin-law-firm\/\",\"https:\/\/www.youtube.com\/channel\/UCAioITA_h23oo3pWmEAgMfQ\"],\"logo\":{\"@type\":\"ImageObject\",\"@id\":\"https:\/\/www.canaydin.av.tr\/#logo\",\"inLanguage\":\"tr\",\"url\":\"https:\/\/www.canaydin.av.tr\/wp-content\/uploads\/2021\/07\/Logo-Canaydin.png\",\"contentUrl\":\"https:\/\/www.canaydin.av.tr\/wp-content\/uploads\/2021\/07\/Logo-Canaydin.png\",\"width\":3733,\"height\":1029,\"caption\":\"Canaydin Law Firm\"},\"image\":{\"@id\":\"https:\/\/www.canaydin.av.tr\/#logo\"}},{\"@type\":\"WebSite\",\"@id\":\"https:\/\/www.canaydin.av.tr\/#website\",\"url\":\"https:\/\/www.canaydin.av.tr\/\",\"name\":\"CANAYDIN Law Firm\",\"description\":\"\",\"publisher\":{\"@id\":\"https:\/\/www.canaydin.av.tr\/#organization\"},\"potentialAction\":[{\"@type\":\"SearchAction\",\"target\":{\"@type\":\"EntryPoint\",\"urlTemplate\":\"https:\/\/www.canaydin.av.tr\/?s={search_term_string}\"},\"query-input\":\"required name=search_term_string\"}],\"inLanguage\":\"tr\"},{\"@type\":\"WebPage\",\"@id\":\"https:\/\/www.canaydin.av.tr\/citizenship-law-2\/acquiring-turkish-citizenship-by-marriage\/#webpage\",\"url\":\"https:\/\/www.canaydin.av.tr\/citizenship-law-2\/acquiring-turkish-citizenship-by-marriage\/\",\"name\":\"ACQUIRING TURKISH CITIZENSHIP BY MARRIAGE - CANAYDIN Law Firm\",\"isPartOf\":{\"@id\":\"https:\/\/www.canaydin.av.tr\/#website\"},\"datePublished\":\"2021-06-12T13:28:58+00:00\",\"dateModified\":\"2023-06-15T07:24:24+00:00\",\"breadcrumb\":{\"@id\":\"https:\/\/www.canaydin.av.tr\/citizenship-law-2\/acquiring-turkish-citizenship-by-marriage\/#breadcrumb\"},\"inLanguage\":\"tr\",\"potentialAction\":[{\"@type\":\"ReadAction\",\"target\":[\"https:\/\/www.canaydin.av.tr\/citizenship-law-2\/acquiring-turkish-citizenship-by-marriage\/\"]}]},{\"@type\":\"BreadcrumbList\",\"@id\":\"https:\/\/www.canaydin.av.tr\/citizenship-law-2\/acquiring-turkish-citizenship-by-marriage\/#breadcrumb\",\"itemListElement\":[{\"@type\":\"ListItem\",\"position\":1,\"name\":\"Anasayfa\",\"item\":\"https:\/\/www.canaydin.av.tr\/\"},{\"@type\":\"ListItem\",\"position\":2,\"name\":\"CITIZENSHIP LAW\",\"item\":\"https:\/\/www.canaydin.av.tr\/citizenship-law-2\/\"},{\"@type\":\"ListItem\",\"position\":3,\"name\":\"ACQUIRING TURKISH CITIZENSHIP BY MARRIAGE\"}]}]}<\/script>\n<!-- \/ Yoast SEO plugin. -->","yoast_head_json":{"title":"ACQUIRING TURKISH CITIZENSHIP BY MARRIAGE - CANAYDIN Law Firm","robots":{"index":"index","follow":"follow","max-snippet":"max-snippet:-1","max-image-preview":"max-image-preview:large","max-video-preview":"max-video-preview:-1"},"canonical":"https:\/\/www.canaydin.av.tr\/tr\/citizenship-law-2\/acquiring-turkish-citizenship-by-marriage\/","og_locale":"tr_TR","og_type":"article","og_title":"ACQUIRING TURKISH CITIZENSHIP BY MARRIAGE - CANAYDIN Law Firm","og_url":"https:\/\/www.canaydin.av.tr\/tr\/citizenship-law-2\/acquiring-turkish-citizenship-by-marriage\/","og_site_name":"CANAYDIN Law Firm","article_publisher":"https:\/\/www.facebook.com\/Canayd%c4%b1n-Law-Firm-108564714824327","article_modified_time":"2023-06-15T07:24:24+00:00","og_image":[{"width":3733,"height":1029,"url":"https:\/\/www.canaydin.av.tr\/wp-content\/uploads\/2021\/07\/Logo-Canaydin.png","path":"\/home\/u616560269\/domains\/canaydin.av.tr\/public_html\/wp-content\/uploads\/2021\/07\/Logo-Canaydin.png","size":"full","id":3987,"alt":"","pixels":3841257,"type":"image\/png"}],"twitter_card":"summary_large_image","twitter_misc":{"Tahmini okuma s\u00fcresi":"4 dakika"},"schema":{"@context":"https:\/\/schema.org","@graph":[{"@type":"Organization","@id":"https:\/\/www.canaydin.av.tr\/#organization","name":"Canaydin Law Firm","url":"https:\/\/www.canaydin.av.tr\/","sameAs":["https:\/\/www.facebook.com\/Canayd\u0131n-Law-Firm-108564714824327","https:\/\/instagram.com\/canaydinlawfirm","https:\/\/www.linkedin.com\/company\/canaydin-law-firm\/","https:\/\/www.youtube.com\/channel\/UCAioITA_h23oo3pWmEAgMfQ"],"logo":{"@type":"ImageObject","@id":"https:\/\/www.canaydin.av.tr\/#logo","inLanguage":"tr","url":"https:\/\/www.canaydin.av.tr\/wp-content\/uploads\/2021\/07\/Logo-Canaydin.png","contentUrl":"https:\/\/www.canaydin.av.tr\/wp-content\/uploads\/2021\/07\/Logo-Canaydin.png","width":3733,"height":1029,"caption":"Canaydin Law Firm"},"image":{"@id":"https:\/\/www.canaydin.av.tr\/#logo"}},{"@type":"WebSite","@id":"https:\/\/www.canaydin.av.tr\/#website","url":"https:\/\/www.canaydin.av.tr\/","name":"CANAYDIN Law Firm","description":"","publisher":{"@id":"https:\/\/www.canaydin.av.tr\/#organization"},"potentialAction":[{"@type":"SearchAction","target":{"@type":"EntryPoint","urlTemplate":"https:\/\/www.canaydin.av.tr\/?s={search_term_string}"},"query-input":"required name=search_term_string"}],"inLanguage":"tr"},{"@type":"WebPage","@id":"https:\/\/www.canaydin.av.tr\/citizenship-law-2\/acquiring-turkish-citizenship-by-marriage\/#webpage","url":"https:\/\/www.canaydin.av.tr\/citizenship-law-2\/acquiring-turkish-citizenship-by-marriage\/","name":"ACQUIRING TURKISH CITIZENSHIP BY MARRIAGE - CANAYDIN Law Firm","isPartOf":{"@id":"https:\/\/www.canaydin.av.tr\/#website"},"datePublished":"2021-06-12T13:28:58+00:00","dateModified":"2023-06-15T07:24:24+00:00","breadcrumb":{"@id":"https:\/\/www.canaydin.av.tr\/citizenship-law-2\/acquiring-turkish-citizenship-by-marriage\/#breadcrumb"},"inLanguage":"tr","potentialAction":[{"@type":"ReadAction","target":["https:\/\/www.canaydin.av.tr\/citizenship-law-2\/acquiring-turkish-citizenship-by-marriage\/"]}]},{"@type":"BreadcrumbList","@id":"https:\/\/www.canaydin.av.tr\/citizenship-law-2\/acquiring-turkish-citizenship-by-marriage\/#breadcrumb","itemListElement":[{"@type":"ListItem","position":1,"name":"Anasayfa","item":"https:\/\/www.canaydin.av.tr\/"},{"@type":"ListItem","position":2,"name":"CITIZENSHIP LAW","item":"https:\/\/www.canaydin.av.tr\/citizenship-law-2\/"},{"@type":"ListItem","position":3,"name":"ACQUIRING TURKISH CITIZENSHIP BY MARRIAGE"}]}]}},"_links":{"self":[{"href":"https:\/\/www.canaydin.av.tr\/tr\/wp-json\/wp\/v2\/pages\/3739"}],"collection":[{"href":"https:\/\/www.canaydin.av.tr\/tr\/wp-json\/wp\/v2\/pages"}],"about":[{"href":"https:\/\/www.canaydin.av.tr\/tr\/wp-json\/wp\/v2\/types\/page"}],"author":[{"embeddable":true,"href":"https:\/\/www.canaydin.av.tr\/tr\/wp-json\/wp\/v2\/users\/1"}],"replies":[{"embeddable":true,"href":"https:\/\/www.canaydin.av.tr\/tr\/wp-json\/wp\/v2\/comments?post=3739"}],"version-history":[{"count":2,"href":"https:\/\/www.canaydin.av.tr\/tr\/wp-json\/wp\/v2\/pages\/3739\/revisions"}],"predecessor-version":[{"id":3915,"href":"https:\/\/www.canaydin.av.tr\/tr\/wp-json\/wp\/v2\/pages\/3739\/revisions\/3915"}],"up":[{"embeddable":true,"href":"https:\/\/www.canaydin.av.tr\/tr\/wp-json\/wp\/v2\/pages\/3700"}],"wp:attachment":[{"href":"https:\/\/www.canaydin.av.tr\/tr\/wp-json\/wp\/v2\/media?parent=3739"}],"curies":[{"name":"wp","href":"https:\/\/api.w.org\/{rel}","templated":true}]}}