{"id":3737,"date":"2021-06-12T16:27:36","date_gmt":"2021-06-12T13:27:36","guid":{"rendered":"http:\/\/www.canaydin.av.tr\/?page_id=3737"},"modified":"2023-06-15T10:24:24","modified_gmt":"2023-06-15T07:24:24","slug":"acquiring-turkish-citizenship-by-general-terms","status":"publish","type":"page","link":"https:\/\/www.canaydin.av.tr\/tr\/citizenship-law-2\/acquiring-turkish-citizenship-by-general-terms\/","title":{"rendered":"GENEL YOLLA T\u00dcRK VATANDA\u015eLI\u011eININ KAZANILMASI"},"content":{"rendered":"<div class=\"bt_bb_wrapper\"><section id=\"bt_bb_section69e11d637400e\"  class=\"bt_bb_section bt_bb_top_spacing_large bt_bb_bottom_spacing_large bt_bb_color_scheme_10 bt_bb_layout_boxed_1200 bt_bb_vertical_align_top\" style=\";background-color:#0f1625;\"><div class=\"bt_bb_port\"><div class=\"bt_bb_cell\"><div class=\"bt_bb_cell_inner\"><\/div><\/div><\/div><\/section><section id=\"bt_bb_section69e11d637405c\"  class=\"bt_bb_section bt_bb_layout_wide bt_bb_vertical_align_top bt_bb_negative_margin_large\" ><div class=\"bt_bb_port\"><div class=\"bt_bb_cell\"><div class=\"bt_bb_cell_inner\"><div class=\"bt_bb_row_wrapper\"><div  class=\"bt_bb_row bt_bb_layout_special btOverlapRight\" ><div  class=\"bt_bb_column col-xl-6 bt_bb_align_left bt_bb_padding_normal\"  data-width=\"6\" data-bt-override-class=\"{&quot;bt_bb_align_&quot;:{&quot;current_class&quot;:&quot;bt_bb_align_left&quot;,&quot;xl&quot;:&quot;left&quot;}}\"><div class=\"bt_bb_column_content bt_bb_vertical_align_top bt_bb_color_scheme_ bt_bb_column_background_image\" style=\"background-image:url(&#039;https:\/\/www.canaydin.av.tr\/wp-content\/uploads\/2019\/10\/background_02.jpg&#039;);\"><div class=\"bt_bb_column_content_inner\"><\/div><\/div><\/div><div  class=\"bt_bb_column col-xl-6 btWithIcon bt_bb_align_left bt_bb_icon_color_scheme_6 bt_bb_padding_normal bt_bb_animation_fade_in animate\" style=\"; --column-icon-primary-color:#ffffff; --column-icon-secondary-color:#b07c4b;\" data-width=\"6\" data-bt-override-class=\"{&quot;bt_bb_align_&quot;:{&quot;current_class&quot;:&quot;bt_bb_align_left&quot;,&quot;xl&quot;:&quot;left&quot;}}\"><div class=\"bt_bb_column_content bt_bb_vertical_align_top bt_bb_color_scheme_\"><div class=\"bt_bb_column_icon\"><span  data-ico-law=\"&#xf13e;\" class=\"bt_bb_icon_holder\"><\/span><\/div><div class=\"bt_bb_column_content_inner\"><header class=\"bt_bb_headline bt_bb_color_scheme_14 bt_bb_dash_none bt_bb_size_normal bt_bb_align_inherit\" data-bt-override-class=\"{&quot;bt_bb_align_&quot;:{&quot;current_class&quot;:&quot;bt_bb_align_inherit&quot;,&quot;xl&quot;:&quot;inherit&quot;}}\"><h3 class=\"bt_bb_headline_tag\"><span class=\"bt_bb_headline_content\"><span>Do\u011fum ile T\u00fcrk Vatanda\u015fl\u0131\u011f\u0131n\u0131n Kazan\u0131lmas\u0131<\/span><\/span><\/h3><\/header><div class=\"bt_bb_separator bt_bb_bottom_spacing_normal bt_bb_border_style_none\"><\/div><div  class=\"bt_bb_text\" ><p>T\u00fcrk vatanda\u015fl\u0131\u011f\u0131n\u0131n genel yolla kazan\u0131lmas\u0131 T\u00fcrkiye\u2019de kesintisiz toplam 5 y\u0131l ge\u00e7iren ve Vatanda\u015fl\u0131k kanununda belirtilen di\u011fer \u015fartlar\u0131 ta\u015f\u0131yan yabanc\u0131 ki\u015filere tan\u0131nan bir hakt\u0131r. Yabanc\u0131 ki\u015fi gerekli \u015fartlar\u0131 ta\u015f\u0131mas\u0131 halinde vatanda\u015fl\u0131k ba\u015fvurusu yapabilir. Ancak Yabanc\u0131 ki\u015fi t\u00fcm \u015fartlar\u0131 ta\u015f\u0131mas\u0131 vatanda\u015fl\u0131\u011fa otomatik olarak kabul edilece\u011fi anlam\u0131na gelmez, idarenin takdir yetkisi sakl\u0131d\u0131r.<\/p>\n<\/div><div class=\"bt_bb_separator bt_bb_top_spacing_small bt_bb_bottom_spacing_normal bt_bb_border_style_none\"><\/div><div class=\"bt_bb_button bt_bb_color_scheme_3 bt_bb_style_clean bt_bb_size_large bt_bb_width_inline bt_bb_shape_inherit bt_bb_align_inherit\" style=\"; --button-primary-color:#b07c4b; --button-secondary-color:#191919;\" data-bt-override-class=\"{&quot;bt_bb_size_&quot;:{&quot;current_class&quot;:&quot;bt_bb_size_large&quot;,&quot;xl&quot;:&quot;large&quot;},&quot;bt_bb_align_&quot;:{&quot;current_class&quot;:&quot;bt_bb_align_inherit&quot;,&quot;xl&quot;:&quot;inherit&quot;}}\"><a href=\"https:\/\/www.canaydin.av.tr\/tr\/contact\/\" target=\"_self\" class=\"bt_bb_link\" title=\"B\u0130Z\u0130MLE \u0130LET\u0130\u015e\u0130ME GE\u00c7\u0130N\"><span class=\"bt_bb_button_text\">B\u0130Z\u0130MLE \u0130LET\u0130\u015e\u0130ME GE\u00c7\u0130N<\/span><\/a><\/div><\/div><\/div><\/div><\/div><\/div><\/div><\/div><\/div><\/section><section id=\"bt_bb_section69e11d637489d\"  class=\"bt_bb_section bt_bb_top_spacing_large bt_bb_bottom_spacing_large bt_bb_layout_boxed_1200 bt_bb_vertical_align_top\" ><div class=\"bt_bb_port\"><div class=\"bt_bb_cell\"><div class=\"bt_bb_cell_inner\"><div class=\"bt_bb_row_wrapper\"><div  class=\"bt_bb_row\" ><div  class=\"bt_bb_column col-xl-12 col-xs-12 col-sm-12 col-md-12 col-lg-12 bt_bb_align_left bt_bb_padding_normal bt_bb_animation_fade_in animate\"  data-width=\"12\" data-bt-override-class=\"{&quot;bt_bb_align_&quot;:{&quot;current_class&quot;:&quot;bt_bb_align_left&quot;,&quot;xl&quot;:&quot;left&quot;}}\"><div class=\"bt_bb_column_content bt_bb_vertical_align_top bt_bb_color_scheme_\"><div class=\"bt_bb_column_content_inner\"><div  class=\"bt_bb_text\" ><p><u>T\u00fcrk vatanda\u015fl\u0131\u011f\u0131n\u0131 kazanmak isteyen yabanc\u0131lar ki\u015filerin sa\u011flamas\u0131 gereken \u015fartlar T\u00fcrk Vatanda\u015fl\u0131k Kanununda \u015fu \u015fekilde d\u00fczenlenmi\u015ftir: <\/u><\/p>\n<ol>\n<li>Ergin ve ay\u0131rt etme g\u00fcc\u00fcne sahip olmal\u0131,<\/li>\n<li>Ba\u015fvuru tarihinden geriye do\u011fru T\u00fcrkiye'de kesintisiz be\u015f y\u0131l ikamet etmi\u015f olmak.<\/li>\n<li>T\u00fcrkiye'de yerle\u015fmeye karar verdi\u011fini davran\u0131\u015flar\u0131 ile teyit etmek; T\u00fcrkiye'de ta\u015f\u0131nmaz mal edinmek, i\u015f kurmak, yat\u0131r\u0131m yapmak, ticaret ve i\u015f merkezini T\u00fcrkiye'ye nakletmek, \u00e7al\u0131\u015fma iznine tabi olarak bir i\u015f yerinde \u00e7al\u0131\u015fmak ve benzeri davran\u0131\u015flarla teyit etmi\u015f olmak veya T\u00fcrk vatanda\u015f\u0131 ile evlenmek, ailece m\u00fcracaat etmek, daha \u00f6nce T\u00fcrk vatanda\u015fl\u0131\u011f\u0131n\u0131 kazanm\u0131\u015f olan ana, baba, karde\u015f ya da \u00e7ocuk sahibi olmak veya e\u011fitimini T\u00fcrkiye'de tamamlamal\u0131.<\/li>\n<li>Genel sa\u011fl\u0131k bak\u0131m\u0131ndan tehlike te\u015fkil eden bir hastal\u0131\u011f\u0131 bulunmamal\u0131.<\/li>\n<li>\u0130yi ahlak sahibi olmal\u0131, davran\u0131\u015flar\u0131 ile \u00e7evresine g\u00fcven vermeli, toplumca ho\u015f kar\u015f\u0131lanmayan ve toplum de\u011ferlerine ayk\u0131r\u0131 k\u00f6t\u00fc al\u0131\u015fkanl\u0131\u011f\u0131 bulunmamal\u0131.<\/li>\n<li>Toplumsal ya\u015fama uyum sa\u011flayabilecek d\u00fczeyde T\u00fcrk\u00e7e konu\u015fabilmeli.<\/li>\n<li>T\u00fcrkiye'de kendisinin ve bakmakla y\u00fck\u00fcml\u00fc oldu\u011fu kimselerin ge\u00e7imini sa\u011flayacak gelire veya mesle\u011fe sahip olmal\u0131.<\/li>\n<\/ol>\n<p>Mill\u00ee g\u00fcvenlik ve kamu d\u00fczeni bak\u0131m\u0131ndan engel te\u015fkil edecek bir hali bulunmamal\u0131. Bu \u015fartlar\u0131n k\u00fcm\u00fclatif olarak sa\u011flanmas\u0131 halinde yabanc\u0131 ki\u015fi T\u00fcrk vatanda\u015fl\u0131\u011f\u0131na ba\u015fvuru ger\u00e7ekle\u015ftirebilmektedir.<\/p>\n<p><strong>T\u00fcrkiye\u2019de \u0130kamet \u015eart\u0131<\/strong><\/p>\n<p>Yabanc\u0131 ki\u015filerin T\u00fcrk vatanda\u015fl\u0131\u011f\u0131n\u0131 genel yolla kazanabilmeleri i\u00e7in T\u00fcrkiye\u2019de kesintisiz 5 y\u0131l ikamet \u015fart\u0131n\u0131 sa\u011flamalar\u0131 gerekmektedir.<\/p>\n<p>T\u00fcrk vatanda\u015fl\u0131\u011f\u0131n\u0131n kazan\u0131lmas\u0131 i\u00e7in ikamet izni \u015fart\u0131n\u0131 sa\u011flamayan haller TVK. Y\u00f6netmeli\u011finde \u015fu \u015fekilde say\u0131lm\u0131\u015ft\u0131r:<\/p>\n<ol>\n<li><em>S\u0131\u011f\u0131nma veya iltica ba\u015fvuru sahibi, s\u0131\u011f\u0131nmac\u0131, <\/em><\/li>\n<li><em>\u00a0\u00d6\u011frenim, turistik, \u00f6\u011frenim g\u00f6ren \u00e7ocu\u011funa refakat, tedavi gibi ama\u00e7larla al\u0131nan ikamet tezkeresi <\/em><\/li>\n<li><em>Diplomatik veya kons\u00fcller ayr\u0131cal\u0131kla ba\u011f\u0131\u015f\u0131kl\u0131k sa\u011flayan yabanc\u0131 misyon personeli kimlik kart\u0131yla T\u00fcrkiye\u2019de ikamet edilmesi, <\/em><\/li>\n<\/ol>\n<p><em>\u00a0<\/em><\/p>\n<p><em>T\u00fcrk vatanda\u015fl\u0131\u011f\u0131n\u0131n genel yolla kazan\u0131lmas\u0131nda ge\u00e7erli ikamet olarak kabul edilmez. <\/em><\/p>\n<p>Vatanda\u015fl\u0131k kanunu ve Vatanda\u015fl\u0131k Kanunu Y\u00f6netmeli\u011fi incelendi\u011finde yabanc\u0131 ki\u015filerin uzun d\u00f6nem, aile, ta\u015f\u0131nmaz edinimi ile ikamet izinleri ve \u00e7al\u0131\u015fma izinleri ile T\u00fcrkiye\u2019de ge\u00e7irdikleri s\u00fcreler be\u015f y\u0131ll\u0131k genel yolla vatanda\u015fl\u0131\u011f\u0131n kazan\u0131lmas\u0131 i\u00e7in ge\u00e7erli say\u0131lmaktad\u0131r.<\/p>\n<p>Ancak \u0130kamet izinlerine istisna olarak vatanda\u015fl\u0131k y\u00f6netmeli\u011fi TVK. Y\u00f6netmeli\u011fi Madde 71\/1-d bendinde \u015fu h\u00fck\u00fcm yer almaktad\u0131r:<\/p>\n<p><em>'\u2019T\u00fcrk vatanda\u015fl\u0131\u011f\u0131n\u0131n kazan\u0131lmas\u0131nda kabul edilmeyen ikamet nedenleri ile T\u00fcrkiye\u2019de bulunan ki\u015finin sonradan ge\u00e7erli say\u0131lan bir nedenle ikamete ba\u011flanmas\u0131 halinde \u00f6nceki ikamet s\u00fcreleri de hesaba kat\u0131l\u0131r. Bu h\u00fck\u00fcm, turistik ama\u00e7l\u0131 ikamet tezkeresi ile T\u00fcrkiye\u2019de bulunanlar hakk\u0131nda uygulanmaz\u2019\u2019 <\/em><\/p>\n<p>Y\u00f6netmelikteki bu istisna ile turistik ama\u00e7l\u0131 ikamet tezkeresi haricinde T\u00fcrkiye\u2019de genel yolla vatanda\u015fl\u0131\u011f\u0131n kazan\u0131lmas\u0131 i\u00e7in uygun ikamet izinlerinden birine sahip olmayan ki\u015fi sonras\u0131nda genel yolla vatanda\u015fl\u0131\u011f\u0131 kazan\u0131lmas\u0131 i\u00e7in uygun olan bir ikamet iznine ge\u00e7i\u015f yapt\u0131\u011f\u0131nda yabanc\u0131 ki\u015filer hem genel yolla vatanda\u015fl\u0131\u011f\u0131n kazan\u0131lmas\u0131 i\u00e7in ba\u015fvuru hakk\u0131na sahip olmaktad\u0131r hem de \u00f6nceki ikamet izni ile T\u00fcrkiye\u2019de ge\u00e7irdikleri s\u00fcre de be\u015f y\u0131ll\u0131k s\u00fcre i\u00e7in ge\u00e7erli say\u0131lmaktad\u0131r.<\/p>\n<p>Bu \u015fu anlama gelmektedir: T\u00fcrkiye\u2019de \u00f6\u011frenim yoluyla ikamet eden yabanc\u0131 ki\u015fi \u00f6\u011frenim ikamet iznini Ta\u015f\u0131nmaz edenimi ile ikamet iznine \u00e7evirmesi halinde daha \u00f6ncesinde \u00f6\u011frenim ikamet izni ile T\u00fcrkiye\u2019de ge\u00e7irdi\u011fi s\u00fcrelerde genel yolla vatanda\u015fl\u0131k i\u00e7in ge\u00e7erli say\u0131lacakt\u0131r.<\/p>\n<p><strong>T\u00fcrkiye\u2019de Kal\u0131nan Be\u015f Y\u0131ll\u0131k S\u00fcrenin Hesaplanmas\u0131<\/strong><\/p>\n<p>T\u00fcrk vatanda\u015fl\u0131k kanunu 15. Maddesinde yabanc\u0131 ki\u015filerin genel yolla T\u00fcrk vatanda\u015fl\u0131\u011f\u0131n\u0131n kazan\u0131lmas\u0131 i\u00e7in T\u00fcrkiye\u2019de ge\u00e7irmesi gereken be\u015f y\u0131ll\u0131k s\u00fcrenin nas\u0131l hesaplanaca\u011f\u0131 a\u00e7\u0131k\u00e7a d\u00fczenlenmi\u015ftir.<\/p>\n<p><strong><u>Bu maddeye g\u00f6re yabanc\u0131 ki\u015filer be\u015f y\u0131ll\u0131k s\u00fcre i\u00e7erisinde toplam bir y\u0131l\u0131 a\u015fmamak \u00fczere T\u00fcrkiye d\u0131\u015f\u0131nda bulunabilir \u015feklinde d\u00fczenlenmi\u015ftir. <\/u><\/strong><\/p>\n<p>Yabanc\u0131 ki\u015fi T\u00fcrkiye\u2019de ikamet edilen be\u015f y\u0131ll\u0131k s\u00fcre i\u00e7erisinde yurtd\u0131\u015f\u0131nda toplam bir y\u0131ldan fazla bulunmas\u0131 halinde genel yolla T\u00fcrk vatanda\u015fl\u0131\u011f\u0131na ba\u015fvuru hakk\u0131n\u0131 kaybetmektedir.<\/p>\n<p>Bu s\u00fcre Vatanda\u015fl\u0131k y\u00f6netmeli\u011finde d\u00fczenlenen h\u00fck\u00fcm gere\u011fi yabanc\u0131 ki\u015finin ikamet etti\u011fi il emniyet m\u00fcd\u00fcrl\u00fc\u011f\u00fc taraf\u0131ndan verilen ikamet tezkeresi ve T\u00fcrkiye\u2019ye giri\u015f-\u00e7\u0131k\u0131\u015f kay\u0131tlar\u0131n\u0131 g\u00f6steren belgeye g\u00f6re belirlenir.<\/p>\n<p><strong>Sonu\u00e7<\/strong><\/p>\n<p>Yabanc\u0131 ki\u015fi kanunda belirtilen be\u015f y\u0131l s\u00fcrenin hesaba kat\u0131ld\u0131\u011f\u0131 ikamet izinleri ile T\u00fcrkiye\u2019de ikamet etmi\u015f olmak, iyi ahlak sahibi olmak, kamu sa\u011fl\u0131\u011f\u0131na tehlike te\u015fkil etmemek, davran\u0131\u015flar\u0131 ile T\u00fcrkiye\u2019de ya\u015fam kurma iste\u011fini g\u00f6sterecek ad\u0131mlar atm\u0131\u015f olmak, genel ileti\u015fim kurabilecek \u015fekilde T\u00fcrk\u00e7e konu\u015fabilmek, kendi ve aile bireylerini ge\u00e7indirebilecek gelire sahip olmak ve kamu g\u00fcvenli\u011fine engel te\u015fkil etmemek \u015fartlar\u0131n\u0131n hepsini ta\u015f\u0131mas\u0131 halinde genel yolla T\u00fcrk vatanda\u015fl\u0131\u011f\u0131na ba\u015fvuru hakk\u0131 elde etmektedir.<\/p>\n<p>B\u00fcromuz, uzman kadrosu ile T\u00fcrk vatanda\u015fl\u0131\u011f\u0131n\u0131n genel yolla kazan\u0131lmas\u0131 i\u00e7in gerekli t\u00fcm ba\u015fvuru a\u015famalar\u0131nda hukuki dan\u0131\u015fmanl\u0131k ve avukatl\u0131k hizmeti vermektedir. Ayr\u0131nt\u0131l\u0131 bilgi i\u00e7in bizimle ileti\u015fime ge\u00e7ebilirsiniz.<\/p>\n<\/div><div class=\"bt_bb_separator bt_bb_bottom_spacing_small bt_bb_border_style_none\"><\/div><\/div><\/div><\/div><\/div><\/div><\/div><\/div><\/div><\/section><\/div>","protected":false},"excerpt":{"rendered":"","protected":false},"author":1,"featured_media":0,"parent":3700,"menu_order":0,"comment_status":"closed","ping_status":"closed","template":"","meta":[],"yoast_head":"<!-- This site is optimized with the Yoast SEO plugin v16.8 - https:\/\/yoast.com\/wordpress\/plugins\/seo\/ -->\n<title>ACQUIRING TURKISH CITIZENSHIP BY GENERAL TERMS - CANAYDIN Law Firm<\/title>\n<meta name=\"robots\" content=\"index, follow, max-snippet:-1, max-image-preview:large, max-video-preview:-1\" \/>\n<link rel=\"canonical\" href=\"https:\/\/www.canaydin.av.tr\/tr\/citizenship-law-2\/acquiring-turkish-citizenship-by-general-terms\/\" \/>\n<meta property=\"og:locale\" content=\"tr_TR\" \/>\n<meta property=\"og:type\" content=\"article\" \/>\n<meta property=\"og:title\" content=\"ACQUIRING TURKISH CITIZENSHIP BY GENERAL TERMS - CANAYDIN Law Firm\" \/>\n<meta property=\"og:url\" content=\"https:\/\/www.canaydin.av.tr\/tr\/citizenship-law-2\/acquiring-turkish-citizenship-by-general-terms\/\" \/>\n<meta property=\"og:site_name\" content=\"CANAYDIN Law Firm\" \/>\n<meta property=\"article:publisher\" content=\"https:\/\/www.facebook.com\/Canayd%c4%b1n-Law-Firm-108564714824327\" \/>\n<meta property=\"article:modified_time\" content=\"2023-06-15T07:24:24+00:00\" \/>\n<meta property=\"og:image\" content=\"https:\/\/www.canaydin.av.tr\/wp-content\/uploads\/2021\/07\/Logo-Canaydin.png\" \/>\n\t<meta property=\"og:image:width\" content=\"3733\" \/>\n\t<meta property=\"og:image:height\" content=\"1029\" \/>\n<meta name=\"twitter:card\" content=\"summary_large_image\" \/>\n<meta name=\"twitter:label1\" content=\"Tahmini okuma s\u00fcresi\" \/>\n\t<meta name=\"twitter:data1\" content=\"8 dakika\" \/>\n<script type=\"application\/ld+json\" class=\"yoast-schema-graph\">{\"@context\":\"https:\/\/schema.org\",\"@graph\":[{\"@type\":\"Organization\",\"@id\":\"https:\/\/www.canaydin.av.tr\/#organization\",\"name\":\"Canaydin Law Firm\",\"url\":\"https:\/\/www.canaydin.av.tr\/\",\"sameAs\":[\"https:\/\/www.facebook.com\/Canayd\\u0131n-Law-Firm-108564714824327\",\"https:\/\/instagram.com\/canaydinlawfirm\",\"https:\/\/www.linkedin.com\/company\/canaydin-law-firm\/\",\"https:\/\/www.youtube.com\/channel\/UCAioITA_h23oo3pWmEAgMfQ\"],\"logo\":{\"@type\":\"ImageObject\",\"@id\":\"https:\/\/www.canaydin.av.tr\/#logo\",\"inLanguage\":\"tr\",\"url\":\"https:\/\/www.canaydin.av.tr\/wp-content\/uploads\/2021\/07\/Logo-Canaydin.png\",\"contentUrl\":\"https:\/\/www.canaydin.av.tr\/wp-content\/uploads\/2021\/07\/Logo-Canaydin.png\",\"width\":3733,\"height\":1029,\"caption\":\"Canaydin Law Firm\"},\"image\":{\"@id\":\"https:\/\/www.canaydin.av.tr\/#logo\"}},{\"@type\":\"WebSite\",\"@id\":\"https:\/\/www.canaydin.av.tr\/#website\",\"url\":\"https:\/\/www.canaydin.av.tr\/\",\"name\":\"CANAYDIN Law Firm\",\"description\":\"\",\"publisher\":{\"@id\":\"https:\/\/www.canaydin.av.tr\/#organization\"},\"potentialAction\":[{\"@type\":\"SearchAction\",\"target\":{\"@type\":\"EntryPoint\",\"urlTemplate\":\"https:\/\/www.canaydin.av.tr\/?s={search_term_string}\"},\"query-input\":\"required name=search_term_string\"}],\"inLanguage\":\"tr\"},{\"@type\":\"WebPage\",\"@id\":\"https:\/\/www.canaydin.av.tr\/citizenship-law-2\/acquiring-turkish-citizenship-by-general-terms\/#webpage\",\"url\":\"https:\/\/www.canaydin.av.tr\/citizenship-law-2\/acquiring-turkish-citizenship-by-general-terms\/\",\"name\":\"ACQUIRING TURKISH CITIZENSHIP BY GENERAL TERMS - CANAYDIN Law Firm\",\"isPartOf\":{\"@id\":\"https:\/\/www.canaydin.av.tr\/#website\"},\"datePublished\":\"2021-06-12T13:27:36+00:00\",\"dateModified\":\"2023-06-15T07:24:24+00:00\",\"breadcrumb\":{\"@id\":\"https:\/\/www.canaydin.av.tr\/citizenship-law-2\/acquiring-turkish-citizenship-by-general-terms\/#breadcrumb\"},\"inLanguage\":\"tr\",\"potentialAction\":[{\"@type\":\"ReadAction\",\"target\":[\"https:\/\/www.canaydin.av.tr\/citizenship-law-2\/acquiring-turkish-citizenship-by-general-terms\/\"]}]},{\"@type\":\"BreadcrumbList\",\"@id\":\"https:\/\/www.canaydin.av.tr\/citizenship-law-2\/acquiring-turkish-citizenship-by-general-terms\/#breadcrumb\",\"itemListElement\":[{\"@type\":\"ListItem\",\"position\":1,\"name\":\"Anasayfa\",\"item\":\"https:\/\/www.canaydin.av.tr\/\"},{\"@type\":\"ListItem\",\"position\":2,\"name\":\"CITIZENSHIP LAW\",\"item\":\"https:\/\/www.canaydin.av.tr\/citizenship-law-2\/\"},{\"@type\":\"ListItem\",\"position\":3,\"name\":\"ACQUIRING TURKISH CITIZENSHIP BY GENERAL TERMS\"}]}]}<\/script>\n<!-- \/ Yoast SEO plugin. -->","yoast_head_json":{"title":"ACQUIRING TURKISH CITIZENSHIP BY GENERAL TERMS - CANAYDIN Law Firm","robots":{"index":"index","follow":"follow","max-snippet":"max-snippet:-1","max-image-preview":"max-image-preview:large","max-video-preview":"max-video-preview:-1"},"canonical":"https:\/\/www.canaydin.av.tr\/tr\/citizenship-law-2\/acquiring-turkish-citizenship-by-general-terms\/","og_locale":"tr_TR","og_type":"article","og_title":"ACQUIRING TURKISH CITIZENSHIP BY GENERAL TERMS - CANAYDIN Law Firm","og_url":"https:\/\/www.canaydin.av.tr\/tr\/citizenship-law-2\/acquiring-turkish-citizenship-by-general-terms\/","og_site_name":"CANAYDIN Law Firm","article_publisher":"https:\/\/www.facebook.com\/Canayd%c4%b1n-Law-Firm-108564714824327","article_modified_time":"2023-06-15T07:24:24+00:00","og_image":[{"width":3733,"height":1029,"url":"https:\/\/www.canaydin.av.tr\/wp-content\/uploads\/2021\/07\/Logo-Canaydin.png","path":"\/home\/u616560269\/domains\/canaydin.av.tr\/public_html\/wp-content\/uploads\/2021\/07\/Logo-Canaydin.png","size":"full","id":3987,"alt":"","pixels":3841257,"type":"image\/png"}],"twitter_card":"summary_large_image","twitter_misc":{"Tahmini okuma s\u00fcresi":"8 dakika"},"schema":{"@context":"https:\/\/schema.org","@graph":[{"@type":"Organization","@id":"https:\/\/www.canaydin.av.tr\/#organization","name":"Canaydin Law Firm","url":"https:\/\/www.canaydin.av.tr\/","sameAs":["https:\/\/www.facebook.com\/Canayd\u0131n-Law-Firm-108564714824327","https:\/\/instagram.com\/canaydinlawfirm","https:\/\/www.linkedin.com\/company\/canaydin-law-firm\/","https:\/\/www.youtube.com\/channel\/UCAioITA_h23oo3pWmEAgMfQ"],"logo":{"@type":"ImageObject","@id":"https:\/\/www.canaydin.av.tr\/#logo","inLanguage":"tr","url":"https:\/\/www.canaydin.av.tr\/wp-content\/uploads\/2021\/07\/Logo-Canaydin.png","contentUrl":"https:\/\/www.canaydin.av.tr\/wp-content\/uploads\/2021\/07\/Logo-Canaydin.png","width":3733,"height":1029,"caption":"Canaydin Law Firm"},"image":{"@id":"https:\/\/www.canaydin.av.tr\/#logo"}},{"@type":"WebSite","@id":"https:\/\/www.canaydin.av.tr\/#website","url":"https:\/\/www.canaydin.av.tr\/","name":"CANAYDIN Law Firm","description":"","publisher":{"@id":"https:\/\/www.canaydin.av.tr\/#organization"},"potentialAction":[{"@type":"SearchAction","target":{"@type":"EntryPoint","urlTemplate":"https:\/\/www.canaydin.av.tr\/?s={search_term_string}"},"query-input":"required name=search_term_string"}],"inLanguage":"tr"},{"@type":"WebPage","@id":"https:\/\/www.canaydin.av.tr\/citizenship-law-2\/acquiring-turkish-citizenship-by-general-terms\/#webpage","url":"https:\/\/www.canaydin.av.tr\/citizenship-law-2\/acquiring-turkish-citizenship-by-general-terms\/","name":"ACQUIRING TURKISH CITIZENSHIP BY GENERAL TERMS - CANAYDIN Law Firm","isPartOf":{"@id":"https:\/\/www.canaydin.av.tr\/#website"},"datePublished":"2021-06-12T13:27:36+00:00","dateModified":"2023-06-15T07:24:24+00:00","breadcrumb":{"@id":"https:\/\/www.canaydin.av.tr\/citizenship-law-2\/acquiring-turkish-citizenship-by-general-terms\/#breadcrumb"},"inLanguage":"tr","potentialAction":[{"@type":"ReadAction","target":["https:\/\/www.canaydin.av.tr\/citizenship-law-2\/acquiring-turkish-citizenship-by-general-terms\/"]}]},{"@type":"BreadcrumbList","@id":"https:\/\/www.canaydin.av.tr\/citizenship-law-2\/acquiring-turkish-citizenship-by-general-terms\/#breadcrumb","itemListElement":[{"@type":"ListItem","position":1,"name":"Anasayfa","item":"https:\/\/www.canaydin.av.tr\/"},{"@type":"ListItem","position":2,"name":"CITIZENSHIP LAW","item":"https:\/\/www.canaydin.av.tr\/citizenship-law-2\/"},{"@type":"ListItem","position":3,"name":"ACQUIRING TURKISH CITIZENSHIP BY GENERAL TERMS"}]}]}},"_links":{"self":[{"href":"https:\/\/www.canaydin.av.tr\/tr\/wp-json\/wp\/v2\/pages\/3737"}],"collection":[{"href":"https:\/\/www.canaydin.av.tr\/tr\/wp-json\/wp\/v2\/pages"}],"about":[{"href":"https:\/\/www.canaydin.av.tr\/tr\/wp-json\/wp\/v2\/types\/page"}],"author":[{"embeddable":true,"href":"https:\/\/www.canaydin.av.tr\/tr\/wp-json\/wp\/v2\/users\/1"}],"replies":[{"embeddable":true,"href":"https:\/\/www.canaydin.av.tr\/tr\/wp-json\/wp\/v2\/comments?post=3737"}],"version-history":[{"count":2,"href":"https:\/\/www.canaydin.av.tr\/tr\/wp-json\/wp\/v2\/pages\/3737\/revisions"}],"predecessor-version":[{"id":3909,"href":"https:\/\/www.canaydin.av.tr\/tr\/wp-json\/wp\/v2\/pages\/3737\/revisions\/3909"}],"up":[{"embeddable":true,"href":"https:\/\/www.canaydin.av.tr\/tr\/wp-json\/wp\/v2\/pages\/3700"}],"wp:attachment":[{"href":"https:\/\/www.canaydin.av.tr\/tr\/wp-json\/wp\/v2\/media?parent=3737"}],"curies":[{"name":"wp","href":"https:\/\/api.w.org\/{rel}","templated":true}]}}