{"id":3731,"date":"2021-06-12T16:20:01","date_gmt":"2021-06-12T13:20:01","guid":{"rendered":"http:\/\/www.canaydin.av.tr\/?page_id=3731"},"modified":"2023-06-15T10:24:24","modified_gmt":"2023-06-15T07:24:24","slug":"turkish-citizenship-by-creating-jobs","status":"publish","type":"page","link":"https:\/\/www.canaydin.av.tr\/tr\/citizenship-law-2\/acquiring-turkish-citizenship-by-investment\/turkish-citizenship-by-creating-jobs\/","title":{"rendered":"\u0130\u015e\u00c7\u0130 \u0130ST\u0130HDAMI \u0130LE T\u00dcRK VATANDA\u015eLI\u011eININ KAZANILMASI"},"content":{"rendered":"<div class=\"bt_bb_wrapper\"><section id=\"bt_bb_section69e11dc6025e5\"  class=\"bt_bb_section bt_bb_top_spacing_large bt_bb_bottom_spacing_large bt_bb_color_scheme_10 bt_bb_layout_boxed_1200 bt_bb_vertical_align_top\" style=\";background-color:#0f1625;\"><div class=\"bt_bb_port\"><div class=\"bt_bb_cell\"><div class=\"bt_bb_cell_inner\"><\/div><\/div><\/div><\/section><section id=\"bt_bb_section69e11dc602656\"  class=\"bt_bb_section bt_bb_layout_wide bt_bb_vertical_align_top bt_bb_negative_margin_large\" ><div class=\"bt_bb_port\"><div class=\"bt_bb_cell\"><div class=\"bt_bb_cell_inner\"><div class=\"bt_bb_row_wrapper\"><div  class=\"bt_bb_row bt_bb_layout_special btOverlapRight\" ><div  class=\"bt_bb_column col-xl-6 bt_bb_align_left bt_bb_padding_normal\"  data-width=\"6\" data-bt-override-class=\"{&quot;bt_bb_align_&quot;:{&quot;current_class&quot;:&quot;bt_bb_align_left&quot;,&quot;xl&quot;:&quot;left&quot;}}\"><div class=\"bt_bb_column_content bt_bb_vertical_align_top bt_bb_color_scheme_ bt_bb_column_background_image\" style=\"background-image:url(&#039;https:\/\/www.canaydin.av.tr\/wp-content\/uploads\/2019\/10\/background_02.jpg&#039;);\"><div class=\"bt_bb_column_content_inner\"><\/div><\/div><\/div><div  class=\"bt_bb_column col-xl-6 btWithIcon bt_bb_align_left bt_bb_icon_color_scheme_6 bt_bb_padding_normal bt_bb_animation_fade_in animate\" style=\"; --column-icon-primary-color:#ffffff; --column-icon-secondary-color:#b07c4b;\" data-width=\"6\" data-bt-override-class=\"{&quot;bt_bb_align_&quot;:{&quot;current_class&quot;:&quot;bt_bb_align_left&quot;,&quot;xl&quot;:&quot;left&quot;}}\"><div class=\"bt_bb_column_content bt_bb_vertical_align_top bt_bb_color_scheme_\"><div class=\"bt_bb_column_icon\"><span  data-ico-law=\"&#xf13e;\" class=\"bt_bb_icon_holder\"><\/span><\/div><div class=\"bt_bb_column_content_inner\"><header class=\"bt_bb_headline bt_bb_color_scheme_14 bt_bb_dash_none bt_bb_size_normal bt_bb_align_inherit\" data-bt-override-class=\"{&quot;bt_bb_align_&quot;:{&quot;current_class&quot;:&quot;bt_bb_align_inherit&quot;,&quot;xl&quot;:&quot;inherit&quot;}}\"><h3 class=\"bt_bb_headline_tag\"><span class=\"bt_bb_headline_content\"><span>\u0130\u015e\u00c7\u0130 \u0130ST\u0130HDAMI \u0130LE T\u00dcRK VATANDA\u015eLI\u011eININ KAZANILMASI<\/span><\/span><\/h3><\/header><div class=\"bt_bb_separator bt_bb_bottom_spacing_normal bt_bb_border_style_none\"><\/div><div  class=\"bt_bb_text\" ><p>Yabanc\u0131 yat\u0131r\u0131mc\u0131n\u0131n T\u00fcrkiye\u2019de en az 50 ki\u015fiye istihdam sa\u011flamas\u0131 halinde  istisnai yoldan T\u00fcrk vatanda\u015fl\u0131\u011f\u0131na ba\u015fvurma hakk\u0131 do\u011fmaktad\u0131r.<\/p>\n<\/div><div class=\"bt_bb_separator bt_bb_top_spacing_small bt_bb_bottom_spacing_normal bt_bb_border_style_none\"><\/div><div class=\"bt_bb_button bt_bb_color_scheme_3 bt_bb_style_clean bt_bb_size_large bt_bb_width_inline bt_bb_shape_inherit bt_bb_align_inherit\" style=\"; --button-primary-color:#b07c4b; --button-secondary-color:#191919;\" data-bt-override-class=\"{&quot;bt_bb_size_&quot;:{&quot;current_class&quot;:&quot;bt_bb_size_large&quot;,&quot;xl&quot;:&quot;large&quot;},&quot;bt_bb_align_&quot;:{&quot;current_class&quot;:&quot;bt_bb_align_inherit&quot;,&quot;xl&quot;:&quot;inherit&quot;}}\"><a href=\"https:\/\/www.canaydin.av.tr\/tr\/contact\/\" target=\"_self\" class=\"bt_bb_link\" title=\"B\u0130Z\u0130MLE \u0130LET\u0130\u015e\u0130ME GE\u00c7\u0130N\"><span class=\"bt_bb_button_text\">B\u0130Z\u0130MLE \u0130LET\u0130\u015e\u0130ME GE\u00c7\u0130N<\/span><\/a><\/div><\/div><\/div><\/div><\/div><\/div><\/div><\/div><\/div><\/section><section id=\"bt_bb_section69e11dc602d3e\"  class=\"bt_bb_section bt_bb_layout_boxed_1200\" ><div class=\"bt_bb_port\"><div class=\"bt_bb_cell\"><div class=\"bt_bb_cell_inner\"><div class=\"bt_bb_row_wrapper\"><div  class=\"bt_bb_row\" ><div  class=\"bt_bb_column col-xl-12 col-xs-12 col-sm-12 col-md-12 col-lg-12 bt_bb_align_left bt_bb_padding_normal\"  data-width=\"12\" data-bt-override-class=\"{}\"><div class=\"bt_bb_column_content bt_bb_vertical_align_top bt_bb_color_scheme_\"><div class=\"bt_bb_column_content_inner\"><div class=\"bt_bb_separator bt_bb_top_spacing_normal bt_bb_bottom_spacing_small bt_bb_border_style_none\"><\/div><\/div><\/div><\/div><\/div><\/div><\/div><\/div><\/div><\/section><section id=\"bt_bb_section69e11dc602f82\"  class=\"bt_bb_section bt_bb_layout_boxed_1200\" ><div class=\"bt_bb_port\"><div class=\"bt_bb_cell\"><div class=\"bt_bb_cell_inner\"><div class=\"bt_bb_row_wrapper\"><div  class=\"bt_bb_row\" ><div  class=\"bt_bb_column col-xl-12 col-xs-12 col-sm-12 col-md-12 col-lg-12 bt_bb_align_left bt_bb_padding_normal\"  data-width=\"12\" data-bt-override-class=\"{}\"><div class=\"bt_bb_column_content bt_bb_vertical_align_top bt_bb_color_scheme_\"><div class=\"bt_bb_column_content_inner\"><div class=\"bt_bb_accordion bt_bb_style_outline\" data-closed=\"closed\"><div class=\"bt_bb_accordion_item\"><div class=\"bt_bb_accordion_item_title\">\u0130ST\u0130HDAMIN YARATILMASI<\/div><div class=\"bt_bb_accordion_item_content\"><div  class=\"bt_bb_text\" >\n<p>Yat\u0131r\u0131mc\u0131 taraf\u0131ndan T\u00fcrkiye\u2019de son 6 ay i\u00e7inde, en az 50 ki\u015filik bir istihdam yarat\u0131lmas\u0131 halinde, T\u00fcrk vatanda\u015fl\u0131\u011f\u0131na istisnai yoldan ba\u015fvuru hakk\u0131n\u0131 elde etmektedir.<strong>.<\/strong><\/p>\n<\/div>\n<\/div><\/div><div class=\"bt_bb_accordion_item\"><div class=\"bt_bb_accordion_item_title\">UYGUNLUK BELGES\u0130<\/div><div class=\"bt_bb_accordion_item_content\"><div  class=\"bt_bb_text\" >\n<p>Uygunluk belgesi i\u00e7in  a\u015fa\u011f\u0131da belirtilen belgeler ile \u00c7al\u0131\u015fma ve Sosyal G\u00fcvenlik Bakanl\u0131\u011f\u0131na (Uluslararas\u0131 \u0130\u015fg\u00fcc\u00fc Genel M\u00fcd\u00fcrl\u00fc\u011f\u00fc)  ba\u015fvuru yap\u0131lmaktad\u0131r:<\/p>\n<ol>\n<li>Ba\u015fvuru sahibine ait noterden al\u0131nm\u0131\u015f imza beyannamesi<\/li>\n<li>\u0130stihdam Bilgi Formu,<\/li>\n<li>Yat\u0131r\u0131mc\u0131n\u0131n pasaportunun noter onayl\u0131 T\u00fcrk\u00e7e terc\u00fcmesi<\/li>\n<li>D\u00f6rt adet foto\u011fraf<\/li>\n<li>Toplamda en az 50 ki\u015filik T\u00fcrk vatanda\u015f\u0131 istihdam\u0131n\u0131n bulundu\u011fu \u015firket veya \u015firketlerin ortakl\u0131k ve sermaye paylar\u0131n\u0131 g\u00f6sterir ticaret sicil gazetesi kay\u0131tlar\u0131 ve g\u00fcncel tarihli Ticaret Sicil Tasdiknamesi,<\/li>\n<li>Yabanc\u0131 ger\u00e7ek ki\u015finin sahibi veya orta\u011f\u0131 oldu\u011fu i\u015fyeri\/i\u015fyerlerinde sigortal\u0131 olarak \u00e7al\u0131\u015fan ki\u015filerin listesini g\u00f6steren Sosyal G\u00fcvenlik Kurumu sisteminden al\u0131nm\u0131\u015f g\u00fcncel tarihli \u0130\u015fyeri \u00c7al\u0131\u015fan Listesi.<\/li>\n<li>Yabanc\u0131 ger\u00e7ek ki\u015finin sahibi veya orta\u011f\u0131 oldu\u011fu i\u015fyerinin\/i\u015fyerlerinin vergi borcu durumunu g\u00f6sterir Gelir \u0130daresi Ba\u015fkanl\u0131\u011f\u0131 sisteminden al\u0131nm\u0131\u015f yaz\u0131.<\/li>\n<li>Yabanc\u0131 ger\u00e7ek ki\u015finin sahibi veya orta\u011f\u0131 oldu\u011fu i\u015fyerinin\/i\u015fyerlerinin sosyal g\u00fcvenlik prim borcu durumunu g\u00f6sterir Sosyal G\u00fcvenlik Kurumu sisteminden al\u0131nm\u0131\u015f yaz\u0131.<\/li>\n<li>Kamu kurumlar\u0131 taraf\u0131ndan yap\u0131lan idari denetimlerde \u015eirkete son alt\u0131 ay i\u00e7erisinde idari para cezas\u0131 verilip verilmedi\u011fine dair yaz\u0131l\u0131 beyan, ceza al\u0131nm\u0131\u015f ise ilgili belgelerin eklenmesi.<\/li>\n<\/ol>\n<p>Ba\u015fvurunun olumlu de\u011ferlendirilmesi halinde \u0130\u00e7i\u015fleri Bakanl\u0131\u011f\u0131 G\u00f6\u00e7 \u0130daresi Genel M\u00fcd\u00fcrl\u00fc\u011f\u00fc ile N\u00fcfus ve Vatanda\u015fl\u0131k \u0130\u015fleri Genel M\u00fcd\u00fcrl\u00fc\u011f\u00fcne uygunluk belgesi g\u00f6nderilecektir.<\/p>\n<p>Canayd\u0131n Hukuk B\u00fcrosu olarak yat\u0131r\u0131mc\u0131lar ad\u0131na uygunluk belgesi ba\u015fvurular\u0131n\u0131 ger\u00e7ekle\u015ftirebilmekteyiz.<\/p>\n<\/div>\n<\/div><\/div><div class=\"bt_bb_accordion_item\"><div class=\"bt_bb_accordion_item_title\">\u0130KAMET \u0130ZN\u0130 \u0130\u00c7\u0130N BA\u015eVURU<\/div><div class=\"bt_bb_accordion_item_content\"><div  class=\"bt_bb_text\" >\n<ul>\n<li>Yat\u0131r\u0131mc\u0131, bir y\u0131l s\u00fcreyle ikamet izni alacak ve di\u011fer aile fertleri vatanda\u015fl\u0131k ba\u015fvurular\u0131n\u0131n sonu\u00e7lanmas\u0131n\u0131 bekleyecektir.<\/li>\n<li>Di\u011fer aile bireylerinin oturma iznine ihtiya\u00e7lar\u0131 varsa, T\u00fcrkiye'yi ge\u00e7erli vize ile ziyaret etmeleri gerekir. Ancak yat\u0131r\u0131mc\u0131n\u0131n ikamet izni almak i\u00e7in T\u00fcrkiye'ye gelmesine gerek yoktur.<\/li>\n<li>Uygunluk belgesi ve a\u015fa\u011f\u0131daki belgeleri toplad\u0131\u011f\u0131m\u0131zda yat\u0131r\u0131mc\u0131 i\u00e7in online ikamet izni ba\u015fvurusu ger\u00e7ekle\u015ftiriyoruz.<\/li>\n<\/ul>\n<p><strong>YATIRIMCI \u0130KAMET \u0130ZN\u0130 \u0130\u00c7\u0130N GEREKL\u0130 BELGELER<\/strong><\/p>\n<p>Yat\u0131r\u0131mc\u0131n\u0131n Pasaportunun Noter Onayl\u0131 Terc\u00fcmeleri<\/p>\n<ol start=\"2\">\n<li>Uygunluk Sertifikas\u0131<\/li>\n<\/ol>\n<p>\u0130ki (2) biyometrik resim ve bir jpeg versiyonu (50x60 mm ve beyaz arka plan)<\/p>\n<ol start=\"4\">\n<li>Ge\u00e7erli sa\u011fl\u0131k sigortas\u0131 (Sigorta s\u00fcresi planlanan ikamet izni s\u00fcresini kapsamal\u0131d\u0131r) Ba\u015fvuru sahipleri ad\u0131na sa\u011fl\u0131k sigortas\u0131 sat\u0131n alabiliriz.<\/li>\n<\/ol>\n<p>Vergi dairesi taraf\u0131ndan ikamet izni \u00f6deme dekontu<\/p>\n<ol start=\"6\">\n<li>Yat\u0131r\u0131mc\u0131n\u0131n Pasaport Vizesi Sayfas\u0131 (varsa)<\/li>\n<\/ol>\n<\/div>\n<\/div><\/div><div class=\"bt_bb_accordion_item\"><div class=\"bt_bb_accordion_item_title\">VATANDA\u015eLIK BA\u015eVURUSU<\/div><div class=\"bt_bb_accordion_item_content\"><div  class=\"bt_bb_text\" >\n<ul>\n<li>Yat\u0131r\u0131mc\u0131n\u0131n e\u015fi \/ e\u015fi ve 18 ya\u015f\u0131ndan k\u00fc\u00e7\u00fck \u00e7ocuklar\u0131, ayn\u0131 yat\u0131r\u0131m tutar\u0131 ile yat\u0131r\u0131mc\u0131ya T\u00fcrk vatanda\u015fl\u0131\u011f\u0131 ba\u015fvurusunda bulunma hakk\u0131na sahiptir. 18 ya\u015f \u00fcst\u00fc \u00e7ocuklar i\u00e7in bu durumda T\u00fcrk vatanda\u015f\u0131 olmak i\u00e7in ayr\u0131ca yat\u0131r\u0131m yapmak zorundad\u0131r.<\/li>\n<li>T\u00fcrk vatanda\u015fl\u0131\u011f\u0131 s\u00fcreci, vatanda\u015fl\u0131k ba\u015fvurusu yap\u0131ld\u0131ktan sonra yakla\u015f\u0131k 4 ay s\u00fcrecektir.<\/li>\n<li>Yat\u0131r\u0131mc\u0131n\u0131n mevcut vatanda\u015fl\u0131\u011f\u0131ndan vazge\u00e7mesine gerek yoktur. T\u00fcrkiye, yabanc\u0131 bir ba\u015fvuru sahibinin sahip oldu\u011fu vatanda\u015fl\u0131k say\u0131s\u0131na bak\u0131lmaks\u0131z\u0131n \u00e7ifte vatanda\u015fl\u0131\u011f\u0131 tan\u0131maktad\u0131r<\/li>\n<li>Yat\u0131r\u0131mc\u0131 3 y\u0131ll\u0131k s\u00fcre sonunda yat\u0131r\u0131m tutar\u0131n\u0131 satabilir veya \u00e7ekebilir.<\/li>\n<li>Yat\u0131r\u0131mc\u0131n\u0131n Programa kat\u0131lmak i\u00e7in T\u00fcrkiye'de ya\u015famas\u0131na hatta s\u00fcrecin hi\u00e7bir safhas\u0131nda T\u00fcrkiye\u2019de bulunmas\u0131na bile gerek yoktur.<\/li>\n<li>Yat\u0131r\u0131mc\u0131n\u0131n T\u00fcrk Vatanda\u015fl\u0131\u011f\u0131 bir \u00f6m\u00fcr boyu ge\u00e7erli olacak ve yat\u0131r\u0131mc\u0131n\u0131n \u00e7ocuklar\u0131 T\u00fcrk vatanda\u015f\u0131 olarak do\u011facakt\u0131r<\/li>\n<\/ul>\n<p><strong>VATANDA\u015eLIK BA\u015eVURUSU \u0130\u00c7\u0130N GEREKL\u0130 BELGELER<\/strong><\/p>\n<p><strong>T\u00fcm Ba\u015fvuru Sahiplerinin Pasaportlar\u0131n\u0131n Taranm\u0131\u015f Kopyas\u0131<\/strong><\/p>\n<ol start=\"2\">\n<li>Ba\u015fvuru sahiplerinin do\u011fum tarihleri, do\u011fum yerleri ve ebeveynlerinin isimleri dahil olmak \u00fczere a\u015fa\u011f\u0131da listelenen belgelerden birini sunmalar\u0131 yeterlidir :<\/li>\n<\/ol>\n<p><strong>A.\tAile Kay\u0131t Belgesi *<\/strong><\/p>\n<p>(Belge, t\u00fcm ba\u015fvuru sahiplerinin do\u011fum tarihini, do\u011fum  yerini, anne ve babas\u0131n\u0131n ad\u0131n\u0131 i\u00e7ermelidir.)<\/p>\n<p><strong>B. T\u00fcm Ba\u015fvuru Sahiplerinin Do\u011fum Belgesi *<\/strong><\/p>\n<p>(Aile kay\u0131t formu al\u0131nam\u0131yorsa veya Aile kay\u0131t formu yukar\u0131da belirtilen gerekli \u015fartlar\u0131 sa\u011flam\u0131yorsa)<\/p>\n<ol start=\"3\">\n<li><strong>Medeni Durum Belgesi \/ Evlilik Belgesi \/ Tek belge \/ Bo\u015fanma Belgesi \/ E\u015fin \u00d6l\u00fcm belgesi *<\/strong><\/li>\n<li><strong>Her Yeti\u015fkin Ba\u015fvuru Sahibi i\u00e7in Alt\u0131 (6) Foto\u011fraf, Her \u00c7ocuk Ba\u015fvuru Sahibi i\u00e7in \u0130ki (2) Foto\u011fraf<\/strong>\u00a0Her biri i\u00e7in bir foto\u011fraf<strong>\u00a0Yeti\u015fkin Ba\u015fvuru Sahibi<\/strong>S,\u00a0<strong>\u0130ki (2)<\/strong>\u00a0Her biri i\u00e7in bir foto\u011fraf\u00a0<strong>\u00c7ocuk Ba\u015fvuru Sahipleri<\/strong>(Biyometrik foto\u011fraf, 50x60 mm, beyaz arka plan, kimlik belgesi ve ba\u015fvuru sahiplerinin bir adet jpeg foto\u011fraf\u0131.)<\/li>\n<li>Yat\u0131r\u0131mc\u0131n\u0131n Vize sayfas\u0131 (varsa)<\/li>\n<\/ol>\n<p>*\u00a0<em>Belge, Lahey S\u00f6zle\u015fmesini imzalayan \u00fclkeden al\u0131nm\u0131\u015fsa, d\u00fczenleyen \u00fclkede apostil yap\u0131lmas\u0131 gerekir.<\/em><\/p>\n<p><em>Belge, Lahey S\u00f6zle\u015fmesinin imzac\u0131 olmayan \u00fclkesinden al\u0131nm\u0131\u015fsa, D\u0131\u015fi\u015fleri Bakanl\u0131\u011f\u0131 ve ard\u0131ndan d\u00fczenleyen \u00fclke de bulunan T\u00fcrk Konsoloslu\u011fu taraf\u0131ndan tasdik edilmesi gerekir.<\/em><\/p>\n<p><em>T\u00fcrk makamlar\u0131ndan al\u0131nan belge ise imzalanmal\u0131 ve m\u00fch\u00fcrlenmelidir<\/em><\/p>\n<p><strong><em>Apostil nedir?<\/em><\/strong><\/p>\n<p><em>Apostil, 1961 tarihli Lahey S\u00f6zle\u015fmesine kat\u0131lan \u00fclkelerde kullan\u0131lmak \u00fczere belgelere verilen bir kimlik do\u011frulama \u015feklidir.<\/em><\/p>\n<\/div>\n<\/div><\/div><div class=\"bt_bb_accordion_item\"><div class=\"bt_bb_accordion_item_title\">K\u0130ML\u0130K KARTI VE PASAPORT \u0130\u00c7\u0130N BA\u015eVURU<\/div><div class=\"bt_bb_accordion_item_content\"><div  class=\"bt_bb_text\" >\n<p>Yat\u0131r\u0131mc\u0131 TC Kimlik Kart\u0131 ve pasaportlar\u0131n\u0131 T\u00fcrkiye'deki yerle\u015fim yerinin \u0130l N\u00fcfus ve Vatanda\u015fl\u0131k M\u00fcd\u00fcrl\u00fc\u011f\u00fc'nden temin edebilir veya Ba\u015fvuru Sahipleri kimlik kart\u0131n\u0131 ve pasaportlar\u0131n\u0131 ya\u015fad\u0131klar\u0131 yer  T\u00fcrk B\u00fcy\u00fckel\u00e7ili\u011fi arac\u0131l\u0131\u011f\u0131yla da alabilirler.<\/p>\n<p><strong>UZATAKTAN YATIRIM YOLUYLA T\u00dcRK VATANDA\u015eLI\u011eINI KAZANMA<\/strong><\/p>\n<p><strong>Yat\u0131r\u0131mc\u0131, T\u00fcrk vatanda\u015fl\u0131\u011f\u0131 program\u0131n\u0131n hi\u00e7bir a\u015famas\u0131nda T\u00fcrkiye'yi ziyaret etmek zorunda de\u011fildir.<\/strong><\/p>\n<p><strong>Yat\u0131r\u0131mc\u0131, yat\u0131r\u0131mlar\u0131n\u0131 uzaktan yaparak T\u00fcrk vatanda\u015fl\u0131\u011f\u0131n\u0131 kazanabilir.<\/strong><\/p>\n<p>Bunun i\u00e7in Yat\u0131r\u0131mc\u0131, vekiline yat\u0131r\u0131mc\u0131n\u0131n \u00fclkesindeki T\u00fcrkiye Konsoloslu\u011fu'nda detayland\u0131r\u0131p do\u011frulayabilece\u011fi bir vekaletname vermelidir.<\/p>\n<p>Vekaletname T\u00fcrk\u00e7e olarak d\u00fczenlenmi\u015f olmal\u0131d\u0131r.<\/p>\n<p>Yat\u0131r\u0131mc\u0131, T\u00fcrk konsoloslu\u011funun yetkili terc\u00fcman\u0131 ile randevu alarak randevu g\u00fcn\u00fcnde vekaletname i\u00e7in gerekli olan foto\u011fraf\u0131 ,pasaportu ve avukat\u0131n\u0131n yat\u0131r\u0131mc\u0131ya g\u00f6nderdi\u011fi vekaletname tasla\u011f\u0131 ile birlikte haz\u0131r bulunmal\u0131d\u0131r.<\/p>\n<p><strong>T\u00dcRK\u0130YE\u2019DE VEKALETNAMEN\u0130N D\u00dcZENLENMES\u0130<\/strong><\/p>\n<p>Yat\u0131r\u0131mc\u0131lar T\u00fcrkiye\u2019de noter arac\u0131l\u0131\u011f\u0131yla vekaletname verebilirler. Yat\u0131r\u0131mc\u0131lar resimlerini, vergi numaralar\u0131n\u0131 ve pasaportlar\u0131n\u0131 yanlar\u0131nda bulundurmalar\u0131 gerekmektedir.<\/p>\n<\/div>\n<\/div><\/div><\/div><\/div><\/div><\/div><\/div><\/div><\/div><\/div><\/div><\/section><section id=\"bt_bb_section69e11dc603b52\"  class=\"bt_bb_section bt_bb_layout_boxed_1200\" ><div class=\"bt_bb_port\"><div class=\"bt_bb_cell\"><div class=\"bt_bb_cell_inner\"><div class=\"bt_bb_row_wrapper\"><div  class=\"bt_bb_row\" ><div  class=\"bt_bb_column col-xl-12 col-xs-12 col-sm-12 col-md-12 col-lg-12 bt_bb_align_left bt_bb_padding_normal\"  data-width=\"12\" data-bt-override-class=\"{}\"><div class=\"bt_bb_column_content bt_bb_vertical_align_top bt_bb_color_scheme_\"><div class=\"bt_bb_column_content_inner\"><div class=\"bt_bb_separator bt_bb_top_spacing_normal bt_bb_bottom_spacing_small bt_bb_border_style_none\"><\/div><\/div><\/div><\/div><\/div><\/div><\/div><\/div><\/div><\/section><\/div>","protected":false},"excerpt":{"rendered":"","protected":false},"author":1,"featured_media":0,"parent":3711,"menu_order":0,"comment_status":"closed","ping_status":"closed","template":"","meta":[],"yoast_head":"<!-- This site is optimized with the Yoast SEO plugin v16.8 - https:\/\/yoast.com\/wordpress\/plugins\/seo\/ -->\n<title>TURKISH CITIZENSHIP BY CREATING JOBS - CANAYDIN Law Firm<\/title>\n<meta name=\"robots\" content=\"index, follow, max-snippet:-1, max-image-preview:large, max-video-preview:-1\" \/>\n<link rel=\"canonical\" href=\"https:\/\/www.canaydin.av.tr\/tr\/citizenship-law-2\/acquiring-turkish-citizenship-by-investment\/turkish-citizenship-by-creating-jobs\/\" \/>\n<meta property=\"og:locale\" content=\"tr_TR\" \/>\n<meta property=\"og:type\" content=\"article\" \/>\n<meta property=\"og:title\" content=\"TURKISH CITIZENSHIP BY CREATING JOBS - CANAYDIN Law Firm\" \/>\n<meta property=\"og:url\" content=\"https:\/\/www.canaydin.av.tr\/tr\/citizenship-law-2\/acquiring-turkish-citizenship-by-investment\/turkish-citizenship-by-creating-jobs\/\" \/>\n<meta property=\"og:site_name\" content=\"CANAYDIN Law Firm\" \/>\n<meta property=\"article:publisher\" content=\"https:\/\/www.facebook.com\/Canayd%c4%b1n-Law-Firm-108564714824327\" \/>\n<meta property=\"article:modified_time\" content=\"2023-06-15T07:24:24+00:00\" \/>\n<meta property=\"og:image\" content=\"https:\/\/www.canaydin.av.tr\/wp-content\/uploads\/2021\/07\/Logo-Canaydin.png\" \/>\n\t<meta property=\"og:image:width\" content=\"3733\" \/>\n\t<meta property=\"og:image:height\" content=\"1029\" \/>\n<meta name=\"twitter:card\" content=\"summary_large_image\" \/>\n<meta name=\"twitter:label1\" content=\"Tahmini okuma s\u00fcresi\" \/>\n\t<meta name=\"twitter:data1\" content=\"9 dakika\" \/>\n<script type=\"application\/ld+json\" class=\"yoast-schema-graph\">{\"@context\":\"https:\/\/schema.org\",\"@graph\":[{\"@type\":\"Organization\",\"@id\":\"https:\/\/www.canaydin.av.tr\/#organization\",\"name\":\"Canaydin Law Firm\",\"url\":\"https:\/\/www.canaydin.av.tr\/\",\"sameAs\":[\"https:\/\/www.facebook.com\/Canayd\\u0131n-Law-Firm-108564714824327\",\"https:\/\/instagram.com\/canaydinlawfirm\",\"https:\/\/www.linkedin.com\/company\/canaydin-law-firm\/\",\"https:\/\/www.youtube.com\/channel\/UCAioITA_h23oo3pWmEAgMfQ\"],\"logo\":{\"@type\":\"ImageObject\",\"@id\":\"https:\/\/www.canaydin.av.tr\/#logo\",\"inLanguage\":\"tr\",\"url\":\"https:\/\/www.canaydin.av.tr\/wp-content\/uploads\/2021\/07\/Logo-Canaydin.png\",\"contentUrl\":\"https:\/\/www.canaydin.av.tr\/wp-content\/uploads\/2021\/07\/Logo-Canaydin.png\",\"width\":3733,\"height\":1029,\"caption\":\"Canaydin Law Firm\"},\"image\":{\"@id\":\"https:\/\/www.canaydin.av.tr\/#logo\"}},{\"@type\":\"WebSite\",\"@id\":\"https:\/\/www.canaydin.av.tr\/#website\",\"url\":\"https:\/\/www.canaydin.av.tr\/\",\"name\":\"CANAYDIN Law Firm\",\"description\":\"\",\"publisher\":{\"@id\":\"https:\/\/www.canaydin.av.tr\/#organization\"},\"potentialAction\":[{\"@type\":\"SearchAction\",\"target\":{\"@type\":\"EntryPoint\",\"urlTemplate\":\"https:\/\/www.canaydin.av.tr\/?s={search_term_string}\"},\"query-input\":\"required name=search_term_string\"}],\"inLanguage\":\"tr\"},{\"@type\":\"WebPage\",\"@id\":\"https:\/\/www.canaydin.av.tr\/citizenship-law-2\/acquiring-turkish-citizenship-by-investment\/turkish-citizenship-by-creating-jobs\/#webpage\",\"url\":\"https:\/\/www.canaydin.av.tr\/citizenship-law-2\/acquiring-turkish-citizenship-by-investment\/turkish-citizenship-by-creating-jobs\/\",\"name\":\"TURKISH CITIZENSHIP BY CREATING JOBS - CANAYDIN Law Firm\",\"isPartOf\":{\"@id\":\"https:\/\/www.canaydin.av.tr\/#website\"},\"datePublished\":\"2021-06-12T13:20:01+00:00\",\"dateModified\":\"2023-06-15T07:24:24+00:00\",\"breadcrumb\":{\"@id\":\"https:\/\/www.canaydin.av.tr\/citizenship-law-2\/acquiring-turkish-citizenship-by-investment\/turkish-citizenship-by-creating-jobs\/#breadcrumb\"},\"inLanguage\":\"tr\",\"potentialAction\":[{\"@type\":\"ReadAction\",\"target\":[\"https:\/\/www.canaydin.av.tr\/citizenship-law-2\/acquiring-turkish-citizenship-by-investment\/turkish-citizenship-by-creating-jobs\/\"]}]},{\"@type\":\"BreadcrumbList\",\"@id\":\"https:\/\/www.canaydin.av.tr\/citizenship-law-2\/acquiring-turkish-citizenship-by-investment\/turkish-citizenship-by-creating-jobs\/#breadcrumb\",\"itemListElement\":[{\"@type\":\"ListItem\",\"position\":1,\"name\":\"Anasayfa\",\"item\":\"https:\/\/www.canaydin.av.tr\/\"},{\"@type\":\"ListItem\",\"position\":2,\"name\":\"CITIZENSHIP LAW\",\"item\":\"https:\/\/www.canaydin.av.tr\/citizenship-law-2\/\"},{\"@type\":\"ListItem\",\"position\":3,\"name\":\"ACQUIRING TURKISH CITIZENSHIP BY INVESTMENT\",\"item\":\"https:\/\/www.canaydin.av.tr\/citizenship-law-2\/acquiring-turkish-citizenship-by-investment\/\"},{\"@type\":\"ListItem\",\"position\":4,\"name\":\"TURKISH CITIZENSHIP BY CREATING JOBS\"}]}]}<\/script>\n<!-- \/ Yoast SEO plugin. -->","yoast_head_json":{"title":"TURKISH CITIZENSHIP BY CREATING JOBS - CANAYDIN Law Firm","robots":{"index":"index","follow":"follow","max-snippet":"max-snippet:-1","max-image-preview":"max-image-preview:large","max-video-preview":"max-video-preview:-1"},"canonical":"https:\/\/www.canaydin.av.tr\/tr\/citizenship-law-2\/acquiring-turkish-citizenship-by-investment\/turkish-citizenship-by-creating-jobs\/","og_locale":"tr_TR","og_type":"article","og_title":"TURKISH CITIZENSHIP BY CREATING JOBS - CANAYDIN Law Firm","og_url":"https:\/\/www.canaydin.av.tr\/tr\/citizenship-law-2\/acquiring-turkish-citizenship-by-investment\/turkish-citizenship-by-creating-jobs\/","og_site_name":"CANAYDIN Law Firm","article_publisher":"https:\/\/www.facebook.com\/Canayd%c4%b1n-Law-Firm-108564714824327","article_modified_time":"2023-06-15T07:24:24+00:00","og_image":[{"width":3733,"height":1029,"url":"https:\/\/www.canaydin.av.tr\/wp-content\/uploads\/2021\/07\/Logo-Canaydin.png","path":"\/home\/u616560269\/domains\/canaydin.av.tr\/public_html\/wp-content\/uploads\/2021\/07\/Logo-Canaydin.png","size":"full","id":3987,"alt":"","pixels":3841257,"type":"image\/png"}],"twitter_card":"summary_large_image","twitter_misc":{"Tahmini okuma s\u00fcresi":"9 dakika"},"schema":{"@context":"https:\/\/schema.org","@graph":[{"@type":"Organization","@id":"https:\/\/www.canaydin.av.tr\/#organization","name":"Canaydin Law Firm","url":"https:\/\/www.canaydin.av.tr\/","sameAs":["https:\/\/www.facebook.com\/Canayd\u0131n-Law-Firm-108564714824327","https:\/\/instagram.com\/canaydinlawfirm","https:\/\/www.linkedin.com\/company\/canaydin-law-firm\/","https:\/\/www.youtube.com\/channel\/UCAioITA_h23oo3pWmEAgMfQ"],"logo":{"@type":"ImageObject","@id":"https:\/\/www.canaydin.av.tr\/#logo","inLanguage":"tr","url":"https:\/\/www.canaydin.av.tr\/wp-content\/uploads\/2021\/07\/Logo-Canaydin.png","contentUrl":"https:\/\/www.canaydin.av.tr\/wp-content\/uploads\/2021\/07\/Logo-Canaydin.png","width":3733,"height":1029,"caption":"Canaydin Law Firm"},"image":{"@id":"https:\/\/www.canaydin.av.tr\/#logo"}},{"@type":"WebSite","@id":"https:\/\/www.canaydin.av.tr\/#website","url":"https:\/\/www.canaydin.av.tr\/","name":"CANAYDIN Law Firm","description":"","publisher":{"@id":"https:\/\/www.canaydin.av.tr\/#organization"},"potentialAction":[{"@type":"SearchAction","target":{"@type":"EntryPoint","urlTemplate":"https:\/\/www.canaydin.av.tr\/?s={search_term_string}"},"query-input":"required name=search_term_string"}],"inLanguage":"tr"},{"@type":"WebPage","@id":"https:\/\/www.canaydin.av.tr\/citizenship-law-2\/acquiring-turkish-citizenship-by-investment\/turkish-citizenship-by-creating-jobs\/#webpage","url":"https:\/\/www.canaydin.av.tr\/citizenship-law-2\/acquiring-turkish-citizenship-by-investment\/turkish-citizenship-by-creating-jobs\/","name":"TURKISH CITIZENSHIP BY CREATING JOBS - CANAYDIN Law Firm","isPartOf":{"@id":"https:\/\/www.canaydin.av.tr\/#website"},"datePublished":"2021-06-12T13:20:01+00:00","dateModified":"2023-06-15T07:24:24+00:00","breadcrumb":{"@id":"https:\/\/www.canaydin.av.tr\/citizenship-law-2\/acquiring-turkish-citizenship-by-investment\/turkish-citizenship-by-creating-jobs\/#breadcrumb"},"inLanguage":"tr","potentialAction":[{"@type":"ReadAction","target":["https:\/\/www.canaydin.av.tr\/citizenship-law-2\/acquiring-turkish-citizenship-by-investment\/turkish-citizenship-by-creating-jobs\/"]}]},{"@type":"BreadcrumbList","@id":"https:\/\/www.canaydin.av.tr\/citizenship-law-2\/acquiring-turkish-citizenship-by-investment\/turkish-citizenship-by-creating-jobs\/#breadcrumb","itemListElement":[{"@type":"ListItem","position":1,"name":"Anasayfa","item":"https:\/\/www.canaydin.av.tr\/"},{"@type":"ListItem","position":2,"name":"CITIZENSHIP LAW","item":"https:\/\/www.canaydin.av.tr\/citizenship-law-2\/"},{"@type":"ListItem","position":3,"name":"ACQUIRING TURKISH CITIZENSHIP BY INVESTMENT","item":"https:\/\/www.canaydin.av.tr\/citizenship-law-2\/acquiring-turkish-citizenship-by-investment\/"},{"@type":"ListItem","position":4,"name":"TURKISH CITIZENSHIP BY CREATING JOBS"}]}]}},"_links":{"self":[{"href":"https:\/\/www.canaydin.av.tr\/tr\/wp-json\/wp\/v2\/pages\/3731"}],"collection":[{"href":"https:\/\/www.canaydin.av.tr\/tr\/wp-json\/wp\/v2\/pages"}],"about":[{"href":"https:\/\/www.canaydin.av.tr\/tr\/wp-json\/wp\/v2\/types\/page"}],"author":[{"embeddable":true,"href":"https:\/\/www.canaydin.av.tr\/tr\/wp-json\/wp\/v2\/users\/1"}],"replies":[{"embeddable":true,"href":"https:\/\/www.canaydin.av.tr\/tr\/wp-json\/wp\/v2\/comments?post=3731"}],"version-history":[{"count":7,"href":"https:\/\/www.canaydin.av.tr\/tr\/wp-json\/wp\/v2\/pages\/3731\/revisions"}],"predecessor-version":[{"id":4235,"href":"https:\/\/www.canaydin.av.tr\/tr\/wp-json\/wp\/v2\/pages\/3731\/revisions\/4235"}],"up":[{"embeddable":true,"href":"https:\/\/www.canaydin.av.tr\/tr\/wp-json\/wp\/v2\/pages\/3711"}],"wp:attachment":[{"href":"https:\/\/www.canaydin.av.tr\/tr\/wp-json\/wp\/v2\/media?parent=3731"}],"curies":[{"name":"wp","href":"https:\/\/api.w.org\/{rel}","templated":true}]}}