{"id":3715,"date":"2021-06-12T16:59:36","date_gmt":"2021-06-12T13:59:36","guid":{"rendered":"http:\/\/www.canaydin.av.tr\/?page_id=3715"},"modified":"2023-06-15T10:24:24","modified_gmt":"2023-06-15T07:24:24","slug":"corporate-law","status":"publish","type":"page","link":"https:\/\/www.canaydin.av.tr\/tr\/corporate-law\/","title":{"rendered":"\u015e\u0130RKETLER HUKUKU"},"content":{"rendered":"<div class=\"bt_bb_wrapper\"><section id=\"bt_bb_section69eee3a48ff04\"  class=\"bt_bb_section bt_bb_top_spacing_large bt_bb_bottom_spacing_large bt_bb_color_scheme_10 bt_bb_layout_boxed_1200 bt_bb_vertical_align_top\" style=\";background-color:#0f1625;\"><div class=\"bt_bb_port\"><div class=\"bt_bb_cell\"><div class=\"bt_bb_cell_inner\"><\/div><\/div><\/div><\/section><section id=\"bt_bb_section69eee3a48ff61\"  class=\"bt_bb_section bt_bb_layout_wide bt_bb_vertical_align_top bt_bb_negative_margin_large\" ><div class=\"bt_bb_port\"><div class=\"bt_bb_cell\"><div class=\"bt_bb_cell_inner\"><div class=\"bt_bb_row_wrapper\"><div  class=\"bt_bb_row bt_bb_layout_special btOverlapRight\" ><div  class=\"bt_bb_column col-xl-6 bt_bb_align_left bt_bb_padding_normal\"  data-width=\"6\" data-bt-override-class=\"{&quot;bt_bb_align_&quot;:{&quot;current_class&quot;:&quot;bt_bb_align_left&quot;,&quot;xl&quot;:&quot;left&quot;}}\"><div class=\"bt_bb_column_content bt_bb_vertical_align_top bt_bb_color_scheme_ bt_bb_column_background_image\" style=\"background-image:url(&#039;https:\/\/www.canaydin.av.tr\/wp-content\/uploads\/2021\/08\/Adsiz-tasarim-4-1.png&#039;);\"><div class=\"bt_bb_column_content_inner\"><\/div><\/div><\/div><div  class=\"bt_bb_column col-xl-6 btWithIcon bt_bb_align_left bt_bb_icon_color_scheme_6 bt_bb_padding_normal bt_bb_animation_fade_in animate\" style=\"; --column-icon-primary-color:#ffffff; --column-icon-secondary-color:#b07c4b;\" data-width=\"6\" data-bt-override-class=\"{&quot;bt_bb_align_&quot;:{&quot;current_class&quot;:&quot;bt_bb_align_left&quot;,&quot;xl&quot;:&quot;left&quot;}}\"><div class=\"bt_bb_column_content bt_bb_vertical_align_top bt_bb_color_scheme_\"><div class=\"bt_bb_column_icon\"><span  data-ico-law=\"&#xf13e;\" class=\"bt_bb_icon_holder\"><\/span><\/div><div class=\"bt_bb_column_content_inner\"><header class=\"bt_bb_headline bt_bb_color_scheme_14 bt_bb_dash_none bt_bb_size_normal bt_bb_align_inherit\" data-bt-override-class=\"{&quot;bt_bb_align_&quot;:{&quot;current_class&quot;:&quot;bt_bb_align_inherit&quot;,&quot;xl&quot;:&quot;inherit&quot;}}\"><h3 class=\"bt_bb_headline_tag\"><span class=\"bt_bb_headline_content\"><span>\u015e\u0130RKETLER HUKUKU<\/span><\/span><\/h3><\/header><div class=\"bt_bb_separator bt_bb_bottom_spacing_normal bt_bb_border_style_none\"><\/div><div  class=\"bt_bb_text\" ><p>Ekibimiz, T\u00fcrkiye\u2019de merkez ya da \u015fubesi bulunan yerli ve yabanc\u0131 sermayeli \u015firketlerin her t\u00fcrl\u00fc faaliyet ve i\u015flemlerine ili\u015fkin hukuki dan\u0131\u015fmanl\u0131k hizmeti vermektedir. Hukuki takip, dava ve  dan\u0131\u015fmanl\u0131k hizmetlerimiz \u015firket kurulu\u015fu i\u00e7in gerekli i\u015flemlerin yap\u0131lmas\u0131ndan, sermaye art\u0131r\u0131m ve azalt\u0131mlar\u0131, m\u00fcd\u00fcr atanmas\u0131, adres ve unvan de\u011fi\u015fikli\u011fi, ana s\u00f6zle\u015fme d\u00fczenlenmesi,  birle\u015fme ve devralma i\u015flemlerinin y\u00fcr\u00fct\u00fclmesi ve hukuki g\u00f6r\u00fc\u015f verilmesine kadar bir\u00e7ok alan\u0131 kapsamaktad\u0131r. \u015eirketler hukukuna ili\u015fkin verdi\u011fimiz hizmetlerin detaylar\u0131na a\u015fa\u011f\u0131dan ula\u015fabilirsiniz,<\/p>\n<\/div><div class=\"bt_bb_separator bt_bb_top_spacing_small bt_bb_bottom_spacing_normal bt_bb_border_style_none\"><\/div><div class=\"bt_bb_button bt_bb_color_scheme_3 bt_bb_style_clean bt_bb_size_large bt_bb_width_inline bt_bb_shape_inherit bt_bb_align_inherit\" style=\"; --button-primary-color:#b07c4b; --button-secondary-color:#191919;\" data-bt-override-class=\"{&quot;bt_bb_size_&quot;:{&quot;current_class&quot;:&quot;bt_bb_size_large&quot;,&quot;xl&quot;:&quot;large&quot;},&quot;bt_bb_align_&quot;:{&quot;current_class&quot;:&quot;bt_bb_align_inherit&quot;,&quot;xl&quot;:&quot;inherit&quot;}}\"><a href=\"https:\/\/www.canaydin.av.tr\/tr\/contact\/\" target=\"_self\" class=\"bt_bb_link\" title=\"B\u0130Z\u0130MLE \u0130LET\u0130\u015e\u0130ME GE\u00c7\u0130N\"><span class=\"bt_bb_button_text\">B\u0130Z\u0130MLE \u0130LET\u0130\u015e\u0130ME GE\u00c7\u0130N<\/span><\/a><\/div><\/div><\/div><\/div><\/div><\/div><\/div><\/div><\/div><\/section><section id=\"bt_bb_section69eee3a490b2d\"  class=\"bt_bb_section bt_bb_top_spacing_large bt_bb_bottom_spacing_large bt_bb_layout_boxed_1200 bt_bb_vertical_align_top\" ><div class=\"bt_bb_port\"><div class=\"bt_bb_cell\"><div class=\"bt_bb_cell_inner\"><div class=\"bt_bb_row_wrapper\"><div  class=\"bt_bb_row\" ><div  class=\"bt_bb_column col-xl-12 col-xs-12 col-sm-12 col-md-12 col-lg-12 bt_bb_align_left bt_bb_padding_normal bt_bb_animation_fade_in animate\"  data-width=\"12\" data-bt-override-class=\"{&quot;bt_bb_align_&quot;:{&quot;current_class&quot;:&quot;bt_bb_align_left&quot;,&quot;xl&quot;:&quot;left&quot;}}\"><div class=\"bt_bb_column_content bt_bb_vertical_align_top bt_bb_color_scheme_\"><div class=\"bt_bb_column_content_inner\"><div  class=\"bt_bb_text\" ><p><strong>\u015e\u0130RKET KURULU\u015eU<\/strong><\/p>\n<p>\u015eirketlerin kurulu\u015funa ili\u015fkin ticaret odalar\u0131, ticaret m\u00fcd\u00fcrl\u00fcklerindeki ve di\u011feri idari i\u015flemlerin tamamlanmas\u0131, \u015firket esas s\u00f6zle\u015fmesinin haz\u0131rlanmas\u0131, \u015fube kurulma i\u015flemleri veya franchise s\u00f6zle\u015fmelerinin haz\u0131rlanmas\u0131 gibi \u015firket kurulu\u015funa ili\u015fkin hukuki hizmetlerimizi kapsar.<\/p>\n<p>\u015eirket Esas S\u00f6zle\u015fmesinin Haz\u0131rlanmas\u0131<\/p>\n<p>\u015eirketin Ticaret Siciline Kaydedilmesi<\/p>\n<p>Banka Hesab\u0131 A\u00e7\u0131lmas\u0131<\/p>\n<p>\u0130mza Sirk\u00fcs\u00fc Ve \u0130lgili Onaylar\u0131n Al\u0131nmas\u0131<\/p>\n<p>Kiralama Ve Franchise S\u00f6zle\u015fmelerinin Revize Edilmesi<\/p>\n<p>Vergi Dairesindeki Kay\u0131t M\u00fcd\u00fcrl\u00fc\u011f\u00fc Ve Kurulu\u015f S\u0131ras\u0131nda \u0130htiya\u00e7 Duyulan Di\u011fer Vergiden Kaynakl\u0131 \u0130\u015flemler<\/p>\n<p>T\u00fcrk Vergi Hukuku Sistemi ve T\u00fcrk \u015eirketler Hukuku Alan\u0131nda Hukuki Dan\u0131\u015fmanl\u0131k Hizmetleri<\/p>\n<p><strong>B\u0130RLE\u015eME VE DEVRALMALAR<\/strong><\/p>\n<p>Birden fazla farkl\u0131 \u015firketin ticari faaliyetlerini daha b\u00fcy\u00fck hacimle ger\u00e7ekle\u015ftirmek gibi ama\u00e7larla birle\u015ferek yeni bir \u015firket kurmas\u0131 yahut bir \u015firketin ba\u015fka bir \u015firket taraf\u0131ndan devral\u0131narak sat\u0131n alan \u015firket b\u00fcnyesinde faaliyetlerine devam etmesi yayg\u0131n bir uygulamad\u0131r. Ekibimiz, Ulusal ve uluslararas\u0131 \u015firketlerin birle\u015fme ve devralma s\u00fcre\u00e7lerinde her t\u00fcrl\u00fc hukuki takip ve dan\u0131\u015fmay\u0131 sa\u011flamaktad\u0131r.<\/p>\n<ul>\n<li>hukuki durum ve risk tespiti (Due Diligence)<\/li>\n<li>birle\u015fme s\u00f6zle\u015fmeleri<\/li>\n<li>konsorsiyum s\u00f6zle\u015fmeleri<\/li>\n<li>Pay devri ve pay rehni s\u00f6zle\u015fmeleri<\/li>\n<li>Hakimiyet ve pay sahipleri s\u00f6zle\u015fmelerinin haz\u0131rlanmas\u0131 ve incelenmesi<\/li>\n<li>Bu s\u00fcre\u00e7te gerekli olan t\u00fcm izin ve ruhsatlar\u0131n al\u0131nmas\u0131<\/li>\n<li>Yabanc\u0131lara ili\u015fkin yat\u0131r\u0131mlar\u0131n\u0131n T\u00fcrkiye\u2019de organize edilmesi<\/li>\n<\/ul>\n<p><strong>S\u00d6ZLE\u015eMELER HUKUKU VE DANI\u015eMANLIK<\/strong><\/p>\n<p>Ekimiz, T\u00fcrk Ticaret Kanunu ve di\u011fer mevzuat ile d\u00fczenlenen her t\u00fcrl\u00fc ticari i\u015flem ve \u015firketler faaliyet ve i\u015flemlerine ili\u015fkin hukuki g\u00f6r\u00fc\u015f ve dan\u0131\u015fmanl\u0131k hizmeti vermektedir. Ayr\u0131ca, \u015firketlere genel kurul  toplant\u0131lar\u0131n\u0131n yap\u0131lmas\u0131, sermaye  art\u0131r\u0131mlar\u0131\/indirim s\u00fcre\u00e7leri, sermaye piyasas\u0131  mevzuat\u0131, haks\u0131z rekabetin  \u00f6nlenmesi ve  t\u00fcketici mevzuat\u0131 konular\u0131nda  dan\u0131\u015fmanl\u0131k hizmeti  vermektedir.  \u015eirket faaliyetleri i\u00e7in b\u00fcy\u00fck \u00f6nem ta\u015f\u0131yan bu konularda sa\u011flad\u0131\u011f\u0131m\u0131z hukuki destek ile t\u00fcm bu s\u00fcre\u00e7lerin m\u00fcvekkiller a\u00e7\u0131s\u0131ndan hukuki prosed\u00fcrlere uygun olarak ilerlemesine katk\u0131 sa\u011fl\u0131yoruz.<\/p>\n<p>Ayn\u0131 zamanda, \u00e7e\u015fitli sekt\u00f6rlerde faaliyet g\u00f6steren yerli ve yabanc\u0131 m\u00fcvekkillere, ticaret ve \u015firketler hukukuna ili\u015fkin her t\u00fcrl\u00fc s\u00f6zle\u015fmenin haz\u0131rlanmas\u0131, incelenmesi ve revize edilmesi, taraflar a\u00e7\u0131s\u0131ndan risklerin belirlenmesi ve sonu\u00e7land\u0131r\u0131lmas\u0131 ve hayata ge\u00e7irilmesi konular\u0131nda hukuki destek sa\u011flanmaktad\u0131r.<\/p>\n<\/div><div class=\"bt_bb_separator bt_bb_bottom_spacing_small bt_bb_border_style_none\"><\/div><\/div><\/div><\/div><\/div><\/div><\/div><\/div><\/div><\/section><\/div>","protected":false},"excerpt":{"rendered":"","protected":false},"author":1,"featured_media":0,"parent":0,"menu_order":0,"comment_status":"closed","ping_status":"closed","template":"","meta":[],"yoast_head":"<!-- This site is optimized with the Yoast SEO plugin v16.8 - https:\/\/yoast.com\/wordpress\/plugins\/seo\/ -->\n<title>CORPORATE LAW - CANAYDIN Law Firm<\/title>\n<meta name=\"robots\" content=\"index, follow, max-snippet:-1, max-image-preview:large, max-video-preview:-1\" \/>\n<link rel=\"canonical\" href=\"https:\/\/www.canaydin.av.tr\/tr\/corporate-law\/\" \/>\n<meta property=\"og:locale\" content=\"tr_TR\" \/>\n<meta property=\"og:type\" content=\"article\" \/>\n<meta property=\"og:title\" content=\"CORPORATE LAW - CANAYDIN Law Firm\" \/>\n<meta property=\"og:url\" content=\"https:\/\/www.canaydin.av.tr\/tr\/corporate-law\/\" \/>\n<meta property=\"og:site_name\" content=\"CANAYDIN Law Firm\" \/>\n<meta property=\"article:publisher\" content=\"https:\/\/www.facebook.com\/Canayd%c4%b1n-Law-Firm-108564714824327\" \/>\n<meta property=\"article:modified_time\" content=\"2023-06-15T07:24:24+00:00\" \/>\n<meta property=\"og:image\" content=\"https:\/\/www.canaydin.av.tr\/wp-content\/uploads\/2021\/07\/Logo-Canaydin.png\" \/>\n\t<meta property=\"og:image:width\" content=\"3733\" \/>\n\t<meta property=\"og:image:height\" content=\"1029\" \/>\n<meta name=\"twitter:card\" content=\"summary_large_image\" \/>\n<meta name=\"twitter:label1\" content=\"Tahmini okuma s\u00fcresi\" \/>\n\t<meta name=\"twitter:data1\" content=\"4 dakika\" \/>\n<script type=\"application\/ld+json\" class=\"yoast-schema-graph\">{\"@context\":\"https:\/\/schema.org\",\"@graph\":[{\"@type\":\"Organization\",\"@id\":\"https:\/\/www.canaydin.av.tr\/#organization\",\"name\":\"Canaydin Law Firm\",\"url\":\"https:\/\/www.canaydin.av.tr\/\",\"sameAs\":[\"https:\/\/www.facebook.com\/Canayd\\u0131n-Law-Firm-108564714824327\",\"https:\/\/instagram.com\/canaydinlawfirm\",\"https:\/\/www.linkedin.com\/company\/canaydin-law-firm\/\",\"https:\/\/www.youtube.com\/channel\/UCAioITA_h23oo3pWmEAgMfQ\"],\"logo\":{\"@type\":\"ImageObject\",\"@id\":\"https:\/\/www.canaydin.av.tr\/#logo\",\"inLanguage\":\"tr\",\"url\":\"https:\/\/www.canaydin.av.tr\/wp-content\/uploads\/2021\/07\/Logo-Canaydin.png\",\"contentUrl\":\"https:\/\/www.canaydin.av.tr\/wp-content\/uploads\/2021\/07\/Logo-Canaydin.png\",\"width\":3733,\"height\":1029,\"caption\":\"Canaydin Law Firm\"},\"image\":{\"@id\":\"https:\/\/www.canaydin.av.tr\/#logo\"}},{\"@type\":\"WebSite\",\"@id\":\"https:\/\/www.canaydin.av.tr\/#website\",\"url\":\"https:\/\/www.canaydin.av.tr\/\",\"name\":\"CANAYDIN Law Firm\",\"description\":\"\",\"publisher\":{\"@id\":\"https:\/\/www.canaydin.av.tr\/#organization\"},\"potentialAction\":[{\"@type\":\"SearchAction\",\"target\":{\"@type\":\"EntryPoint\",\"urlTemplate\":\"https:\/\/www.canaydin.av.tr\/?s={search_term_string}\"},\"query-input\":\"required name=search_term_string\"}],\"inLanguage\":\"tr\"},{\"@type\":\"WebPage\",\"@id\":\"https:\/\/www.canaydin.av.tr\/corporate-law\/#webpage\",\"url\":\"https:\/\/www.canaydin.av.tr\/corporate-law\/\",\"name\":\"CORPORATE LAW - CANAYDIN Law Firm\",\"isPartOf\":{\"@id\":\"https:\/\/www.canaydin.av.tr\/#website\"},\"datePublished\":\"2021-06-12T13:59:36+00:00\",\"dateModified\":\"2023-06-15T07:24:24+00:00\",\"breadcrumb\":{\"@id\":\"https:\/\/www.canaydin.av.tr\/corporate-law\/#breadcrumb\"},\"inLanguage\":\"tr\",\"potentialAction\":[{\"@type\":\"ReadAction\",\"target\":[\"https:\/\/www.canaydin.av.tr\/corporate-law\/\"]}]},{\"@type\":\"BreadcrumbList\",\"@id\":\"https:\/\/www.canaydin.av.tr\/corporate-law\/#breadcrumb\",\"itemListElement\":[{\"@type\":\"ListItem\",\"position\":1,\"name\":\"Anasayfa\",\"item\":\"https:\/\/www.canaydin.av.tr\/\"},{\"@type\":\"ListItem\",\"position\":2,\"name\":\"CORPORATE LAW\"}]}]}<\/script>\n<!-- \/ Yoast SEO plugin. -->","yoast_head_json":{"title":"CORPORATE LAW - CANAYDIN Law Firm","robots":{"index":"index","follow":"follow","max-snippet":"max-snippet:-1","max-image-preview":"max-image-preview:large","max-video-preview":"max-video-preview:-1"},"canonical":"https:\/\/www.canaydin.av.tr\/tr\/corporate-law\/","og_locale":"tr_TR","og_type":"article","og_title":"CORPORATE LAW - CANAYDIN Law Firm","og_url":"https:\/\/www.canaydin.av.tr\/tr\/corporate-law\/","og_site_name":"CANAYDIN Law Firm","article_publisher":"https:\/\/www.facebook.com\/Canayd%c4%b1n-Law-Firm-108564714824327","article_modified_time":"2023-06-15T07:24:24+00:00","og_image":[{"width":3733,"height":1029,"url":"https:\/\/www.canaydin.av.tr\/wp-content\/uploads\/2021\/07\/Logo-Canaydin.png","path":"\/home\/u616560269\/domains\/canaydin.av.tr\/public_html\/wp-content\/uploads\/2021\/07\/Logo-Canaydin.png","size":"full","id":3987,"alt":"","pixels":3841257,"type":"image\/png"}],"twitter_card":"summary_large_image","twitter_misc":{"Tahmini okuma s\u00fcresi":"4 dakika"},"schema":{"@context":"https:\/\/schema.org","@graph":[{"@type":"Organization","@id":"https:\/\/www.canaydin.av.tr\/#organization","name":"Canaydin Law Firm","url":"https:\/\/www.canaydin.av.tr\/","sameAs":["https:\/\/www.facebook.com\/Canayd\u0131n-Law-Firm-108564714824327","https:\/\/instagram.com\/canaydinlawfirm","https:\/\/www.linkedin.com\/company\/canaydin-law-firm\/","https:\/\/www.youtube.com\/channel\/UCAioITA_h23oo3pWmEAgMfQ"],"logo":{"@type":"ImageObject","@id":"https:\/\/www.canaydin.av.tr\/#logo","inLanguage":"tr","url":"https:\/\/www.canaydin.av.tr\/wp-content\/uploads\/2021\/07\/Logo-Canaydin.png","contentUrl":"https:\/\/www.canaydin.av.tr\/wp-content\/uploads\/2021\/07\/Logo-Canaydin.png","width":3733,"height":1029,"caption":"Canaydin Law Firm"},"image":{"@id":"https:\/\/www.canaydin.av.tr\/#logo"}},{"@type":"WebSite","@id":"https:\/\/www.canaydin.av.tr\/#website","url":"https:\/\/www.canaydin.av.tr\/","name":"CANAYDIN Law Firm","description":"","publisher":{"@id":"https:\/\/www.canaydin.av.tr\/#organization"},"potentialAction":[{"@type":"SearchAction","target":{"@type":"EntryPoint","urlTemplate":"https:\/\/www.canaydin.av.tr\/?s={search_term_string}"},"query-input":"required name=search_term_string"}],"inLanguage":"tr"},{"@type":"WebPage","@id":"https:\/\/www.canaydin.av.tr\/corporate-law\/#webpage","url":"https:\/\/www.canaydin.av.tr\/corporate-law\/","name":"CORPORATE LAW - CANAYDIN Law Firm","isPartOf":{"@id":"https:\/\/www.canaydin.av.tr\/#website"},"datePublished":"2021-06-12T13:59:36+00:00","dateModified":"2023-06-15T07:24:24+00:00","breadcrumb":{"@id":"https:\/\/www.canaydin.av.tr\/corporate-law\/#breadcrumb"},"inLanguage":"tr","potentialAction":[{"@type":"ReadAction","target":["https:\/\/www.canaydin.av.tr\/corporate-law\/"]}]},{"@type":"BreadcrumbList","@id":"https:\/\/www.canaydin.av.tr\/corporate-law\/#breadcrumb","itemListElement":[{"@type":"ListItem","position":1,"name":"Anasayfa","item":"https:\/\/www.canaydin.av.tr\/"},{"@type":"ListItem","position":2,"name":"CORPORATE LAW"}]}]}},"_links":{"self":[{"href":"https:\/\/www.canaydin.av.tr\/tr\/wp-json\/wp\/v2\/pages\/3715"}],"collection":[{"href":"https:\/\/www.canaydin.av.tr\/tr\/wp-json\/wp\/v2\/pages"}],"about":[{"href":"https:\/\/www.canaydin.av.tr\/tr\/wp-json\/wp\/v2\/types\/page"}],"author":[{"embeddable":true,"href":"https:\/\/www.canaydin.av.tr\/tr\/wp-json\/wp\/v2\/users\/1"}],"replies":[{"embeddable":true,"href":"https:\/\/www.canaydin.av.tr\/tr\/wp-json\/wp\/v2\/comments?post=3715"}],"version-history":[{"count":5,"href":"https:\/\/www.canaydin.av.tr\/tr\/wp-json\/wp\/v2\/pages\/3715\/revisions"}],"predecessor-version":[{"id":4145,"href":"https:\/\/www.canaydin.av.tr\/tr\/wp-json\/wp\/v2\/pages\/3715\/revisions\/4145"}],"wp:attachment":[{"href":"https:\/\/www.canaydin.av.tr\/tr\/wp-json\/wp\/v2\/media?parent=3715"}],"curies":[{"name":"wp","href":"https:\/\/api.w.org\/{rel}","templated":true}]}}