{"id":3696,"date":"2021-06-08T14:44:21","date_gmt":"2021-06-08T11:44:21","guid":{"rendered":"http:\/\/www.canaydin.av.tr\/?page_id=3696"},"modified":"2023-06-15T10:24:25","modified_gmt":"2023-06-15T07:24:25","slug":"victims-of-human-trafficking","status":"publish","type":"page","link":"https:\/\/www.canaydin.av.tr\/tr\/immigration-law\/residence-permit\/victims-of-human-trafficking\/","title":{"rendered":"\u0130NSAN T\u0130CARET\u0130 MA\u011eDURU \u0130KAMET \u0130ZN\u0130"},"content":{"rendered":"<div class=\"bt_bb_wrapper\"><section id=\"bt_bb_section69df432129623\"  class=\"bt_bb_section bt_bb_top_spacing_large bt_bb_bottom_spacing_large bt_bb_color_scheme_10 bt_bb_layout_boxed_1200 bt_bb_vertical_align_top\" style=\";background-color:#0f1625;\"><div class=\"bt_bb_port\"><div class=\"bt_bb_cell\"><div class=\"bt_bb_cell_inner\"><\/div><\/div><\/div><\/section><section id=\"bt_bb_section69df432129672\"  class=\"bt_bb_section bt_bb_layout_wide bt_bb_vertical_align_top bt_bb_negative_margin_large\" ><div class=\"bt_bb_port\"><div class=\"bt_bb_cell\"><div class=\"bt_bb_cell_inner\"><div class=\"bt_bb_row_wrapper\"><div  class=\"bt_bb_row bt_bb_layout_special btOverlapRight\" ><div  class=\"bt_bb_column col-xl-6 bt_bb_align_left bt_bb_padding_normal\"  data-width=\"6\" data-bt-override-class=\"{&quot;bt_bb_align_&quot;:{&quot;current_class&quot;:&quot;bt_bb_align_left&quot;,&quot;xl&quot;:&quot;left&quot;}}\"><div class=\"bt_bb_column_content bt_bb_vertical_align_top bt_bb_color_scheme_ bt_bb_column_background_image\" style=\"background-image:url(&#039;https:\/\/www.canaydin.av.tr\/wp-content\/uploads\/2019\/10\/background_02.jpg&#039;);\"><div class=\"bt_bb_column_content_inner\"><\/div><\/div><\/div><div  class=\"bt_bb_column col-xl-6 btWithIcon bt_bb_align_left bt_bb_icon_color_scheme_6 bt_bb_padding_normal bt_bb_animation_fade_in animate\" style=\"; --column-icon-primary-color:#ffffff; --column-icon-secondary-color:#b07c4b;\" data-width=\"6\" data-bt-override-class=\"{&quot;bt_bb_align_&quot;:{&quot;current_class&quot;:&quot;bt_bb_align_left&quot;,&quot;xl&quot;:&quot;left&quot;}}\"><div class=\"bt_bb_column_content bt_bb_vertical_align_top bt_bb_color_scheme_\"><div class=\"bt_bb_column_icon\"><span  data-ico-law=\"&#xf13e;\" class=\"bt_bb_icon_holder\"><\/span><\/div><div class=\"bt_bb_column_content_inner\"><header class=\"bt_bb_headline bt_bb_color_scheme_14 bt_bb_dash_none bt_bb_size_normal bt_bb_align_inherit\" data-bt-override-class=\"{&quot;bt_bb_align_&quot;:{&quot;current_class&quot;:&quot;bt_bb_align_inherit&quot;,&quot;xl&quot;:&quot;inherit&quot;}}\"><h3 class=\"bt_bb_headline_tag\"><span class=\"bt_bb_headline_content\"><span>\u0130NSAN T\u0130CARET\u0130 MA\u011eDURU \u0130KAMET \u0130ZN\u0130<\/span><\/span><\/h3><\/header><div class=\"bt_bb_separator bt_bb_bottom_spacing_normal bt_bb_border_style_none\"><\/div><div  class=\"bt_bb_text\" ><p>6458 say\u0131l\u0131 Yabanc\u0131lar ve Uluslararas\u0131 Koruma Kanunu ve Yabanc\u0131lar ve Uluslararas\u0131 Koruma Kanununda insan ticareti ma\u011fduru ikamet izni d\u00fczenlenmi\u015ftir.<\/p>\n<\/div><div class=\"bt_bb_separator bt_bb_top_spacing_small bt_bb_bottom_spacing_normal bt_bb_border_style_none\"><\/div><div class=\"bt_bb_button bt_bb_color_scheme_3 bt_bb_style_clean bt_bb_size_large bt_bb_width_inline bt_bb_shape_inherit bt_bb_align_inherit\" style=\"; --button-primary-color:#b07c4b; --button-secondary-color:#191919;\" data-bt-override-class=\"{&quot;bt_bb_size_&quot;:{&quot;current_class&quot;:&quot;bt_bb_size_large&quot;,&quot;xl&quot;:&quot;large&quot;},&quot;bt_bb_align_&quot;:{&quot;current_class&quot;:&quot;bt_bb_align_inherit&quot;,&quot;xl&quot;:&quot;inherit&quot;}}\"><a href=\"https:\/\/www.canaydin.av.tr\/tr\/contact\/\" target=\"_self\" class=\"bt_bb_link\" title=\"B\u0130Z\u0130MLE \u0130LET\u0130\u015e\u0130ME GE\u00c7\u0130N\"><span class=\"bt_bb_button_text\">B\u0130Z\u0130MLE \u0130LET\u0130\u015e\u0130ME GE\u00c7\u0130N<\/span><\/a><\/div><\/div><\/div><\/div><\/div><\/div><\/div><\/div><\/div><\/section><section id=\"bt_bb_section69df432129eb7\"  class=\"bt_bb_section bt_bb_top_spacing_large bt_bb_bottom_spacing_large bt_bb_layout_boxed_1200 bt_bb_vertical_align_top\" ><div class=\"bt_bb_port\"><div class=\"bt_bb_cell\"><div class=\"bt_bb_cell_inner\"><div class=\"bt_bb_row_wrapper\"><div  class=\"bt_bb_row\" ><div  class=\"bt_bb_column col-xl-12 col-xs-12 col-sm-12 col-md-12 col-lg-12 bt_bb_align_left bt_bb_padding_normal bt_bb_animation_fade_in animate\"  data-width=\"12\" data-bt-override-class=\"{&quot;bt_bb_align_&quot;:{&quot;current_class&quot;:&quot;bt_bb_align_left&quot;,&quot;xl&quot;:&quot;left&quot;}}\"><div class=\"bt_bb_column_content bt_bb_vertical_align_top bt_bb_color_scheme_\"><div class=\"bt_bb_column_content_inner\"><div  class=\"bt_bb_text\" ><p>\u0130nsani ticaret Ma\u011fduru \u0130kamet izni ,d\u00fczensiz g\u00f6\u00e7 yollar\u0131n\u0131 kullan\u0131rken ma\u011fduriyete u\u011fram\u0131\u015f veya u\u011frad\u0131\u011f\u0131 y\u00f6n\u00fcnden kuvvetli \u015f\u00fcphe bulunan yabanc\u0131 ki\u015filere k\u0131sa s\u00fcreli\u011fine verilen ikamet t\u00fcr\u00fcd\u00fcr.<\/p>\n<p>\u0130nsan ticareti ma\u011fduru ikamet izni valiliklerce otuz g\u00fcn s\u00fcreli d\u00fczenlenmektedir. D\u00fczenlenen insan ticareti ma\u011fduru ikamet izinleri en fazla alt\u0131\u015far ayl\u0131k s\u00fcrelerle uzat\u0131labilir, ancak bu s\u00fcreler toplamda \u00fc\u00e7 y\u0131l\u0131 ge\u00e7emez.<\/p>\n<p>\u0130nsan ticareti ma\u011fduru ikamet izninde di\u011fer ikamet izinlerinin verilmesindeki \u015fartlar aranmamaktad\u0131r.<\/p>\n<p>\u0130nsan ticareti ma\u011fduru ikamet izni a\u015fa\u011f\u0131daki nedenlerle iptal edilir veya uzat\u0131lmaz:<\/p>\n<p>- Yabanc\u0131n\u0131n insan ticareti su\u00e7unun failleriyle yeniden ba\u011f kurdu\u011funun belirlenmesi,<\/p>\n<p>- Getirilen y\u00fck\u00fcml\u00fcl\u00fcklere uyulmamas\u0131,<\/p>\n<p>- Yabanc\u0131n\u0131n ma\u011fdur olmad\u0131\u011f\u0131n\u0131n anla\u015f\u0131lmas\u0131 durumlar\u0131nda insan ticareti ma\u011fduru ikamet izni iptal edilir.  Ancak say\u0131lan durumlar\u0131n zorlama, korkutma, \u015fiddet, tehdit gibi nedenlere ba\u011fl\u0131 olarak iradesinin d\u0131\u015f\u0131nda yapt\u0131\u011f\u0131n\u0131n tespiti halinde ikamet izni iptal edilmez.<\/p>\n<p>B\u00fcromuz uzman kadrosu ile \u0130nsan Ticareti Ma\u011fduru \u0130kamet \u0130zni alan\u0131nda hizmet vermektedir. Ayr\u0131nt\u0131l\u0131 bilgi i\u00e7in bizimle ileti\u015fime ge\u00e7ebilirsiniz.<\/p>\n<\/div><div class=\"bt_bb_separator bt_bb_bottom_spacing_small bt_bb_border_style_none\"><\/div><\/div><\/div><\/div><\/div><\/div><\/div><\/div><\/div><\/section><\/div>","protected":false},"excerpt":{"rendered":"","protected":false},"author":1,"featured_media":0,"parent":3622,"menu_order":0,"comment_status":"closed","ping_status":"closed","template":"","meta":[],"yoast_head":"<!-- This site is optimized with the Yoast SEO plugin v16.8 - https:\/\/yoast.com\/wordpress\/plugins\/seo\/ -->\n<title>VICTIMS OF HUMAN TRAFFICKING - CANAYDIN Law Firm<\/title>\n<meta name=\"description\" content=\"Residence permit for victims of human trafficking shall be regulated by Foreigners and International Protection Law No. 6458 and the Regulation for Implementation of the Law on Foreigners and International Protection\" \/>\n<meta name=\"robots\" content=\"index, follow, max-snippet:-1, max-image-preview:large, max-video-preview:-1\" \/>\n<link rel=\"canonical\" href=\"https:\/\/www.canaydin.av.tr\/tr\/immigration-law\/residence-permit\/victims-of-human-trafficking\/\" \/>\n<meta property=\"og:locale\" content=\"tr_TR\" \/>\n<meta property=\"og:type\" content=\"article\" \/>\n<meta property=\"og:title\" content=\"VICTIMS OF HUMAN TRAFFICKING - CANAYDIN Law Firm\" \/>\n<meta property=\"og:description\" content=\"Residence permit for victims of human trafficking shall be regulated by Foreigners and International Protection Law No. 6458 and the Regulation for Implementation of the Law on Foreigners and International Protection\" \/>\n<meta property=\"og:url\" content=\"https:\/\/www.canaydin.av.tr\/tr\/immigration-law\/residence-permit\/victims-of-human-trafficking\/\" \/>\n<meta property=\"og:site_name\" content=\"CANAYDIN Law Firm\" \/>\n<meta property=\"article:publisher\" content=\"https:\/\/www.facebook.com\/Canayd%c4%b1n-Law-Firm-108564714824327\" \/>\n<meta property=\"article:modified_time\" content=\"2023-06-15T07:24:25+00:00\" \/>\n<meta property=\"og:image\" content=\"https:\/\/www.canaydin.av.tr\/wp-content\/uploads\/2021\/07\/Logo-Canaydin.png\" \/>\n\t<meta property=\"og:image:width\" content=\"3733\" \/>\n\t<meta property=\"og:image:height\" content=\"1029\" \/>\n<meta name=\"twitter:card\" content=\"summary_large_image\" \/>\n<meta name=\"twitter:label1\" content=\"Tahmini okuma s\u00fcresi\" \/>\n\t<meta name=\"twitter:data1\" content=\"4 dakika\" \/>\n<script type=\"application\/ld+json\" class=\"yoast-schema-graph\">{\"@context\":\"https:\/\/schema.org\",\"@graph\":[{\"@type\":\"Organization\",\"@id\":\"https:\/\/www.canaydin.av.tr\/#organization\",\"name\":\"Canaydin Law Firm\",\"url\":\"https:\/\/www.canaydin.av.tr\/\",\"sameAs\":[\"https:\/\/www.facebook.com\/Canayd\\u0131n-Law-Firm-108564714824327\",\"https:\/\/instagram.com\/canaydinlawfirm\",\"https:\/\/www.linkedin.com\/company\/canaydin-law-firm\/\",\"https:\/\/www.youtube.com\/channel\/UCAioITA_h23oo3pWmEAgMfQ\"],\"logo\":{\"@type\":\"ImageObject\",\"@id\":\"https:\/\/www.canaydin.av.tr\/#logo\",\"inLanguage\":\"tr\",\"url\":\"https:\/\/www.canaydin.av.tr\/wp-content\/uploads\/2021\/07\/Logo-Canaydin.png\",\"contentUrl\":\"https:\/\/www.canaydin.av.tr\/wp-content\/uploads\/2021\/07\/Logo-Canaydin.png\",\"width\":3733,\"height\":1029,\"caption\":\"Canaydin Law Firm\"},\"image\":{\"@id\":\"https:\/\/www.canaydin.av.tr\/#logo\"}},{\"@type\":\"WebSite\",\"@id\":\"https:\/\/www.canaydin.av.tr\/#website\",\"url\":\"https:\/\/www.canaydin.av.tr\/\",\"name\":\"CANAYDIN Law Firm\",\"description\":\"\",\"publisher\":{\"@id\":\"https:\/\/www.canaydin.av.tr\/#organization\"},\"potentialAction\":[{\"@type\":\"SearchAction\",\"target\":{\"@type\":\"EntryPoint\",\"urlTemplate\":\"https:\/\/www.canaydin.av.tr\/?s={search_term_string}\"},\"query-input\":\"required name=search_term_string\"}],\"inLanguage\":\"tr\"},{\"@type\":\"WebPage\",\"@id\":\"https:\/\/www.canaydin.av.tr\/immigration-law\/residence-permit\/victims-of-human-trafficking\/#webpage\",\"url\":\"https:\/\/www.canaydin.av.tr\/immigration-law\/residence-permit\/victims-of-human-trafficking\/\",\"name\":\"VICTIMS OF HUMAN TRAFFICKING - CANAYDIN Law Firm\",\"isPartOf\":{\"@id\":\"https:\/\/www.canaydin.av.tr\/#website\"},\"datePublished\":\"2021-06-08T11:44:21+00:00\",\"dateModified\":\"2023-06-15T07:24:25+00:00\",\"description\":\"Residence permit for victims of human trafficking shall be regulated by Foreigners and International Protection Law No. 6458 and the Regulation for Implementation of the Law on Foreigners and International Protection\",\"breadcrumb\":{\"@id\":\"https:\/\/www.canaydin.av.tr\/immigration-law\/residence-permit\/victims-of-human-trafficking\/#breadcrumb\"},\"inLanguage\":\"tr\",\"potentialAction\":[{\"@type\":\"ReadAction\",\"target\":[\"https:\/\/www.canaydin.av.tr\/immigration-law\/residence-permit\/victims-of-human-trafficking\/\"]}]},{\"@type\":\"BreadcrumbList\",\"@id\":\"https:\/\/www.canaydin.av.tr\/immigration-law\/residence-permit\/victims-of-human-trafficking\/#breadcrumb\",\"itemListElement\":[{\"@type\":\"ListItem\",\"position\":1,\"name\":\"Anasayfa\",\"item\":\"https:\/\/www.canaydin.av.tr\/\"},{\"@type\":\"ListItem\",\"position\":2,\"name\":\"IMMIGRATION LAW\",\"item\":\"https:\/\/www.canaydin.av.tr\/immigration-law\/\"},{\"@type\":\"ListItem\",\"position\":3,\"name\":\"Residence Permit\",\"item\":\"https:\/\/www.canaydin.av.tr\/immigration-law\/residence-permit\/\"},{\"@type\":\"ListItem\",\"position\":4,\"name\":\"VICTIMS OF HUMAN TRAFFICKING\"}]}]}<\/script>\n<!-- \/ Yoast SEO plugin. -->","yoast_head_json":{"title":"VICTIMS OF HUMAN TRAFFICKING - CANAYDIN Law Firm","description":"Residence permit for victims of human trafficking shall be regulated by Foreigners and International Protection Law No. 6458 and the Regulation for Implementation of the Law on Foreigners and International Protection","robots":{"index":"index","follow":"follow","max-snippet":"max-snippet:-1","max-image-preview":"max-image-preview:large","max-video-preview":"max-video-preview:-1"},"canonical":"https:\/\/www.canaydin.av.tr\/tr\/immigration-law\/residence-permit\/victims-of-human-trafficking\/","og_locale":"tr_TR","og_type":"article","og_title":"VICTIMS OF HUMAN TRAFFICKING - CANAYDIN Law Firm","og_description":"Residence permit for victims of human trafficking shall be regulated by Foreigners and International Protection Law No. 6458 and the Regulation for Implementation of the Law on Foreigners and International Protection","og_url":"https:\/\/www.canaydin.av.tr\/tr\/immigration-law\/residence-permit\/victims-of-human-trafficking\/","og_site_name":"CANAYDIN Law Firm","article_publisher":"https:\/\/www.facebook.com\/Canayd%c4%b1n-Law-Firm-108564714824327","article_modified_time":"2023-06-15T07:24:25+00:00","og_image":[{"width":3733,"height":1029,"url":"https:\/\/www.canaydin.av.tr\/wp-content\/uploads\/2021\/07\/Logo-Canaydin.png","path":"\/home\/u616560269\/domains\/canaydin.av.tr\/public_html\/wp-content\/uploads\/2021\/07\/Logo-Canaydin.png","size":"full","id":3987,"alt":"","pixels":3841257,"type":"image\/png"}],"twitter_card":"summary_large_image","twitter_misc":{"Tahmini okuma s\u00fcresi":"4 dakika"},"schema":{"@context":"https:\/\/schema.org","@graph":[{"@type":"Organization","@id":"https:\/\/www.canaydin.av.tr\/#organization","name":"Canaydin Law Firm","url":"https:\/\/www.canaydin.av.tr\/","sameAs":["https:\/\/www.facebook.com\/Canayd\u0131n-Law-Firm-108564714824327","https:\/\/instagram.com\/canaydinlawfirm","https:\/\/www.linkedin.com\/company\/canaydin-law-firm\/","https:\/\/www.youtube.com\/channel\/UCAioITA_h23oo3pWmEAgMfQ"],"logo":{"@type":"ImageObject","@id":"https:\/\/www.canaydin.av.tr\/#logo","inLanguage":"tr","url":"https:\/\/www.canaydin.av.tr\/wp-content\/uploads\/2021\/07\/Logo-Canaydin.png","contentUrl":"https:\/\/www.canaydin.av.tr\/wp-content\/uploads\/2021\/07\/Logo-Canaydin.png","width":3733,"height":1029,"caption":"Canaydin Law Firm"},"image":{"@id":"https:\/\/www.canaydin.av.tr\/#logo"}},{"@type":"WebSite","@id":"https:\/\/www.canaydin.av.tr\/#website","url":"https:\/\/www.canaydin.av.tr\/","name":"CANAYDIN Law Firm","description":"","publisher":{"@id":"https:\/\/www.canaydin.av.tr\/#organization"},"potentialAction":[{"@type":"SearchAction","target":{"@type":"EntryPoint","urlTemplate":"https:\/\/www.canaydin.av.tr\/?s={search_term_string}"},"query-input":"required name=search_term_string"}],"inLanguage":"tr"},{"@type":"WebPage","@id":"https:\/\/www.canaydin.av.tr\/immigration-law\/residence-permit\/victims-of-human-trafficking\/#webpage","url":"https:\/\/www.canaydin.av.tr\/immigration-law\/residence-permit\/victims-of-human-trafficking\/","name":"VICTIMS OF HUMAN TRAFFICKING - CANAYDIN Law Firm","isPartOf":{"@id":"https:\/\/www.canaydin.av.tr\/#website"},"datePublished":"2021-06-08T11:44:21+00:00","dateModified":"2023-06-15T07:24:25+00:00","description":"Residence permit for victims of human trafficking shall be regulated by Foreigners and International Protection Law No. 6458 and the Regulation for Implementation of the Law on Foreigners and International Protection","breadcrumb":{"@id":"https:\/\/www.canaydin.av.tr\/immigration-law\/residence-permit\/victims-of-human-trafficking\/#breadcrumb"},"inLanguage":"tr","potentialAction":[{"@type":"ReadAction","target":["https:\/\/www.canaydin.av.tr\/immigration-law\/residence-permit\/victims-of-human-trafficking\/"]}]},{"@type":"BreadcrumbList","@id":"https:\/\/www.canaydin.av.tr\/immigration-law\/residence-permit\/victims-of-human-trafficking\/#breadcrumb","itemListElement":[{"@type":"ListItem","position":1,"name":"Anasayfa","item":"https:\/\/www.canaydin.av.tr\/"},{"@type":"ListItem","position":2,"name":"IMMIGRATION LAW","item":"https:\/\/www.canaydin.av.tr\/immigration-law\/"},{"@type":"ListItem","position":3,"name":"Residence Permit","item":"https:\/\/www.canaydin.av.tr\/immigration-law\/residence-permit\/"},{"@type":"ListItem","position":4,"name":"VICTIMS OF HUMAN TRAFFICKING"}]}]}},"_links":{"self":[{"href":"https:\/\/www.canaydin.av.tr\/tr\/wp-json\/wp\/v2\/pages\/3696"}],"collection":[{"href":"https:\/\/www.canaydin.av.tr\/tr\/wp-json\/wp\/v2\/pages"}],"about":[{"href":"https:\/\/www.canaydin.av.tr\/tr\/wp-json\/wp\/v2\/types\/page"}],"author":[{"embeddable":true,"href":"https:\/\/www.canaydin.av.tr\/tr\/wp-json\/wp\/v2\/users\/1"}],"replies":[{"embeddable":true,"href":"https:\/\/www.canaydin.av.tr\/tr\/wp-json\/wp\/v2\/comments?post=3696"}],"version-history":[{"count":2,"href":"https:\/\/www.canaydin.av.tr\/tr\/wp-json\/wp\/v2\/pages\/3696\/revisions"}],"predecessor-version":[{"id":3927,"href":"https:\/\/www.canaydin.av.tr\/tr\/wp-json\/wp\/v2\/pages\/3696\/revisions\/3927"}],"up":[{"embeddable":true,"href":"https:\/\/www.canaydin.av.tr\/tr\/wp-json\/wp\/v2\/pages\/3622"}],"wp:attachment":[{"href":"https:\/\/www.canaydin.av.tr\/tr\/wp-json\/wp\/v2\/media?parent=3696"}],"curies":[{"name":"wp","href":"https:\/\/api.w.org\/{rel}","templated":true}]}}