{"id":3694,"date":"2021-06-08T14:42:23","date_gmt":"2021-06-08T11:42:23","guid":{"rendered":"http:\/\/www.canaydin.av.tr\/?page_id=3694"},"modified":"2023-06-15T10:24:24","modified_gmt":"2023-06-15T07:24:24","slug":"humanitarian-residence-permit","status":"publish","type":"page","link":"https:\/\/www.canaydin.av.tr\/tr\/immigration-law\/residence-permit\/humanitarian-residence-permit\/","title":{"rendered":"\u0130NSAN\u0130 \u0130KAMET \u0130ZN\u0130"},"content":{"rendered":"<div class=\"bt_bb_wrapper\"><section id=\"bt_bb_section69e11c87f0f51\"  class=\"bt_bb_section bt_bb_top_spacing_large bt_bb_bottom_spacing_large bt_bb_color_scheme_10 bt_bb_layout_boxed_1200 bt_bb_vertical_align_top\" style=\";background-color:#0f1625;\"><div class=\"bt_bb_port\"><div class=\"bt_bb_cell\"><div class=\"bt_bb_cell_inner\"><\/div><\/div><\/div><\/section><section id=\"bt_bb_section69e11c87f0fa7\"  class=\"bt_bb_section bt_bb_layout_wide bt_bb_vertical_align_top bt_bb_negative_margin_large\" ><div class=\"bt_bb_port\"><div class=\"bt_bb_cell\"><div class=\"bt_bb_cell_inner\"><div class=\"bt_bb_row_wrapper\"><div  class=\"bt_bb_row bt_bb_layout_special btOverlapRight\" ><div  class=\"bt_bb_column col-xl-6 bt_bb_align_left bt_bb_padding_normal\"  data-width=\"6\" data-bt-override-class=\"{&quot;bt_bb_align_&quot;:{&quot;current_class&quot;:&quot;bt_bb_align_left&quot;,&quot;xl&quot;:&quot;left&quot;}}\"><div class=\"bt_bb_column_content bt_bb_vertical_align_top bt_bb_color_scheme_ bt_bb_column_background_image\" style=\"background-image:url(&#039;https:\/\/www.canaydin.av.tr\/wp-content\/uploads\/2019\/10\/background_02.jpg&#039;);\"><div class=\"bt_bb_column_content_inner\"><\/div><\/div><\/div><div  class=\"bt_bb_column col-xl-6 btWithIcon bt_bb_align_left bt_bb_icon_color_scheme_6 bt_bb_padding_normal bt_bb_animation_fade_in animate\" style=\"; --column-icon-primary-color:#ffffff; --column-icon-secondary-color:#b07c4b;\" data-width=\"6\" data-bt-override-class=\"{&quot;bt_bb_align_&quot;:{&quot;current_class&quot;:&quot;bt_bb_align_left&quot;,&quot;xl&quot;:&quot;left&quot;}}\"><div class=\"bt_bb_column_content bt_bb_vertical_align_top bt_bb_color_scheme_\"><div class=\"bt_bb_column_icon\"><span  data-ico-law=\"&#xf13e;\" class=\"bt_bb_icon_holder\"><\/span><\/div><div class=\"bt_bb_column_content_inner\"><header class=\"bt_bb_headline bt_bb_color_scheme_14 bt_bb_dash_none bt_bb_size_normal bt_bb_align_inherit\" data-bt-override-class=\"{&quot;bt_bb_align_&quot;:{&quot;current_class&quot;:&quot;bt_bb_align_inherit&quot;,&quot;xl&quot;:&quot;inherit&quot;}}\"><h3 class=\"bt_bb_headline_tag\"><span class=\"bt_bb_headline_content\"><span>T\u00fcrkiye&#039;de \u0130nsani \u0130kamet \u0130zni<\/span><\/span><\/h3><\/header><div class=\"bt_bb_separator bt_bb_bottom_spacing_normal bt_bb_border_style_none\"><\/div><div  class=\"bt_bb_text\" ><p>\u0130nsani nedenlerle ikamet izni, 6458 say\u0131l\u0131 Yabanc\u0131lar ve Uluslararas\u0131 Koruma Kanunu&#039;nun 46 ve 47. maddeleri ile d\u00fczenlenmektedir. Ayr\u0131ca, insani nedenlerle ikamet izni, Yabanc\u0131lar ve Uluslararas\u0131 Koruma Kanunu&#039;nun Uygulanmas\u0131na \u0130li\u015fkin Y\u00f6netmeli\u011fin 44. maddesi ile d\u00fczenlenmektedir.<\/p>\n<\/div><div class=\"bt_bb_separator bt_bb_top_spacing_small bt_bb_bottom_spacing_normal bt_bb_border_style_none\"><\/div><div class=\"bt_bb_button bt_bb_color_scheme_3 bt_bb_style_clean bt_bb_size_large bt_bb_width_inline bt_bb_shape_inherit bt_bb_align_inherit\" style=\"; --button-primary-color:#b07c4b; --button-secondary-color:#191919;\" data-bt-override-class=\"{&quot;bt_bb_size_&quot;:{&quot;current_class&quot;:&quot;bt_bb_size_large&quot;,&quot;xl&quot;:&quot;large&quot;},&quot;bt_bb_align_&quot;:{&quot;current_class&quot;:&quot;bt_bb_align_inherit&quot;,&quot;xl&quot;:&quot;inherit&quot;}}\"><a href=\"https:\/\/www.canaydin.av.tr\/tr\/contact\/\" target=\"_self\" class=\"bt_bb_link\" title=\"B\u0130Z\u0130MLE \u0130LET\u0130\u015e\u0130ME GE\u00c7\u0130N\"><span class=\"bt_bb_button_text\">B\u0130Z\u0130MLE \u0130LET\u0130\u015e\u0130ME GE\u00c7\u0130N<\/span><\/a><\/div><\/div><\/div><\/div><\/div><\/div><\/div><\/div><\/div><\/section><section id=\"bt_bb_section69e11c87f18eb\"  class=\"bt_bb_section bt_bb_top_spacing_large bt_bb_bottom_spacing_large bt_bb_layout_boxed_1200 bt_bb_vertical_align_top\" ><div class=\"bt_bb_port\"><div class=\"bt_bb_cell\"><div class=\"bt_bb_cell_inner\"><div class=\"bt_bb_row_wrapper\"><div  class=\"bt_bb_row\" ><div  class=\"bt_bb_column col-xl-12 col-xs-12 col-sm-12 col-md-12 col-lg-12 bt_bb_align_left bt_bb_padding_normal bt_bb_animation_fade_in animate\"  data-width=\"12\" data-bt-override-class=\"{&quot;bt_bb_align_&quot;:{&quot;current_class&quot;:&quot;bt_bb_align_left&quot;,&quot;xl&quot;:&quot;left&quot;}}\"><div class=\"bt_bb_column_content bt_bb_vertical_align_top bt_bb_color_scheme_\"><div class=\"bt_bb_column_content_inner\"><div  class=\"bt_bb_text\" ><p><strong>\u0130nsani \u0130kamet \u0130znine Kimler Ba\u015fvurabilir?<\/strong><\/p>\n<p>\u2013 \u00c7ocu\u011fun menfaatinin s\u00f6z konusu oldu\u011fu durumlarda;<\/p>\n<p>\u2013 S\u0131n\u0131r d\u0131\u015f\u0131 etme karar\u0131na veya T\u00fcrkiye&#039;ye giri\u015f yasa\u011f\u0131na ra\u011fmen yabanc\u0131lar\u0131n T\u00fcrkiye&#039;den s\u0131n\u0131r d\u0131\u015f\u0131 edilemedi\u011fi veya T\u00fcrkiye&#039;den ayr\u0131lmalar\u0131n\u0131n makul veya m\u00fcmk\u00fcn olmad\u0131\u011f\u0131 durumlarda,<\/p>\n<p>\u2013 Yabanc\u0131 uyruklu ki\u015fi hakk\u0131nda 55. madde uyar\u0131nca s\u0131n\u0131r d\u0131\u015f\u0131 etme karar\u0131 bulunmamas\u0131 halinde,<\/p>\n<p>\u2013 53, 72 ve 77. maddeler uyar\u0131nca ger\u00e7ekle\u015ftirilen i\u015flemlere kar\u015f\u0131 yarg\u0131sal bir temyiz ba\u015fvurusu s\u00f6z konusu oldu\u011funda;<\/p>\n<p>\u2013 Ba\u015fvuran\u0131n ilk s\u0131\u011f\u0131nma \u00fclkesine veya g\u00fcvenli bir \u00fc\u00e7\u00fcnc\u00fc \u00fclkeye s\u0131n\u0131r d\u0131\u015f\u0131 edilme i\u015flemlerinin tamam\u0131 boyunca;<\/p>\n<p>\u2013 Ola\u011fan\u00fcst\u00fc hallerde veya ulusal \u00e7\u0131karlar\u0131n korunmas\u0131 ile kamu d\u00fczeni ve g\u00fcvenli\u011fi nedenleriyle, ikamet izni verilmesini engelleyen durumlar\u0131 nedeniyle di\u011fer ikamet izin t\u00fcrlerinden birini alma imkan\u0131 bulunmayan yabanc\u0131lar\u0131n T\u00fcrkiye&#039;ye giri\u015fine ve kalmas\u0131na izin verilmesi gereken durumlarda;<\/p>\n<p>\u2013 Ola\u011fan\u00fcst\u00fc durumlarda insani nedenlerle oturma izni verilebilir.<\/p>\n<p><strong>\u0130nsani nedenlerle verilen oturma izni ne kadar s\u00fcreyle ge\u00e7erlidir?<\/strong><\/p>\n<p>\u0130nsani nedenlerle verilen oturma izinleri, Bakanl\u0131\u011f\u0131n onay\u0131na tabi olmak kayd\u0131yla, valilikler taraf\u0131ndan en fazla bir y\u0131l s\u00fcreyle verilir veya yenilenir.<\/p>\n<p><strong>\u0130nsani \u0130kamet \u0130zni \u0130\u00e7in \u015eartlar Nelerdir?<\/strong><\/p>\n<p>\u0130nsani nedenlerle verilen oturma izni verilirken, di\u011fer oturma izni t\u00fcrlerine ba\u011fl\u0131 \u015fartlar talep edilmeyecektir.<\/p>\n<p><strong>\u0130nsani \u0130kamet \u0130zninin Reddedilmesinin, \u0130ptal Edilmesinin veya Yenilenmemesinin Sebepleri Nelerdir?<\/strong><\/p>\n<p>Zorunlu \u015fartlar\u0131n art\u0131k ge\u00e7erli olmad\u0131\u011f\u0131 durumlarda, Bakanl\u0131\u011f\u0131n onay\u0131na tabi olarak.<\/p>\n<p><strong>\u00a0<\/strong><\/p>\n<p><strong>\u0130nsani \u0130kamet \u0130zniyle \u0130lgili Di\u011fer Durumlar<\/strong><\/p>\n<p>\u0130nsani nedenlerle oturma izni verilen yabanc\u0131lar, iznin verili\u015f tarihinden itibaren en ge\u00e7 yirmi i\u015f g\u00fcn\u00fc i\u00e7inde adres bazl\u0131 kay\u0131t sistemine kay\u0131t yapt\u0131rmal\u0131d\u0131r. \u0130nsani nedenlerle oturma iznine sahip yabanc\u0131lar, bu iznin ge\u00e7erlilik s\u00fcresi i\u00e7inde, uzun s\u00fcreli oturma izni hari\u00e7 olmak \u00fczere, \u015fartlar\u0131 kar\u015f\u0131lamalar\u0131 ko\u015fuluyla di\u011fer oturma izinlerinden birine ba\u015fvurabilirler. \u0130nsani nedenlerle verilen oturma izinlerinin s\u00fcreleri, Kanunla belirlenen oturma izni s\u00fcrelerinin hesaplanmas\u0131nda toplam s\u00fcreye eklenmeyecektir.<\/p>\n<\/div><div class=\"bt_bb_separator bt_bb_bottom_spacing_small bt_bb_border_style_none\"><\/div><\/div><\/div><\/div><\/div><\/div><\/div><\/div><\/div><\/section><\/div>","protected":false},"excerpt":{"rendered":"","protected":false},"author":1,"featured_media":0,"parent":3622,"menu_order":0,"comment_status":"closed","ping_status":"closed","template":"","meta":[],"yoast_head":"<!-- This site is optimized with the Yoast SEO plugin v16.8 - https:\/\/yoast.com\/wordpress\/plugins\/seo\/ -->\n<title>HUMANITARIAN RESIDENCE PERMIT - CANAYDIN Law Firm<\/title>\n<meta name=\"description\" content=\"Humanitarian residence permit shall be regulated by Articles 46 and 47 of the Law on Foreigners and International Protection No. 6458.\" \/>\n<meta name=\"robots\" content=\"index, follow, max-snippet:-1, max-image-preview:large, max-video-preview:-1\" \/>\n<link rel=\"canonical\" href=\"https:\/\/www.canaydin.av.tr\/tr\/immigration-law\/residence-permit\/humanitarian-residence-permit\/\" \/>\n<meta property=\"og:locale\" content=\"tr_TR\" \/>\n<meta property=\"og:type\" content=\"article\" \/>\n<meta property=\"og:title\" content=\"HUMANITARIAN RESIDENCE PERMIT - CANAYDIN Law Firm\" \/>\n<meta property=\"og:description\" content=\"Humanitarian residence permit shall be regulated by Articles 46 and 47 of the Law on Foreigners and International Protection No. 6458.\" \/>\n<meta property=\"og:url\" content=\"https:\/\/www.canaydin.av.tr\/tr\/immigration-law\/residence-permit\/humanitarian-residence-permit\/\" \/>\n<meta property=\"og:site_name\" content=\"CANAYDIN Law Firm\" \/>\n<meta property=\"article:publisher\" content=\"https:\/\/www.facebook.com\/Canayd%c4%b1n-Law-Firm-108564714824327\" \/>\n<meta property=\"article:modified_time\" content=\"2023-06-15T07:24:24+00:00\" \/>\n<meta property=\"og:image\" content=\"https:\/\/www.canaydin.av.tr\/wp-content\/uploads\/2021\/07\/Logo-Canaydin.png\" \/>\n\t<meta property=\"og:image:width\" content=\"3733\" \/>\n\t<meta property=\"og:image:height\" content=\"1029\" \/>\n<meta name=\"twitter:card\" content=\"summary_large_image\" \/>\n<meta name=\"twitter:label1\" content=\"Tahmini okuma s\u00fcresi\" \/>\n\t<meta name=\"twitter:data1\" content=\"5 dakika\" \/>\n<script type=\"application\/ld+json\" class=\"yoast-schema-graph\">{\"@context\":\"https:\/\/schema.org\",\"@graph\":[{\"@type\":\"Organization\",\"@id\":\"https:\/\/www.canaydin.av.tr\/#organization\",\"name\":\"Canaydin Law Firm\",\"url\":\"https:\/\/www.canaydin.av.tr\/\",\"sameAs\":[\"https:\/\/www.facebook.com\/Canayd\\u0131n-Law-Firm-108564714824327\",\"https:\/\/instagram.com\/canaydinlawfirm\",\"https:\/\/www.linkedin.com\/company\/canaydin-law-firm\/\",\"https:\/\/www.youtube.com\/channel\/UCAioITA_h23oo3pWmEAgMfQ\"],\"logo\":{\"@type\":\"ImageObject\",\"@id\":\"https:\/\/www.canaydin.av.tr\/#logo\",\"inLanguage\":\"tr\",\"url\":\"https:\/\/www.canaydin.av.tr\/wp-content\/uploads\/2021\/07\/Logo-Canaydin.png\",\"contentUrl\":\"https:\/\/www.canaydin.av.tr\/wp-content\/uploads\/2021\/07\/Logo-Canaydin.png\",\"width\":3733,\"height\":1029,\"caption\":\"Canaydin Law Firm\"},\"image\":{\"@id\":\"https:\/\/www.canaydin.av.tr\/#logo\"}},{\"@type\":\"WebSite\",\"@id\":\"https:\/\/www.canaydin.av.tr\/#website\",\"url\":\"https:\/\/www.canaydin.av.tr\/\",\"name\":\"CANAYDIN Law Firm\",\"description\":\"\",\"publisher\":{\"@id\":\"https:\/\/www.canaydin.av.tr\/#organization\"},\"potentialAction\":[{\"@type\":\"SearchAction\",\"target\":{\"@type\":\"EntryPoint\",\"urlTemplate\":\"https:\/\/www.canaydin.av.tr\/?s={search_term_string}\"},\"query-input\":\"required name=search_term_string\"}],\"inLanguage\":\"tr\"},{\"@type\":\"WebPage\",\"@id\":\"https:\/\/www.canaydin.av.tr\/immigration-law\/residence-permit\/humanitarian-residence-permit\/#webpage\",\"url\":\"https:\/\/www.canaydin.av.tr\/immigration-law\/residence-permit\/humanitarian-residence-permit\/\",\"name\":\"HUMANITARIAN RESIDENCE PERMIT - CANAYDIN Law Firm\",\"isPartOf\":{\"@id\":\"https:\/\/www.canaydin.av.tr\/#website\"},\"datePublished\":\"2021-06-08T11:42:23+00:00\",\"dateModified\":\"2023-06-15T07:24:24+00:00\",\"description\":\"Humanitarian residence permit shall be regulated by Articles 46 and 47 of the Law on Foreigners and International Protection No. 6458.\",\"breadcrumb\":{\"@id\":\"https:\/\/www.canaydin.av.tr\/immigration-law\/residence-permit\/humanitarian-residence-permit\/#breadcrumb\"},\"inLanguage\":\"tr\",\"potentialAction\":[{\"@type\":\"ReadAction\",\"target\":[\"https:\/\/www.canaydin.av.tr\/immigration-law\/residence-permit\/humanitarian-residence-permit\/\"]}]},{\"@type\":\"BreadcrumbList\",\"@id\":\"https:\/\/www.canaydin.av.tr\/immigration-law\/residence-permit\/humanitarian-residence-permit\/#breadcrumb\",\"itemListElement\":[{\"@type\":\"ListItem\",\"position\":1,\"name\":\"Anasayfa\",\"item\":\"https:\/\/www.canaydin.av.tr\/\"},{\"@type\":\"ListItem\",\"position\":2,\"name\":\"IMMIGRATION LAW\",\"item\":\"https:\/\/www.canaydin.av.tr\/immigration-law\/\"},{\"@type\":\"ListItem\",\"position\":3,\"name\":\"Residence Permit\",\"item\":\"https:\/\/www.canaydin.av.tr\/immigration-law\/residence-permit\/\"},{\"@type\":\"ListItem\",\"position\":4,\"name\":\"HUMANITARIAN RESIDENCE PERMIT\"}]}]}<\/script>\n<!-- \/ Yoast SEO plugin. -->","yoast_head_json":{"title":"HUMANITARIAN RESIDENCE PERMIT - CANAYDIN Law Firm","description":"Humanitarian residence permit shall be regulated by Articles 46 and 47 of the Law on Foreigners and International Protection No. 6458.","robots":{"index":"index","follow":"follow","max-snippet":"max-snippet:-1","max-image-preview":"max-image-preview:large","max-video-preview":"max-video-preview:-1"},"canonical":"https:\/\/www.canaydin.av.tr\/tr\/immigration-law\/residence-permit\/humanitarian-residence-permit\/","og_locale":"tr_TR","og_type":"article","og_title":"HUMANITARIAN RESIDENCE PERMIT - CANAYDIN Law Firm","og_description":"Humanitarian residence permit shall be regulated by Articles 46 and 47 of the Law on Foreigners and International Protection No. 6458.","og_url":"https:\/\/www.canaydin.av.tr\/tr\/immigration-law\/residence-permit\/humanitarian-residence-permit\/","og_site_name":"CANAYDIN Law Firm","article_publisher":"https:\/\/www.facebook.com\/Canayd%c4%b1n-Law-Firm-108564714824327","article_modified_time":"2023-06-15T07:24:24+00:00","og_image":[{"width":3733,"height":1029,"url":"https:\/\/www.canaydin.av.tr\/wp-content\/uploads\/2021\/07\/Logo-Canaydin.png","path":"\/home\/u616560269\/domains\/canaydin.av.tr\/public_html\/wp-content\/uploads\/2021\/07\/Logo-Canaydin.png","size":"full","id":3987,"alt":"","pixels":3841257,"type":"image\/png"}],"twitter_card":"summary_large_image","twitter_misc":{"Tahmini okuma s\u00fcresi":"5 dakika"},"schema":{"@context":"https:\/\/schema.org","@graph":[{"@type":"Organization","@id":"https:\/\/www.canaydin.av.tr\/#organization","name":"Canaydin Law Firm","url":"https:\/\/www.canaydin.av.tr\/","sameAs":["https:\/\/www.facebook.com\/Canayd\u0131n-Law-Firm-108564714824327","https:\/\/instagram.com\/canaydinlawfirm","https:\/\/www.linkedin.com\/company\/canaydin-law-firm\/","https:\/\/www.youtube.com\/channel\/UCAioITA_h23oo3pWmEAgMfQ"],"logo":{"@type":"ImageObject","@id":"https:\/\/www.canaydin.av.tr\/#logo","inLanguage":"tr","url":"https:\/\/www.canaydin.av.tr\/wp-content\/uploads\/2021\/07\/Logo-Canaydin.png","contentUrl":"https:\/\/www.canaydin.av.tr\/wp-content\/uploads\/2021\/07\/Logo-Canaydin.png","width":3733,"height":1029,"caption":"Canaydin Law Firm"},"image":{"@id":"https:\/\/www.canaydin.av.tr\/#logo"}},{"@type":"WebSite","@id":"https:\/\/www.canaydin.av.tr\/#website","url":"https:\/\/www.canaydin.av.tr\/","name":"CANAYDIN Law Firm","description":"","publisher":{"@id":"https:\/\/www.canaydin.av.tr\/#organization"},"potentialAction":[{"@type":"SearchAction","target":{"@type":"EntryPoint","urlTemplate":"https:\/\/www.canaydin.av.tr\/?s={search_term_string}"},"query-input":"required name=search_term_string"}],"inLanguage":"tr"},{"@type":"WebPage","@id":"https:\/\/www.canaydin.av.tr\/immigration-law\/residence-permit\/humanitarian-residence-permit\/#webpage","url":"https:\/\/www.canaydin.av.tr\/immigration-law\/residence-permit\/humanitarian-residence-permit\/","name":"HUMANITARIAN RESIDENCE PERMIT - CANAYDIN Law Firm","isPartOf":{"@id":"https:\/\/www.canaydin.av.tr\/#website"},"datePublished":"2021-06-08T11:42:23+00:00","dateModified":"2023-06-15T07:24:24+00:00","description":"Humanitarian residence permit shall be regulated by Articles 46 and 47 of the Law on Foreigners and International Protection No. 6458.","breadcrumb":{"@id":"https:\/\/www.canaydin.av.tr\/immigration-law\/residence-permit\/humanitarian-residence-permit\/#breadcrumb"},"inLanguage":"tr","potentialAction":[{"@type":"ReadAction","target":["https:\/\/www.canaydin.av.tr\/immigration-law\/residence-permit\/humanitarian-residence-permit\/"]}]},{"@type":"BreadcrumbList","@id":"https:\/\/www.canaydin.av.tr\/immigration-law\/residence-permit\/humanitarian-residence-permit\/#breadcrumb","itemListElement":[{"@type":"ListItem","position":1,"name":"Anasayfa","item":"https:\/\/www.canaydin.av.tr\/"},{"@type":"ListItem","position":2,"name":"IMMIGRATION LAW","item":"https:\/\/www.canaydin.av.tr\/immigration-law\/"},{"@type":"ListItem","position":3,"name":"Residence Permit","item":"https:\/\/www.canaydin.av.tr\/immigration-law\/residence-permit\/"},{"@type":"ListItem","position":4,"name":"HUMANITARIAN RESIDENCE PERMIT"}]}]}},"_links":{"self":[{"href":"https:\/\/www.canaydin.av.tr\/tr\/wp-json\/wp\/v2\/pages\/3694"}],"collection":[{"href":"https:\/\/www.canaydin.av.tr\/tr\/wp-json\/wp\/v2\/pages"}],"about":[{"href":"https:\/\/www.canaydin.av.tr\/tr\/wp-json\/wp\/v2\/types\/page"}],"author":[{"embeddable":true,"href":"https:\/\/www.canaydin.av.tr\/tr\/wp-json\/wp\/v2\/users\/1"}],"replies":[{"embeddable":true,"href":"https:\/\/www.canaydin.av.tr\/tr\/wp-json\/wp\/v2\/comments?post=3694"}],"version-history":[{"count":2,"href":"https:\/\/www.canaydin.av.tr\/tr\/wp-json\/wp\/v2\/pages\/3694\/revisions"}],"predecessor-version":[{"id":3924,"href":"https:\/\/www.canaydin.av.tr\/tr\/wp-json\/wp\/v2\/pages\/3694\/revisions\/3924"}],"up":[{"embeddable":true,"href":"https:\/\/www.canaydin.av.tr\/tr\/wp-json\/wp\/v2\/pages\/3622"}],"wp:attachment":[{"href":"https:\/\/www.canaydin.av.tr\/tr\/wp-json\/wp\/v2\/media?parent=3694"}],"curies":[{"name":"wp","href":"https:\/\/api.w.org\/{rel}","templated":true}]}}