{"id":3688,"date":"2021-06-08T14:40:42","date_gmt":"2021-06-08T11:40:42","guid":{"rendered":"http:\/\/www.canaydin.av.tr\/?page_id=3688"},"modified":"2023-06-15T10:24:25","modified_gmt":"2023-06-15T07:24:25","slug":"long-term-residence-permit","status":"publish","type":"page","link":"https:\/\/www.canaydin.av.tr\/tr\/immigration-law\/residence-permit\/long-term-residence-permit\/","title":{"rendered":"UZUN D\u00d6NEM \u0130KAMET \u0130ZN\u0130"},"content":{"rendered":"<div class=\"bt_bb_wrapper\"><section id=\"bt_bb_section69d0c0c8f0081\"  class=\"bt_bb_section bt_bb_top_spacing_large bt_bb_bottom_spacing_large bt_bb_color_scheme_10 bt_bb_layout_boxed_1200 bt_bb_vertical_align_top\" style=\";background-color:#0f1625;\"><div class=\"bt_bb_port\"><div class=\"bt_bb_cell\"><div class=\"bt_bb_cell_inner\"><\/div><\/div><\/div><\/section><section id=\"bt_bb_section69d0c0c8f00d0\"  class=\"bt_bb_section bt_bb_layout_wide bt_bb_vertical_align_top bt_bb_negative_margin_large\" ><div class=\"bt_bb_port\"><div class=\"bt_bb_cell\"><div class=\"bt_bb_cell_inner\"><div class=\"bt_bb_row_wrapper\"><div  class=\"bt_bb_row bt_bb_layout_special btOverlapRight\" ><div  class=\"bt_bb_column col-xl-6 bt_bb_align_left bt_bb_padding_normal\"  data-width=\"6\" data-bt-override-class=\"{&quot;bt_bb_align_&quot;:{&quot;current_class&quot;:&quot;bt_bb_align_left&quot;,&quot;xl&quot;:&quot;left&quot;}}\"><div class=\"bt_bb_column_content bt_bb_vertical_align_top bt_bb_color_scheme_ bt_bb_column_background_image\" style=\"background-image:url(&#039;https:\/\/www.canaydin.av.tr\/wp-content\/uploads\/2019\/10\/background_02.jpg&#039;);\"><div class=\"bt_bb_column_content_inner\"><\/div><\/div><\/div><div  class=\"bt_bb_column col-xl-6 btWithIcon bt_bb_align_left bt_bb_icon_color_scheme_6 bt_bb_padding_normal bt_bb_animation_fade_in animate\" style=\"; --column-icon-primary-color:#ffffff; --column-icon-secondary-color:#b07c4b;\" data-width=\"6\" data-bt-override-class=\"{&quot;bt_bb_align_&quot;:{&quot;current_class&quot;:&quot;bt_bb_align_left&quot;,&quot;xl&quot;:&quot;left&quot;}}\"><div class=\"bt_bb_column_content bt_bb_vertical_align_top bt_bb_color_scheme_\"><div class=\"bt_bb_column_icon\"><span  data-ico-law=\"&#xf13e;\" class=\"bt_bb_icon_holder\"><\/span><\/div><div class=\"bt_bb_column_content_inner\"><header class=\"bt_bb_headline bt_bb_color_scheme_14 bt_bb_dash_none bt_bb_size_normal bt_bb_align_inherit\" data-bt-override-class=\"{&quot;bt_bb_align_&quot;:{&quot;current_class&quot;:&quot;bt_bb_align_inherit&quot;,&quot;xl&quot;:&quot;inherit&quot;}}\"><h3 class=\"bt_bb_headline_tag\"><span class=\"bt_bb_headline_content\"><span>UZUN D\u00d6NEM \u0130KAMET \u0130ZN\u0130<\/span><\/span><\/h3><\/header><div class=\"bt_bb_separator bt_bb_bottom_spacing_normal bt_bb_border_style_none\"><\/div><div  class=\"bt_bb_text\" ><p>Uzun D\u00f6nem \u0130kamet \u0130zni T\u00fcrkiye'de kesintisiz en az 8 y\u0131l kalan ve a\u015fa\u011f\u0131da belitilen di\u011fer \u015fartlar\u0131 sa\u011flayan yabanc\u0131 ki\u015filere tan\u0131nan s\u00fcresiz olarak verilen ikamet izin t\u00fcr\u00fcd\u00fcr.<\/p>\n<\/div><div class=\"bt_bb_separator bt_bb_top_spacing_small bt_bb_bottom_spacing_normal bt_bb_border_style_none\"><\/div><div class=\"bt_bb_button bt_bb_color_scheme_3 bt_bb_style_clean bt_bb_size_large bt_bb_width_inline bt_bb_shape_inherit bt_bb_align_inherit\" style=\"; --button-primary-color:#b07c4b; --button-secondary-color:#191919;\" data-bt-override-class=\"{&quot;bt_bb_size_&quot;:{&quot;current_class&quot;:&quot;bt_bb_size_large&quot;,&quot;xl&quot;:&quot;large&quot;},&quot;bt_bb_align_&quot;:{&quot;current_class&quot;:&quot;bt_bb_align_inherit&quot;,&quot;xl&quot;:&quot;inherit&quot;}}\"><a href=\"https:\/\/www.canaydin.av.tr\/tr\/contact\/\" target=\"_self\" class=\"bt_bb_link\" title=\"B\u0130Z\u0130MLE \u0130LET\u0130\u015e\u0130ME GE\u00c7\u0130N\"><span class=\"bt_bb_button_text\">B\u0130Z\u0130MLE \u0130LET\u0130\u015e\u0130ME GE\u00c7\u0130N<\/span><\/a><\/div><\/div><\/div><\/div><\/div><\/div><\/div><\/div><\/div><\/section><section id=\"bt_bb_section69d0c0c8f0913\"  class=\"bt_bb_section bt_bb_top_spacing_large bt_bb_bottom_spacing_large bt_bb_layout_boxed_1200 bt_bb_vertical_align_top\" ><div class=\"bt_bb_port\"><div class=\"bt_bb_cell\"><div class=\"bt_bb_cell_inner\"><div class=\"bt_bb_row_wrapper\"><div  class=\"bt_bb_row\" ><div  class=\"bt_bb_column col-xl-12 col-xs-12 col-sm-12 col-md-12 col-lg-12 bt_bb_align_left bt_bb_padding_normal bt_bb_animation_fade_in animate\"  data-width=\"12\" data-bt-override-class=\"{&quot;bt_bb_align_&quot;:{&quot;current_class&quot;:&quot;bt_bb_align_left&quot;,&quot;xl&quot;:&quot;left&quot;}}\"><div class=\"bt_bb_column_content bt_bb_vertical_align_top bt_bb_color_scheme_\"><div class=\"bt_bb_column_content_inner\"><div  class=\"bt_bb_text\" ><p>Bu \u015fartlar \u015fu \u015fekildedir :<\/p>\n<p>1. Yabanc\u0131 ki\u015fi T\u00fcrkiye'de kesintisiz en az 8 y\u0131l kalm\u0131\u015f olmak,<\/p>\n<p>2.\tSon \u00fc\u00e7 y\u0131l i\u00e7inde sosyal yard\u0131m almam\u0131\u015f olmak,<\/p>\n<p>3.\tKendi ve aile ihtiya\u00e7lar\u0131n\u0131 kar\u015f\u0131layabilecek finansal yeterlili\u011fe sahip olmak.<\/p>\n<p>4.\t Ge\u00e7erli sa\u011fl\u0131k sigortas\u0131na sahip olmak,<\/p>\n<p>5.\t Kamu d\u00fczeni veya kamu g\u00fcvenli\u011fi a\u00e7\u0131s\u0131ndan tehdit olu\u015fturmamak.<\/p>\n<p>Ayr\u0131ca a\u015fa\u011f\u0131da de\u011finece\u011fimiz hallerin ger\u00e7ekle\u015fmesi halinde valilikler taraf\u0131ndan yabanc\u0131 ki\u015finin uzun d\u00f6nem ikamet izninin reddi , iptali veya uzat\u0131lmamas\u0131 s\u00f6z konu olmaktad\u0131r:<\/p>\n<p>\u2022\tYabanc\u0131n\u0131n, kamu d\u00fczeni veya kamu g\u00fcvenli\u011fi a\u00e7\u0131s\u0131ndan ciddi tehdit olu\u015fturmas\u0131<\/p>\n<p>\u2022\tSa\u011fl\u0131k, e\u011fitim ve \u00fclkesindeki zorunlu kamu hizmeti d\u0131\u015f\u0131nda bir nedenle kesintisiz bir y\u0131ldan fazla s\u00fcreyle T\u00fcrkiye d\u0131\u015f\u0131nda bulunmas\u0131,<\/p>\n<p>hallerinde uzun d\u00f6nem ikamet izni iptal edilir.<\/p>\n<p>Uzun d\u00f6nem ikamet izni iptal edilen yabanc\u0131lar\u0131n kesintisiz sekiz y\u0131l ikamet izniyle T\u00fcrkiye de kalma \u015fart\u0131 tekrar aranmamakta, ba\u015fvurular \u00f6ncelikli olarak de\u011ferlendirilmekte ve en ge\u00e7 bir ay i\u00e7inde sonu\u00e7land\u0131r\u0131lmaktad\u0131r.<\/p>\n<p>Kesintisiz bir y\u0131ldan fazla T\u00fcrkiye d\u0131\u015f\u0131nda kal\u0131nmas\u0131 nedeniyle uzun d\u00f6nem ikamet izni iptal edilen yabanc\u0131lar, bu izinlerini tekrar almak \u00fczere ba\u015fvuruda bulunabilirler.<\/p>\n<p>B\u00fcromuz uzman kadrosu ile Uzun D\u00f6nem \u0130kamet \u0130zni alan\u0131nda m\u00fcvekkillerimize hizmet vermektedir. Ayr\u0131nt\u0131l\u0131 bilgi i\u00e7in bizimle ileti\u015fime ge\u00e7ebilirsiniz.<\/p>\n<\/div><div class=\"bt_bb_separator bt_bb_bottom_spacing_small bt_bb_border_style_none\"><\/div><\/div><\/div><\/div><\/div><\/div><\/div><\/div><\/div><\/section><\/div>","protected":false},"excerpt":{"rendered":"","protected":false},"author":1,"featured_media":0,"parent":3622,"menu_order":0,"comment_status":"closed","ping_status":"closed","template":"","meta":[],"yoast_head":"<!-- This site is optimized with the Yoast SEO plugin v16.8 - https:\/\/yoast.com\/wordpress\/plugins\/seo\/ -->\n<title>LONG TERM RESIDENCE PERMIT - CANAYDIN Law Firm<\/title>\n<meta name=\"robots\" content=\"index, follow, max-snippet:-1, max-image-preview:large, max-video-preview:-1\" \/>\n<link rel=\"canonical\" href=\"https:\/\/www.canaydin.av.tr\/tr\/immigration-law\/residence-permit\/long-term-residence-permit\/\" \/>\n<meta property=\"og:locale\" content=\"tr_TR\" \/>\n<meta property=\"og:type\" content=\"article\" \/>\n<meta property=\"og:title\" content=\"LONG TERM RESIDENCE PERMIT - CANAYDIN Law Firm\" \/>\n<meta property=\"og:url\" content=\"https:\/\/www.canaydin.av.tr\/tr\/immigration-law\/residence-permit\/long-term-residence-permit\/\" \/>\n<meta property=\"og:site_name\" content=\"CANAYDIN Law Firm\" \/>\n<meta property=\"article:publisher\" content=\"https:\/\/www.facebook.com\/Canayd%c4%b1n-Law-Firm-108564714824327\" \/>\n<meta property=\"article:modified_time\" content=\"2023-06-15T07:24:25+00:00\" \/>\n<meta property=\"og:image\" content=\"https:\/\/www.canaydin.av.tr\/wp-content\/uploads\/2021\/07\/Logo-Canaydin.png\" \/>\n\t<meta property=\"og:image:width\" content=\"3733\" \/>\n\t<meta property=\"og:image:height\" content=\"1029\" \/>\n<meta name=\"twitter:card\" content=\"summary_large_image\" \/>\n<meta name=\"twitter:label1\" content=\"Tahmini okuma s\u00fcresi\" \/>\n\t<meta name=\"twitter:data1\" content=\"4 dakika\" \/>\n<script type=\"application\/ld+json\" class=\"yoast-schema-graph\">{\"@context\":\"https:\/\/schema.org\",\"@graph\":[{\"@type\":\"Organization\",\"@id\":\"https:\/\/www.canaydin.av.tr\/#organization\",\"name\":\"Canaydin Law Firm\",\"url\":\"https:\/\/www.canaydin.av.tr\/\",\"sameAs\":[\"https:\/\/www.facebook.com\/Canayd\\u0131n-Law-Firm-108564714824327\",\"https:\/\/instagram.com\/canaydinlawfirm\",\"https:\/\/www.linkedin.com\/company\/canaydin-law-firm\/\",\"https:\/\/www.youtube.com\/channel\/UCAioITA_h23oo3pWmEAgMfQ\"],\"logo\":{\"@type\":\"ImageObject\",\"@id\":\"https:\/\/www.canaydin.av.tr\/#logo\",\"inLanguage\":\"tr\",\"url\":\"https:\/\/www.canaydin.av.tr\/wp-content\/uploads\/2021\/07\/Logo-Canaydin.png\",\"contentUrl\":\"https:\/\/www.canaydin.av.tr\/wp-content\/uploads\/2021\/07\/Logo-Canaydin.png\",\"width\":3733,\"height\":1029,\"caption\":\"Canaydin Law Firm\"},\"image\":{\"@id\":\"https:\/\/www.canaydin.av.tr\/#logo\"}},{\"@type\":\"WebSite\",\"@id\":\"https:\/\/www.canaydin.av.tr\/#website\",\"url\":\"https:\/\/www.canaydin.av.tr\/\",\"name\":\"CANAYDIN Law Firm\",\"description\":\"\",\"publisher\":{\"@id\":\"https:\/\/www.canaydin.av.tr\/#organization\"},\"potentialAction\":[{\"@type\":\"SearchAction\",\"target\":{\"@type\":\"EntryPoint\",\"urlTemplate\":\"https:\/\/www.canaydin.av.tr\/?s={search_term_string}\"},\"query-input\":\"required name=search_term_string\"}],\"inLanguage\":\"tr\"},{\"@type\":\"WebPage\",\"@id\":\"https:\/\/www.canaydin.av.tr\/immigration-law\/residence-permit\/long-term-residence-permit\/#webpage\",\"url\":\"https:\/\/www.canaydin.av.tr\/immigration-law\/residence-permit\/long-term-residence-permit\/\",\"name\":\"LONG TERM RESIDENCE PERMIT - CANAYDIN Law Firm\",\"isPartOf\":{\"@id\":\"https:\/\/www.canaydin.av.tr\/#website\"},\"datePublished\":\"2021-06-08T11:40:42+00:00\",\"dateModified\":\"2023-06-15T07:24:25+00:00\",\"breadcrumb\":{\"@id\":\"https:\/\/www.canaydin.av.tr\/immigration-law\/residence-permit\/long-term-residence-permit\/#breadcrumb\"},\"inLanguage\":\"tr\",\"potentialAction\":[{\"@type\":\"ReadAction\",\"target\":[\"https:\/\/www.canaydin.av.tr\/immigration-law\/residence-permit\/long-term-residence-permit\/\"]}]},{\"@type\":\"BreadcrumbList\",\"@id\":\"https:\/\/www.canaydin.av.tr\/immigration-law\/residence-permit\/long-term-residence-permit\/#breadcrumb\",\"itemListElement\":[{\"@type\":\"ListItem\",\"position\":1,\"name\":\"Anasayfa\",\"item\":\"https:\/\/www.canaydin.av.tr\/\"},{\"@type\":\"ListItem\",\"position\":2,\"name\":\"IMMIGRATION LAW\",\"item\":\"https:\/\/www.canaydin.av.tr\/immigration-law\/\"},{\"@type\":\"ListItem\",\"position\":3,\"name\":\"Residence Permit\",\"item\":\"https:\/\/www.canaydin.av.tr\/immigration-law\/residence-permit\/\"},{\"@type\":\"ListItem\",\"position\":4,\"name\":\"LONG TERM RESIDENCE PERMIT\"}]}]}<\/script>\n<!-- \/ Yoast SEO plugin. -->","yoast_head_json":{"title":"LONG TERM RESIDENCE PERMIT - CANAYDIN Law Firm","robots":{"index":"index","follow":"follow","max-snippet":"max-snippet:-1","max-image-preview":"max-image-preview:large","max-video-preview":"max-video-preview:-1"},"canonical":"https:\/\/www.canaydin.av.tr\/tr\/immigration-law\/residence-permit\/long-term-residence-permit\/","og_locale":"tr_TR","og_type":"article","og_title":"LONG TERM RESIDENCE PERMIT - CANAYDIN Law Firm","og_url":"https:\/\/www.canaydin.av.tr\/tr\/immigration-law\/residence-permit\/long-term-residence-permit\/","og_site_name":"CANAYDIN Law Firm","article_publisher":"https:\/\/www.facebook.com\/Canayd%c4%b1n-Law-Firm-108564714824327","article_modified_time":"2023-06-15T07:24:25+00:00","og_image":[{"width":3733,"height":1029,"url":"https:\/\/www.canaydin.av.tr\/wp-content\/uploads\/2021\/07\/Logo-Canaydin.png","path":"\/home\/u616560269\/domains\/canaydin.av.tr\/public_html\/wp-content\/uploads\/2021\/07\/Logo-Canaydin.png","size":"full","id":3987,"alt":"","pixels":3841257,"type":"image\/png"}],"twitter_card":"summary_large_image","twitter_misc":{"Tahmini okuma s\u00fcresi":"4 dakika"},"schema":{"@context":"https:\/\/schema.org","@graph":[{"@type":"Organization","@id":"https:\/\/www.canaydin.av.tr\/#organization","name":"Canaydin Law Firm","url":"https:\/\/www.canaydin.av.tr\/","sameAs":["https:\/\/www.facebook.com\/Canayd\u0131n-Law-Firm-108564714824327","https:\/\/instagram.com\/canaydinlawfirm","https:\/\/www.linkedin.com\/company\/canaydin-law-firm\/","https:\/\/www.youtube.com\/channel\/UCAioITA_h23oo3pWmEAgMfQ"],"logo":{"@type":"ImageObject","@id":"https:\/\/www.canaydin.av.tr\/#logo","inLanguage":"tr","url":"https:\/\/www.canaydin.av.tr\/wp-content\/uploads\/2021\/07\/Logo-Canaydin.png","contentUrl":"https:\/\/www.canaydin.av.tr\/wp-content\/uploads\/2021\/07\/Logo-Canaydin.png","width":3733,"height":1029,"caption":"Canaydin Law Firm"},"image":{"@id":"https:\/\/www.canaydin.av.tr\/#logo"}},{"@type":"WebSite","@id":"https:\/\/www.canaydin.av.tr\/#website","url":"https:\/\/www.canaydin.av.tr\/","name":"CANAYDIN Law Firm","description":"","publisher":{"@id":"https:\/\/www.canaydin.av.tr\/#organization"},"potentialAction":[{"@type":"SearchAction","target":{"@type":"EntryPoint","urlTemplate":"https:\/\/www.canaydin.av.tr\/?s={search_term_string}"},"query-input":"required name=search_term_string"}],"inLanguage":"tr"},{"@type":"WebPage","@id":"https:\/\/www.canaydin.av.tr\/immigration-law\/residence-permit\/long-term-residence-permit\/#webpage","url":"https:\/\/www.canaydin.av.tr\/immigration-law\/residence-permit\/long-term-residence-permit\/","name":"LONG TERM RESIDENCE PERMIT - CANAYDIN Law Firm","isPartOf":{"@id":"https:\/\/www.canaydin.av.tr\/#website"},"datePublished":"2021-06-08T11:40:42+00:00","dateModified":"2023-06-15T07:24:25+00:00","breadcrumb":{"@id":"https:\/\/www.canaydin.av.tr\/immigration-law\/residence-permit\/long-term-residence-permit\/#breadcrumb"},"inLanguage":"tr","potentialAction":[{"@type":"ReadAction","target":["https:\/\/www.canaydin.av.tr\/immigration-law\/residence-permit\/long-term-residence-permit\/"]}]},{"@type":"BreadcrumbList","@id":"https:\/\/www.canaydin.av.tr\/immigration-law\/residence-permit\/long-term-residence-permit\/#breadcrumb","itemListElement":[{"@type":"ListItem","position":1,"name":"Anasayfa","item":"https:\/\/www.canaydin.av.tr\/"},{"@type":"ListItem","position":2,"name":"IMMIGRATION LAW","item":"https:\/\/www.canaydin.av.tr\/immigration-law\/"},{"@type":"ListItem","position":3,"name":"Residence Permit","item":"https:\/\/www.canaydin.av.tr\/immigration-law\/residence-permit\/"},{"@type":"ListItem","position":4,"name":"LONG TERM RESIDENCE PERMIT"}]}]}},"_links":{"self":[{"href":"https:\/\/www.canaydin.av.tr\/tr\/wp-json\/wp\/v2\/pages\/3688"}],"collection":[{"href":"https:\/\/www.canaydin.av.tr\/tr\/wp-json\/wp\/v2\/pages"}],"about":[{"href":"https:\/\/www.canaydin.av.tr\/tr\/wp-json\/wp\/v2\/types\/page"}],"author":[{"embeddable":true,"href":"https:\/\/www.canaydin.av.tr\/tr\/wp-json\/wp\/v2\/users\/1"}],"replies":[{"embeddable":true,"href":"https:\/\/www.canaydin.av.tr\/tr\/wp-json\/wp\/v2\/comments?post=3688"}],"version-history":[{"count":3,"href":"https:\/\/www.canaydin.av.tr\/tr\/wp-json\/wp\/v2\/pages\/3688\/revisions"}],"predecessor-version":[{"id":3925,"href":"https:\/\/www.canaydin.av.tr\/tr\/wp-json\/wp\/v2\/pages\/3688\/revisions\/3925"}],"up":[{"embeddable":true,"href":"https:\/\/www.canaydin.av.tr\/tr\/wp-json\/wp\/v2\/pages\/3622"}],"wp:attachment":[{"href":"https:\/\/www.canaydin.av.tr\/tr\/wp-json\/wp\/v2\/media?parent=3688"}],"curies":[{"name":"wp","href":"https:\/\/api.w.org\/{rel}","templated":true}]}}