{"id":3685,"date":"2021-06-08T14:37:58","date_gmt":"2021-06-08T11:37:58","guid":{"rendered":"http:\/\/www.canaydin.av.tr\/?page_id=3685"},"modified":"2023-06-15T10:24:24","modified_gmt":"2023-06-15T07:24:24","slug":"family-residence-permit","status":"publish","type":"page","link":"https:\/\/www.canaydin.av.tr\/tr\/immigration-law\/residence-permit\/family-residence-permit\/","title":{"rendered":"A\u0130LE \u0130KAMET \u0130ZN\u0130"},"content":{"rendered":"<div class=\"bt_bb_wrapper\"><section id=\"bt_bb_section69e1108430f8a\"  class=\"bt_bb_section bt_bb_top_spacing_large bt_bb_bottom_spacing_large bt_bb_color_scheme_10 bt_bb_layout_boxed_1200 bt_bb_vertical_align_top\" style=\";background-color:#0f1625;\"><div class=\"bt_bb_port\"><div class=\"bt_bb_cell\"><div class=\"bt_bb_cell_inner\"><\/div><\/div><\/div><\/section><section id=\"bt_bb_section69e1108430fe1\"  class=\"bt_bb_section bt_bb_layout_wide bt_bb_vertical_align_top bt_bb_negative_margin_large\" ><div class=\"bt_bb_port\"><div class=\"bt_bb_cell\"><div class=\"bt_bb_cell_inner\"><div class=\"bt_bb_row_wrapper\"><div  class=\"bt_bb_row bt_bb_layout_special btOverlapRight\" ><div  class=\"bt_bb_column col-xl-6 bt_bb_align_left bt_bb_padding_normal\"  data-width=\"6\" data-bt-override-class=\"{&quot;bt_bb_align_&quot;:{&quot;current_class&quot;:&quot;bt_bb_align_left&quot;,&quot;xl&quot;:&quot;left&quot;}}\"><div class=\"bt_bb_column_content bt_bb_vertical_align_top bt_bb_color_scheme_ bt_bb_column_background_image\" style=\"background-image:url(&#039;https:\/\/www.canaydin.av.tr\/wp-content\/uploads\/2019\/10\/background_02.jpg&#039;);\"><div class=\"bt_bb_column_content_inner\"><\/div><\/div><\/div><div  class=\"bt_bb_column col-xl-6 btWithIcon bt_bb_align_left bt_bb_icon_color_scheme_6 bt_bb_padding_normal bt_bb_animation_fade_in animate\" style=\"; --column-icon-primary-color:#ffffff; --column-icon-secondary-color:#b07c4b;\" data-width=\"6\" data-bt-override-class=\"{&quot;bt_bb_align_&quot;:{&quot;current_class&quot;:&quot;bt_bb_align_left&quot;,&quot;xl&quot;:&quot;left&quot;}}\"><div class=\"bt_bb_column_content bt_bb_vertical_align_top bt_bb_color_scheme_\"><div class=\"bt_bb_column_icon\"><span  data-ico-law=\"&#xf13e;\" class=\"bt_bb_icon_holder\"><\/span><\/div><div class=\"bt_bb_column_content_inner\"><header class=\"bt_bb_headline bt_bb_color_scheme_14 bt_bb_dash_none bt_bb_size_normal bt_bb_align_inherit\" data-bt-override-class=\"{&quot;bt_bb_align_&quot;:{&quot;current_class&quot;:&quot;bt_bb_align_inherit&quot;,&quot;xl&quot;:&quot;inherit&quot;}}\"><h3 class=\"bt_bb_headline_tag\"><span class=\"bt_bb_headline_content\"><span>A\u0130LE \u0130KAMET \u0130ZN\u0130<\/span><\/span><\/h3><\/header><div class=\"bt_bb_separator bt_bb_bottom_spacing_normal bt_bb_border_style_none\"><\/div><div  class=\"bt_bb_text\" ><table>\n<tbody>\n<tr>\n<td>E\u011fer destekleyicinin e\u015fi yabanc\u0131 ise , \naile ikamet iznine ba\u015fvuran destekleyici T\u00fcrkiye\u2019de en az bir y\u0131ld\u0131r ikamet izniyle kal\u0131yor olmal\u0131.<\/p>\n<p>Aile ikamet iznine en fazla 3 y\u0131l i\u00e7in ba\u015fvurulabilir.<\/p>\n<p>Aile ikamet izni \u015fu ki\u015filere verilebilir<\/p>\n<p><strong>a ) yabanc\u0131 e\u015fine,<\/strong><\/p>\n<p><strong>\u00a0b) Kendisinin veya e\u015finin ergin olmayan yabanc\u0131 \u00e7ocu\u011funa, <\/strong><\/p>\n<p><strong>c) Kendisinin veya e\u015finin ba\u011f\u0131ml\u0131 yabanc\u0131 \u00e7ocu\u011funa, her defas\u0131nda \u00fc\u00e7 y\u0131l\u0131 a\u015fmayacak \u015fekilde aile ikamet izni verilebilir<\/strong><\/p>\n<p>Destekleyicinin birden fazla evlili\u011fi olmas\u0131 halinde aile ikamet izni ba\u015fvurusu sadece bir e\u015f i\u00e7in yap\u0131labilir. <strong>e\u015flerden sadece biri<\/strong> Aile ikamet izni al\u0131nabilir.<\/td>\n<\/tr>\n<\/tbody>\n<\/table>\n<\/div><div class=\"bt_bb_separator bt_bb_top_spacing_small bt_bb_bottom_spacing_normal bt_bb_border_style_none\"><\/div><div class=\"bt_bb_button bt_bb_color_scheme_3 bt_bb_style_clean bt_bb_size_large bt_bb_width_inline bt_bb_shape_inherit bt_bb_align_inherit\" style=\"; --button-primary-color:#b07c4b; --button-secondary-color:#191919;\" data-bt-override-class=\"{&quot;bt_bb_size_&quot;:{&quot;current_class&quot;:&quot;bt_bb_size_large&quot;,&quot;xl&quot;:&quot;large&quot;},&quot;bt_bb_align_&quot;:{&quot;current_class&quot;:&quot;bt_bb_align_inherit&quot;,&quot;xl&quot;:&quot;inherit&quot;}}\"><a href=\"https:\/\/www.canaydin.av.tr\/tr\/contact\/\" target=\"_self\" class=\"bt_bb_link\" title=\"B\u0130Z\u0130MLE \u0130LET\u0130\u015e\u0130ME GE\u00c7\u0130N\"><span class=\"bt_bb_button_text\">B\u0130Z\u0130MLE \u0130LET\u0130\u015e\u0130ME GE\u00c7\u0130N<\/span><\/a><\/div><\/div><\/div><\/div><\/div><\/div><\/div><\/div><\/div><\/section><section id=\"bt_bb_section69e11084319bd\"  class=\"bt_bb_section bt_bb_top_spacing_medium bt_bb_bottom_spacing_large bt_bb_layout_boxed_1200 bt_bb_vertical_align_top\" ><div class=\"bt_bb_port\"><div class=\"bt_bb_cell\"><div class=\"bt_bb_cell_inner\"><div class=\"bt_bb_row_wrapper\"><div  class=\"bt_bb_row\" ><div  class=\"bt_bb_column col-xl-12 col-xs-12 col-sm-12 col-md-12 col-lg-12 bt_bb_align_left bt_bb_padding_normal bt_bb_animation_fade_in animate\"  data-width=\"12\" data-bt-override-class=\"{&quot;bt_bb_align_&quot;:{&quot;current_class&quot;:&quot;bt_bb_align_left&quot;,&quot;xl&quot;:&quot;left&quot;}}\"><div class=\"bt_bb_column_content bt_bb_vertical_align_top bt_bb_color_scheme_\"><div class=\"bt_bb_column_content_inner\"><div class=\"bt_bb_accordion bt_bb_style_outline\" data-closed=\"closed\"><div class=\"bt_bb_accordion_item\"><div class=\"bt_bb_accordion_item_title\">DESTEKLEY\u0130C\u0130N\u0130N SUNMASI GEREKEN BELGELER<\/div><div class=\"bt_bb_accordion_item_content\"><div  class=\"bt_bb_text\" >\n<p>Pasaport Fotokopisi<\/p>\n<p>Ulusal Kimlik Kart\u0131 Asl\u0131 ve Fotokopisi<\/p>\n<p>\u0130kamet\/\u00e7al\u0131\u015fma izni belgesinin, mavi kartl\u0131 ise belgesinin, m\u00fclteci veya ikincil koruma stat\u00fc sahibi  kimlik belgesinin asl\u0131 ve fotokopisi<\/p>\n<p>Kal\u0131nacak s\u00fcrede yeterli ve d\u00fczenli maddi imk\u00e2na sahip olundu\u011funa dair onayl\u0131, e-imzal\u0131\/imzal\u0131 belge<\/p>\n<p>Ge\u00e7erli Sa\u011fl\u0131k Sigortas\u0131 ( Sigorta s\u00fcresi, istenilen ikamet izni s\u00fcresini kapsamal\u0131d\u0131r.)<\/p>\n<p>Adli Sicil Kayd\u0131<\/p>\n<p>Noter Onayl\u0131 Adli Sicil Kayd\u0131 \u00c7evirisi*<\/p>\n<p>Adres Kay\u0131t Sistemine kay\u0131tl\u0131 oldu\u011funu g\u00f6steren belge<\/p>\n<p>(Bu belge il\/il\u00e7e n\u00fcfus m\u00fcd\u00fcrl\u00fcklerinden veya e-Devletten al\u0131nabilir)<\/p>\n<\/div>\n<\/div><\/div><div class=\"bt_bb_accordion_item\"><div class=\"bt_bb_accordion_item_title\">DESTEKLEY\u0130C\u0130N\u0130N E\u015e\u0130<\/div><div class=\"bt_bb_accordion_item_content\"><div  class=\"bt_bb_text\" >\n<p><strong>GEREKL\u0130 BELGELER\u00a0<\/strong><strong>\u0130T\u0130BAREN\u00a0<\/strong><strong>SPONSORUN E\u015e\u0130<\/strong><\/p>\n<p><strong>\u00a0<\/strong><\/p>\n<p>Evlilik belgesi veya Belgenin Onayl\u0131 Fotokopisi*<\/p>\n<p>\u0130kamet \u0130zni Ba\u015fvuru Formu<\/p>\n<p>Pasaport Fotokopisi<\/p>\n<p>\u2022\t4 adet biometrik foto\u011fraf ve bir jpeg versiyonu (50x60 mm ve beyaz arka plan)<\/p>\n<\/div>\n<\/div><\/div><div class=\"bt_bb_accordion_item\"><div class=\"bt_bb_accordion_item_title\"> DESTEKLEY\u0130C\u0130N\u0130N ERG\u0130N OLMAYAN \u00c7OCUKLARI<\/div><div class=\"bt_bb_accordion_item_content\"><div  class=\"bt_bb_text\" >\n<p><strong>ERG\u0130N OLMAYAN \u00c7OCUKLARIN SUNMASI GEREKEN BELGELER\u00a0<\/strong><strong>SPONSORUN RE\u015e\u0130T OLMAYAN \u00c7OCUKLARI<\/strong><\/p>\n<p>\u0130kamet \u0130zni Ba\u015fvuru Formu<\/p>\n<p>Pasaport Fotokopisi<\/p>\n<p>\u2022\t4 adet biometrik foto\u011fraf ve bir jpeg versiyonu (50x60 mm ve beyaz arka plan)<\/p>\n<p><strong>ERG\u0130N OLMAYAN \u00c7OCUKLARIN SUNMASI GEREKEN BELGELER\u00a0<\/strong><strong>SPONSOR<\/strong><\/p>\n<p>\u00c7ocu\u011fun Do\u011fum Belgesi ve Noter Onayl\u0131 \u00c7evirisi<br \/>\n<strong>( Pasaport veya yerine ge\u00e7en belge ya da ulusal kimlik kartlar\u0131ndan anne ve baba tespit edilemiyorsa, do\u011fum belgesi istenir)<\/strong><strong>\u00a0<\/strong><\/p>\n<p>Onaylanm\u0131\u015f Ebebeyn Muvafakat Beyan\u0131 ve Noter Onayl\u0131 \u00c7evirisi<br \/>\n<strong>(Anne veya Baban\u0131n Bulunmamas\u0131 halinde )<\/strong><\/p>\n<p>\u00d6l\u00fcm Belgesi ve Noter Onayl\u0131 \u00c7evirisi<br \/>\n<strong>( E\u015fin \u00f6l\u00fcm\u00fc halinde di\u011fer e\u015f \u00f6l\u00fcm belgesi ibraz etmelidir)<\/strong><\/p>\n<p>Onayl\u0131 Velayet Belgesi<br \/>\n<strong>(Bo\u015fanma Halinde )<\/strong><\/p>\n<p><em>*<\/em><\/p>\n<p>\u00b7\u00a0\u00a0\u00a0\u00a0\u00a0\u00a0\u00a0\u00a0\u00a0<em>E\u011fer belge\u00a0<strong>Lahey Konvensiyonuna taraf olan \u00fclkeden al\u0131nm\u0131\u015fsa<\/strong>belge apostil m\u00fch\u00fcrl\u00fc olmal\u0131.<\/em><\/p>\n<p>\u00b7\u00a0\u00a0\u00a0\u00a0\u00a0\u00a0\u00a0\u00a0\u00a0<em>E\u011fer belge\u00a0<strong>Lahey Konvensiyonuna taraf olmayan bir \u00fclkeden al\u0131nm\u0131\u015fsa,\u00a0<\/strong>Belgenin \u00f6ncelikle D\u0131\u015fi\u015fleri Bakanl\u0131\u011f\u0131, ard\u0131ndan da belgeyi d\u00fczenleyen \u00fclkenin T\u00fcrk B\u00fcy\u00fckel\u00e7ili\u011fi taraf\u0131ndan tasdik edilmesi gerekmektedir.<\/em><\/p>\n<p>\u00b7\u00a0\u00a0\u00a0\u00a0\u00a0\u00a0\u00a0\u00a0\u00a0<em>E\u011fer belge\u00a0<strong>T\u00fcrk makamlar\u0131ndan al\u0131nm\u0131\u015fsa<\/strong>e-imzal\u0131\/imzal\u0131 ve ka\u015feli\/m\u00fch\u00fcrl\u00fc olmal\u0131d\u0131r.<\/em><\/p>\n<\/div>\n<\/div><\/div><div class=\"bt_bb_accordion_item\"><div class=\"bt_bb_accordion_item_title\">DESTEKLEY\u0130C\u0130N\u0130N E\u015e\u0130N\u0130N ERG\u0130N OLMAYAN \u00c7OCU\u011eU<\/div><div class=\"bt_bb_accordion_item_content\"><div  class=\"bt_bb_text\" >\n<p><strong>\u00a0<\/strong><strong>RE\u015e\u0130T OLMAYAN \u00c7OCUKTAN VE SPONSORUN E\u015e\u0130NDEN \u0130STENEN BELGELER<\/strong><\/p>\n<p>\u0130kamet \u0130zni Ba\u015fvuru Formu<\/p>\n<p>Pasaport veya yerine ge\u00e7en belgenin asl\u0131 ve fotokopisi<\/p>\n<p>Pasaport veya Yerine Ge\u00e7en Belgenin Noter Onayl\u0131  \u00c7evirisi<\/p>\n<p>4 adet biometrik foto\u011fraf ve bir jpeg versiyonu (50x60 mm ve beyaz arka plan)<\/p>\n<\/div>\n<\/div><\/div><\/div><\/div><\/div><\/div><\/div><\/div><\/div><\/div><\/div><\/section><\/div>","protected":false},"excerpt":{"rendered":"","protected":false},"author":1,"featured_media":0,"parent":3622,"menu_order":0,"comment_status":"closed","ping_status":"closed","template":"","meta":[],"yoast_head":"<!-- This site is optimized with the Yoast SEO plugin v16.8 - https:\/\/yoast.com\/wordpress\/plugins\/seo\/ -->\n<title>FAMILY RESIDENCE PERMIT - CANAYDIN Law Firm<\/title>\n<meta name=\"description\" content=\"If the applicant\u2019s spouse is foreigner, applicant will be eligible to apply this residence permit type stipulated that applicant\u2019s spouse is a holder of one of the residence permit type minimum 1 year period.\" \/>\n<meta name=\"robots\" content=\"index, follow, max-snippet:-1, max-image-preview:large, max-video-preview:-1\" \/>\n<link rel=\"canonical\" href=\"https:\/\/www.canaydin.av.tr\/tr\/immigration-law\/residence-permit\/family-residence-permit\/\" \/>\n<meta property=\"og:locale\" content=\"tr_TR\" \/>\n<meta property=\"og:type\" content=\"article\" \/>\n<meta property=\"og:title\" content=\"FAMILY RESIDENCE PERMIT - CANAYDIN Law Firm\" \/>\n<meta property=\"og:description\" content=\"If the applicant\u2019s spouse is foreigner, applicant will be eligible to apply this residence permit type stipulated that applicant\u2019s spouse is a holder of one of the residence permit type minimum 1 year period.\" \/>\n<meta property=\"og:url\" content=\"https:\/\/www.canaydin.av.tr\/tr\/immigration-law\/residence-permit\/family-residence-permit\/\" \/>\n<meta property=\"og:site_name\" content=\"CANAYDIN Law Firm\" \/>\n<meta property=\"article:publisher\" content=\"https:\/\/www.facebook.com\/Canayd%c4%b1n-Law-Firm-108564714824327\" \/>\n<meta property=\"article:modified_time\" content=\"2023-06-15T07:24:24+00:00\" \/>\n<meta property=\"og:image\" content=\"https:\/\/www.canaydin.av.tr\/wp-content\/uploads\/2021\/07\/Logo-Canaydin.png\" \/>\n\t<meta property=\"og:image:width\" content=\"3733\" \/>\n\t<meta property=\"og:image:height\" content=\"1029\" \/>\n<meta name=\"twitter:card\" content=\"summary_large_image\" \/>\n<meta name=\"twitter:label1\" content=\"Tahmini okuma s\u00fcresi\" \/>\n\t<meta name=\"twitter:data1\" content=\"4 dakika\" \/>\n<script type=\"application\/ld+json\" class=\"yoast-schema-graph\">{\"@context\":\"https:\/\/schema.org\",\"@graph\":[{\"@type\":\"Organization\",\"@id\":\"https:\/\/www.canaydin.av.tr\/#organization\",\"name\":\"Canaydin Law Firm\",\"url\":\"https:\/\/www.canaydin.av.tr\/\",\"sameAs\":[\"https:\/\/www.facebook.com\/Canayd\\u0131n-Law-Firm-108564714824327\",\"https:\/\/instagram.com\/canaydinlawfirm\",\"https:\/\/www.linkedin.com\/company\/canaydin-law-firm\/\",\"https:\/\/www.youtube.com\/channel\/UCAioITA_h23oo3pWmEAgMfQ\"],\"logo\":{\"@type\":\"ImageObject\",\"@id\":\"https:\/\/www.canaydin.av.tr\/#logo\",\"inLanguage\":\"tr\",\"url\":\"https:\/\/www.canaydin.av.tr\/wp-content\/uploads\/2021\/07\/Logo-Canaydin.png\",\"contentUrl\":\"https:\/\/www.canaydin.av.tr\/wp-content\/uploads\/2021\/07\/Logo-Canaydin.png\",\"width\":3733,\"height\":1029,\"caption\":\"Canaydin Law Firm\"},\"image\":{\"@id\":\"https:\/\/www.canaydin.av.tr\/#logo\"}},{\"@type\":\"WebSite\",\"@id\":\"https:\/\/www.canaydin.av.tr\/#website\",\"url\":\"https:\/\/www.canaydin.av.tr\/\",\"name\":\"CANAYDIN Law Firm\",\"description\":\"\",\"publisher\":{\"@id\":\"https:\/\/www.canaydin.av.tr\/#organization\"},\"potentialAction\":[{\"@type\":\"SearchAction\",\"target\":{\"@type\":\"EntryPoint\",\"urlTemplate\":\"https:\/\/www.canaydin.av.tr\/?s={search_term_string}\"},\"query-input\":\"required name=search_term_string\"}],\"inLanguage\":\"tr\"},{\"@type\":\"WebPage\",\"@id\":\"https:\/\/www.canaydin.av.tr\/immigration-law\/residence-permit\/family-residence-permit\/#webpage\",\"url\":\"https:\/\/www.canaydin.av.tr\/immigration-law\/residence-permit\/family-residence-permit\/\",\"name\":\"FAMILY RESIDENCE PERMIT - CANAYDIN Law Firm\",\"isPartOf\":{\"@id\":\"https:\/\/www.canaydin.av.tr\/#website\"},\"datePublished\":\"2021-06-08T11:37:58+00:00\",\"dateModified\":\"2023-06-15T07:24:24+00:00\",\"description\":\"If the applicant\\u2019s spouse is foreigner, applicant will be eligible to apply this residence permit type stipulated that applicant\\u2019s spouse is a holder of one of the residence permit type minimum 1 year period.\",\"breadcrumb\":{\"@id\":\"https:\/\/www.canaydin.av.tr\/immigration-law\/residence-permit\/family-residence-permit\/#breadcrumb\"},\"inLanguage\":\"tr\",\"potentialAction\":[{\"@type\":\"ReadAction\",\"target\":[\"https:\/\/www.canaydin.av.tr\/immigration-law\/residence-permit\/family-residence-permit\/\"]}]},{\"@type\":\"BreadcrumbList\",\"@id\":\"https:\/\/www.canaydin.av.tr\/immigration-law\/residence-permit\/family-residence-permit\/#breadcrumb\",\"itemListElement\":[{\"@type\":\"ListItem\",\"position\":1,\"name\":\"Anasayfa\",\"item\":\"https:\/\/www.canaydin.av.tr\/\"},{\"@type\":\"ListItem\",\"position\":2,\"name\":\"IMMIGRATION LAW\",\"item\":\"https:\/\/www.canaydin.av.tr\/immigration-law\/\"},{\"@type\":\"ListItem\",\"position\":3,\"name\":\"Residence Permit\",\"item\":\"https:\/\/www.canaydin.av.tr\/immigration-law\/residence-permit\/\"},{\"@type\":\"ListItem\",\"position\":4,\"name\":\"FAMILY RESIDENCE PERMIT\"}]}]}<\/script>\n<!-- \/ Yoast SEO plugin. -->","yoast_head_json":{"title":"FAMILY RESIDENCE PERMIT - CANAYDIN Law Firm","description":"If the applicant\u2019s spouse is foreigner, applicant will be eligible to apply this residence permit type stipulated that applicant\u2019s spouse is a holder of one of the residence permit type minimum 1 year period.","robots":{"index":"index","follow":"follow","max-snippet":"max-snippet:-1","max-image-preview":"max-image-preview:large","max-video-preview":"max-video-preview:-1"},"canonical":"https:\/\/www.canaydin.av.tr\/tr\/immigration-law\/residence-permit\/family-residence-permit\/","og_locale":"tr_TR","og_type":"article","og_title":"FAMILY RESIDENCE PERMIT - CANAYDIN Law Firm","og_description":"If the applicant\u2019s spouse is foreigner, applicant will be eligible to apply this residence permit type stipulated that applicant\u2019s spouse is a holder of one of the residence permit type minimum 1 year period.","og_url":"https:\/\/www.canaydin.av.tr\/tr\/immigration-law\/residence-permit\/family-residence-permit\/","og_site_name":"CANAYDIN Law Firm","article_publisher":"https:\/\/www.facebook.com\/Canayd%c4%b1n-Law-Firm-108564714824327","article_modified_time":"2023-06-15T07:24:24+00:00","og_image":[{"width":3733,"height":1029,"url":"https:\/\/www.canaydin.av.tr\/wp-content\/uploads\/2021\/07\/Logo-Canaydin.png","path":"\/home\/u616560269\/domains\/canaydin.av.tr\/public_html\/wp-content\/uploads\/2021\/07\/Logo-Canaydin.png","size":"full","id":3987,"alt":"","pixels":3841257,"type":"image\/png"}],"twitter_card":"summary_large_image","twitter_misc":{"Tahmini okuma s\u00fcresi":"4 dakika"},"schema":{"@context":"https:\/\/schema.org","@graph":[{"@type":"Organization","@id":"https:\/\/www.canaydin.av.tr\/#organization","name":"Canaydin Law Firm","url":"https:\/\/www.canaydin.av.tr\/","sameAs":["https:\/\/www.facebook.com\/Canayd\u0131n-Law-Firm-108564714824327","https:\/\/instagram.com\/canaydinlawfirm","https:\/\/www.linkedin.com\/company\/canaydin-law-firm\/","https:\/\/www.youtube.com\/channel\/UCAioITA_h23oo3pWmEAgMfQ"],"logo":{"@type":"ImageObject","@id":"https:\/\/www.canaydin.av.tr\/#logo","inLanguage":"tr","url":"https:\/\/www.canaydin.av.tr\/wp-content\/uploads\/2021\/07\/Logo-Canaydin.png","contentUrl":"https:\/\/www.canaydin.av.tr\/wp-content\/uploads\/2021\/07\/Logo-Canaydin.png","width":3733,"height":1029,"caption":"Canaydin Law Firm"},"image":{"@id":"https:\/\/www.canaydin.av.tr\/#logo"}},{"@type":"WebSite","@id":"https:\/\/www.canaydin.av.tr\/#website","url":"https:\/\/www.canaydin.av.tr\/","name":"CANAYDIN Law Firm","description":"","publisher":{"@id":"https:\/\/www.canaydin.av.tr\/#organization"},"potentialAction":[{"@type":"SearchAction","target":{"@type":"EntryPoint","urlTemplate":"https:\/\/www.canaydin.av.tr\/?s={search_term_string}"},"query-input":"required name=search_term_string"}],"inLanguage":"tr"},{"@type":"WebPage","@id":"https:\/\/www.canaydin.av.tr\/immigration-law\/residence-permit\/family-residence-permit\/#webpage","url":"https:\/\/www.canaydin.av.tr\/immigration-law\/residence-permit\/family-residence-permit\/","name":"FAMILY RESIDENCE PERMIT - CANAYDIN Law Firm","isPartOf":{"@id":"https:\/\/www.canaydin.av.tr\/#website"},"datePublished":"2021-06-08T11:37:58+00:00","dateModified":"2023-06-15T07:24:24+00:00","description":"If the applicant\u2019s spouse is foreigner, applicant will be eligible to apply this residence permit type stipulated that applicant\u2019s spouse is a holder of one of the residence permit type minimum 1 year period.","breadcrumb":{"@id":"https:\/\/www.canaydin.av.tr\/immigration-law\/residence-permit\/family-residence-permit\/#breadcrumb"},"inLanguage":"tr","potentialAction":[{"@type":"ReadAction","target":["https:\/\/www.canaydin.av.tr\/immigration-law\/residence-permit\/family-residence-permit\/"]}]},{"@type":"BreadcrumbList","@id":"https:\/\/www.canaydin.av.tr\/immigration-law\/residence-permit\/family-residence-permit\/#breadcrumb","itemListElement":[{"@type":"ListItem","position":1,"name":"Anasayfa","item":"https:\/\/www.canaydin.av.tr\/"},{"@type":"ListItem","position":2,"name":"IMMIGRATION LAW","item":"https:\/\/www.canaydin.av.tr\/immigration-law\/"},{"@type":"ListItem","position":3,"name":"Residence Permit","item":"https:\/\/www.canaydin.av.tr\/immigration-law\/residence-permit\/"},{"@type":"ListItem","position":4,"name":"FAMILY RESIDENCE PERMIT"}]}]}},"_links":{"self":[{"href":"https:\/\/www.canaydin.av.tr\/tr\/wp-json\/wp\/v2\/pages\/3685"}],"collection":[{"href":"https:\/\/www.canaydin.av.tr\/tr\/wp-json\/wp\/v2\/pages"}],"about":[{"href":"https:\/\/www.canaydin.av.tr\/tr\/wp-json\/wp\/v2\/types\/page"}],"author":[{"embeddable":true,"href":"https:\/\/www.canaydin.av.tr\/tr\/wp-json\/wp\/v2\/users\/1"}],"replies":[{"embeddable":true,"href":"https:\/\/www.canaydin.av.tr\/tr\/wp-json\/wp\/v2\/comments?post=3685"}],"version-history":[{"count":6,"href":"https:\/\/www.canaydin.av.tr\/tr\/wp-json\/wp\/v2\/pages\/3685\/revisions"}],"predecessor-version":[{"id":4101,"href":"https:\/\/www.canaydin.av.tr\/tr\/wp-json\/wp\/v2\/pages\/3685\/revisions\/4101"}],"up":[{"embeddable":true,"href":"https:\/\/www.canaydin.av.tr\/tr\/wp-json\/wp\/v2\/pages\/3622"}],"wp:attachment":[{"href":"https:\/\/www.canaydin.av.tr\/tr\/wp-json\/wp\/v2\/media?parent=3685"}],"curies":[{"name":"wp","href":"https:\/\/api.w.org\/{rel}","templated":true}]}}