{"id":3672,"date":"2021-06-08T14:34:07","date_gmt":"2021-06-08T11:34:07","guid":{"rendered":"http:\/\/www.canaydin.av.tr\/?page_id=3672"},"modified":"2023-06-15T10:24:25","modified_gmt":"2023-06-15T07:24:25","slug":"student-residence-permit","status":"publish","type":"page","link":"https:\/\/www.canaydin.av.tr\/tr\/immigration-law\/residence-permit\/student-residence-permit\/","title":{"rendered":"\u00d6\u011eRENC\u0130 \u0130KAMET \u0130ZN\u0130"},"content":{"rendered":"<div class=\"bt_bb_wrapper\"><section id=\"bt_bb_section69e11f8e2973c\"  class=\"bt_bb_section bt_bb_top_spacing_large bt_bb_bottom_spacing_large bt_bb_color_scheme_10 bt_bb_layout_boxed_1200 bt_bb_vertical_align_top\" style=\";background-color:#0f1625;\"><div class=\"bt_bb_port\"><div class=\"bt_bb_cell\"><div class=\"bt_bb_cell_inner\"><\/div><\/div><\/div><\/section><section id=\"bt_bb_section69e11f8e297b6\"  class=\"bt_bb_section bt_bb_layout_wide bt_bb_vertical_align_top bt_bb_negative_margin_large\" ><div class=\"bt_bb_port\"><div class=\"bt_bb_cell\"><div class=\"bt_bb_cell_inner\"><div class=\"bt_bb_row_wrapper\"><div  class=\"bt_bb_row bt_bb_layout_special btOverlapRight\" ><div  class=\"bt_bb_column col-xl-6 bt_bb_align_left bt_bb_padding_normal\"  data-width=\"6\" data-bt-override-class=\"{&quot;bt_bb_align_&quot;:{&quot;current_class&quot;:&quot;bt_bb_align_left&quot;,&quot;xl&quot;:&quot;left&quot;}}\"><div class=\"bt_bb_column_content bt_bb_vertical_align_top bt_bb_color_scheme_ bt_bb_column_background_image\" style=\"background-image:url(&#039;https:\/\/www.canaydin.av.tr\/wp-content\/uploads\/2019\/10\/background_02.jpg&#039;);\"><div class=\"bt_bb_column_content_inner\"><\/div><\/div><\/div><div  class=\"bt_bb_column col-xl-6 btWithIcon bt_bb_align_left bt_bb_icon_color_scheme_6 bt_bb_padding_normal bt_bb_animation_fade_in animate\" style=\"; --column-icon-primary-color:#ffffff; --column-icon-secondary-color:#b07c4b;\" data-width=\"6\" data-bt-override-class=\"{&quot;bt_bb_align_&quot;:{&quot;current_class&quot;:&quot;bt_bb_align_left&quot;,&quot;xl&quot;:&quot;left&quot;}}\"><div class=\"bt_bb_column_content bt_bb_vertical_align_top bt_bb_color_scheme_\"><div class=\"bt_bb_column_icon\"><span  data-ico-law=\"&#xf13e;\" class=\"bt_bb_icon_holder\"><\/span><\/div><div class=\"bt_bb_column_content_inner\"><header class=\"bt_bb_headline bt_bb_color_scheme_14 bt_bb_dash_none bt_bb_size_normal bt_bb_align_inherit\" data-bt-override-class=\"{&quot;bt_bb_align_&quot;:{&quot;current_class&quot;:&quot;bt_bb_align_inherit&quot;,&quot;xl&quot;:&quot;inherit&quot;}}\"><h3 class=\"bt_bb_headline_tag\"><span class=\"bt_bb_headline_content\"><span>\u00d6\u011eRENC\u0130 \u0130KAMET \u0130ZN\u0130<\/span><\/span><\/h3><\/header><div class=\"bt_bb_separator bt_bb_bottom_spacing_normal bt_bb_border_style_none\"><\/div><div  class=\"bt_bb_text\" ><p class=\"font8\" style=\"margin: 0cm; line-height: 150%; vertical-align: baseline;\"><span style=\"font-size: 11.0pt; line-height: 150%;\">T\u00fcrkiye\u2019de e\u011fitim alan ki\u015filer \u00f6\u011frenci ikamet iznine ba\u015fvuru ger\u00e7ekle\u015ftirebilmektedir. <\/span><\/p>\n<p class=\"font8\" style=\"margin: 0cm; line-height: 150%; vertical-align: baseline;\"><span style=\"font-size: 11.0pt; line-height: 150%;\">\u00a0<\/span><\/p>\n<p class=\"font8\" style=\"margin: 0cm; line-height: 150%; vertical-align: baseline;\"><span style=\"font-size: 11.0pt; line-height: 150%;\">Bu ki\u015filer e\u011fitim s\u00fcrelerine g\u00f6re ikamet izinlerini yenileyebilirler. <\/span><\/p>\n<p class=\"font8\" style=\"margin: 0cm; line-height: 150%; vertical-align: baseline;\"><span style=\"font-size: 11.0pt; line-height: 150%;\">\u00a0<\/span><\/p>\n<p class=\"font8\" style=\"margin: 0cm; line-height: 150%; vertical-align: baseline;\"><span style=\"font-size: 11.0pt; line-height: 150%;\">Yabanc\u0131 ki\u015filerin alabilecekleri ikamet izni s\u00fcresi hangi e\u011fitim a\u015famas\u0131nda olduklar\u0131na g\u00f6re de\u011fi\u015fiklik g\u00f6stermektedir. <\/span><\/p>\n<\/div><div class=\"bt_bb_separator bt_bb_top_spacing_small bt_bb_bottom_spacing_normal bt_bb_border_style_none\"><\/div><div class=\"bt_bb_button bt_bb_color_scheme_3 bt_bb_style_clean bt_bb_size_large bt_bb_width_inline bt_bb_shape_inherit bt_bb_align_inherit\" style=\"; --button-primary-color:#b07c4b; --button-secondary-color:#191919;\" data-bt-override-class=\"{&quot;bt_bb_size_&quot;:{&quot;current_class&quot;:&quot;bt_bb_size_large&quot;,&quot;xl&quot;:&quot;large&quot;},&quot;bt_bb_align_&quot;:{&quot;current_class&quot;:&quot;bt_bb_align_inherit&quot;,&quot;xl&quot;:&quot;inherit&quot;}}\"><a href=\"https:\/\/www.canaydin.av.tr\/tr\/contact\/\" target=\"_self\" class=\"bt_bb_link\" title=\"B\u0130Z\u0130MLE \u0130LET\u0130\u015e\u0130ME GE\u00c7\u0130N\"><span class=\"bt_bb_button_text\">B\u0130Z\u0130MLE \u0130LET\u0130\u015e\u0130ME GE\u00c7\u0130N<\/span><\/a><\/div><\/div><\/div><\/div><\/div><\/div><\/div><\/div><\/div><\/section><section id=\"bt_bb_section69e11f8e2a501\"  class=\"bt_bb_section bt_bb_top_spacing_medium bt_bb_layout_boxed_1200 bt_bb_vertical_align_top\" ><div class=\"bt_bb_port\"><div class=\"bt_bb_cell\"><div class=\"bt_bb_cell_inner\"><div class=\"bt_bb_row_wrapper\"><div  class=\"bt_bb_row\" ><div  class=\"bt_bb_column col-xl-12 col-xs-12 col-sm-12 col-md-12 col-lg-12 bt_bb_align_left bt_bb_padding_normal\"  data-width=\"12\" data-bt-override-class=\"{}\"><div class=\"bt_bb_column_content bt_bb_vertical_align_top bt_bb_color_scheme_\"><div class=\"bt_bb_column_content_inner\"><div class=\"bt_bb_accordion bt_bb_style_outline\" data-closed=\"closed\"><div class=\"bt_bb_accordion_item\"><div class=\"bt_bb_accordion_item_title\">YABANCI \u00d6\u011eRENC\u0130LER\u0130N \u00c7ALI\u015eMA HAKKI<\/div><div class=\"bt_bb_accordion_item_content\"><div  class=\"bt_bb_text\" >\n<p>T\u00fcrkiye de \u00f6rg\u00fcn \u00f6\u011frenim g\u00f6ren yabanc\u0131 \u00f6\u011frencilerde \u00f6n lisans, lisans, y\u00fcksek lisans ve doktora \u00f6\u011frencileri, \u00e7al\u0131\u015fma izni almak kayd\u0131yla \u00e7al\u0131\u015fabilirler. Ancak, \u00f6n lisans ve lisans yabanc\u0131 \u00f6\u011frenciler i\u00e7in \u00e7al\u0131\u015fma hakk\u0131, ilk y\u0131ldan sonra ba\u015flar.<\/p>\n<p>\u00c7al\u0131\u015fma izni ba\u015fvurular\u0131 \u00c7al\u0131\u015fma ve Sosyal G\u00fcvenlik Bakanl\u0131\u011f\u0131na yap\u0131lmaktad\u0131r.<\/p>\n<p>A\u015fa\u011f\u0131da yabanc\u0131 ki\u015filerin ikamet izni ba\u015fvurular\u0131nda ihtiya\u00e7 duyaca\u011f\u0131 belgeler detayland\u0131r\u0131lacakt\u0131r.<\/p>\n<\/div>\n<\/div><\/div><div class=\"bt_bb_accordion_item\"><div class=\"bt_bb_accordion_item_title\">T\u00dcM BA\u015eVURU SAH\u0130PLER\u0130 \u0130\u00c7\u0130N ORTAK GEREKL\u0130 BELGELER<\/div><div class=\"bt_bb_accordion_item_content\"><div  class=\"bt_bb_text\" >\n<ul>\n<li>\u0130kamet \u0130zni Ba\u015fvuru Formu<\/li>\n<li>Pasaport Fotokopisi<\/li>\n<li>4 adet biometrik foto\u011fraf ve bir jpeg versiyonu (50x60 mm ve beyaz arka plan)<\/li>\n<li>Kal\u0131nacak s\u00fcrede yeterli ve d\u00fczenli maddi imk\u00e2na sahip olundu\u011funa dair belge<\/li>\n<li>Ge\u00e7erli Sa\u011fl\u0131k Sigortas\u0131 ( Sigorta s\u00fcresi, istenilen ikamet izni s\u00fcresini kapsamal\u0131d\u0131r.)<\/li>\n<li><strong>\u00d6\u011frenci belgesi\u00a0<\/strong>(e\u011fitimin al\u0131naca\u011f\u0131 kurumdan e-imzal\u0131 \/ imzal\u0131 ve ka\u015feli \/ m\u00fch\u00fcrl\u00fc belge al\u0131nacakt\u0131r)<\/li>\n<li><strong>Ba\u015fvuran\u0131n nerede kalaca\u011f\u0131n\u0131 g\u00f6steren belgeler;<\/strong><\/li>\n<\/ul>\n<p>Daire kiralayacaksan\u0131z ,kira s\u00f6zle\u015fmesinin noter tasdikli sureti<\/p>\n<p>Arkada\u015flar\u0131n\u0131zla kalacaksan\u0131z , Ev sahibinin verece\u011fi  Noter taahh\u00fctnamesi,<\/p>\n<p>(Ev sahibi arkada\u015flar evli ise, ev sahibinin e\u015finin de noterde taahh\u00fct vermesi gerekir.)<\/p>\n<p>Yurtta kalacaksan\u0131z , Yurtta kald\u0131\u011f\u0131n\u0131z\u0131 g\u00f6sterir e-imzal\u0131 \/ imzal\u0131 ve ka\u015feli \/ m\u00fch\u00fcrl\u00fc belge ,<\/p>\n<p>Otel, motel gibi yerlerde kal\u0131yorsan\u0131z bu yerlerde kald\u0131\u011f\u0131n\u0131z\u0131 g\u00f6steren belgeleri eklemelisiniz.<\/p>\n<p><strong>Bu e\u011fitimler i\u00e7in T\u00fcrkiye Cumhuriyeti d\u0131\u015f temsilciliklerinden \u00f6\u011frenci vizesi alman\u0131z gerekmektedir.<\/strong><\/p>\n<ul>\n<li>\u0130lkokul (1 y\u0131l)<\/li>\n<li>Ortaokul (1 y\u0131l)<\/li>\n<li>Lise (1 y\u0131l)<\/li>\n<li>Askeri Liseler (1 y\u0131l)<\/li>\n<li>Harp okullar\u0131 (4 y\u0131l)<\/li>\n<\/ul>\n<p><strong>A\u015fa\u011f\u0131daki e\u011fitim i\u00e7in, \u00f6\u011frenim g\u00f6r\u00fclen kurumdan al\u0131nacak olan \u00d6\u011frenim  Belgesi<\/strong><\/p>\n<ul>\n<li>Erasmus Program\u0131 Kapsam\u0131nda \u00f6\u011frenci olarak gelenler (1 y\u0131l)<\/li>\n<li>Di\u011fer uluslararas\u0131 de\u011fi\u015fim programlar\u0131 kapsam\u0131nda \u00f6\u011frenci olarak gelenler (1y\u0131l)<\/li>\n<\/ul>\n<p><strong>A\u015fa\u011f\u0131daki e\u011fitim i\u00e7in, e\u011fitimin al\u0131nd\u0131\u011f\u0131 kurumdan al\u0131nacak olan E\u011fitim Sertifikas\u0131<\/strong><\/p>\n<ul>\n<li>T\u0131pta Uzmanl\u0131k E\u011fitimi Alanlar \/ TUS (3 y\u0131l)<\/li>\n<\/ul>\n<p>TUS kapsam\u0131nda olundu\u011funa dair belge<\/p>\n<ul>\n<li>Di\u015f Hekimli\u011finde Uzmanl\u0131k E\u011fitimi Alanlar \/ DUS (3 y\u0131l)<\/li>\n<\/ul>\n<p class=\"font8\">DUS kapsam\u0131nda olundu\u011funa dair belge<\/p>\n<\/div>\n<\/div><\/div><div class=\"bt_bb_accordion_item\"><div class=\"bt_bb_accordion_item_title\">\u00d6ZEL \u015eARTLAR VE GEREKL\u0130 BELGELER<\/div><div class=\"bt_bb_accordion_item_content\"><div  class=\"bt_bb_text\" >\n<ul>\n<li>\u00c7ocu\u011fun Do\u011fum Belgesi ve Noter Onayl\u0131 \u00c7evirisi<\/li>\n<\/ul>\n<p><strong>( Pasaport veya yerine ge\u00e7en belge ya da ulusal kimlik kartlar\u0131ndan anne ve baba tespit edilemiyorsa, do\u011fum belgesi istenir)<\/strong><\/p>\n<ul>\n<li>Onaylanm\u0131\u015f Ebebeyn Muvafakat Beyan\u0131 ve Noter Onayl\u0131 \u00c7evirisi<\/li>\n<\/ul>\n<p><strong>(Anne veya Baban\u0131n Bulunmamas\u0131 halinde )<\/strong><\/p>\n<ul>\n<li>\u00d6l\u00fcm Belgesi ve Noter Onayl\u0131 \u00c7evirisi<\/li>\n<\/ul>\n<p><strong>( E\u015fin \u00f6l\u00fcm\u00fc halinde di\u011fer e\u015f \u00f6l\u00fcm belgesi ibraz etmelidir)<\/strong><\/p>\n<ul>\n<li>Onayl\u0131 Velayet Belgesi<\/li>\n<\/ul>\n<p><strong>(Bo\u015fanma Halinde )<\/strong><\/p>\n<p><em>*<\/em><\/p>\n<ul>\n<li><em>E\u011fer belge\u00a0<strong>Lahey Konvensiyonuna taraf olan \u00fclkeden al\u0131nm\u0131\u015fsa<\/strong>belge apostil m\u00fch\u00fcrl\u00fc olmal\u0131.<\/em><\/li>\n<li><em>E\u011fer belge\u00a0<strong>Lahey Konvensiyonuna taraf olmayan bir \u00fclkeden al\u0131nm\u0131\u015fsa,\u00a0<\/strong>belge al\u0131nan \u00fclkenin d\u0131\u015f i\u015fleri bakanl\u0131\u011f\u0131ndan onay al\u0131nmal\u0131 , sonras\u0131nda ise ilgili \u00fclkede bulunan T\u00fcrk El\u00e7ili\u011fi taraf\u0131ndan onaylanmas\u0131 gerekmektedir.<\/em><\/li>\n<li><em>E\u011fer belge\u00a0<strong>T\u00fcrk makamlar\u0131ndan al\u0131nm\u0131\u015fsa<\/strong>e-imzal\u0131\/imzal\u0131 ve ka\u015feli\/m\u00fch\u00fcrl\u00fc olmal\u0131d\u0131r.<\/em><\/li>\n<\/ul>\n<\/div>\n<\/div><\/div><div class=\"bt_bb_accordion_item\"><div class=\"bt_bb_accordion_item_title\">HANG\u0130 E\u011e\u0130T\u0130ME KA\u00c7 YIL \u0130KAMET \u0130ZN\u0130 VER\u0130L\u0130R ?<\/div><div class=\"bt_bb_accordion_item_content\"><div  class=\"bt_bb_text\" >\n<ul>\n<li>Lisans Derecesi (2 y\u0131l)<\/li>\n<li>Lisans Derecesi (4 y\u0131l)<\/li>\n<li>Di\u015f Hekimli\u011fi \/ Eczac\u0131l\u0131k \/ Veteriner Fak\u00fclteleri (5 y\u0131l)<\/li>\n<li>Lisans Derecesi - T\u0131p Fak\u00fcltesi (6 y\u0131l)<\/li>\n<li>Harp akademileri (4 y\u0131l)<\/li>\n<li>Lisans Derecesi (2 y\u0131l)<\/li>\n<li>Doktora Derecesi (3 y\u0131l)<\/li>\n<li>\u0130lkokul (1 y\u0131l)<\/li>\n<li>Ortaokul (1 y\u0131l)<\/li>\n<li>Lise (1 y\u0131l)<\/li>\n<li>De\u011fi\u015fim \u00d6\u011frencileri (1 y\u0131l)<\/li>\n<\/ul>\n<\/div>\n<\/div><\/div><\/div><\/div><\/div><\/div><\/div><\/div><\/div><\/div><\/div><\/section><section id=\"bt_bb_section69e11f8e2afe6\"  class=\"bt_bb_section bt_bb_layout_boxed_1200\" ><div class=\"bt_bb_port\"><div class=\"bt_bb_cell\"><div class=\"bt_bb_cell_inner\"><div class=\"bt_bb_row_wrapper\"><div  class=\"bt_bb_row\" ><div  class=\"bt_bb_column col-xl-12 col-xs-12 col-sm-12 col-md-12 col-lg-12 bt_bb_align_left bt_bb_padding_normal\"  data-width=\"12\" data-bt-override-class=\"{}\"><div class=\"bt_bb_column_content bt_bb_vertical_align_top bt_bb_color_scheme_\"><div class=\"bt_bb_column_content_inner\"><div class=\"bt_bb_separator bt_bb_top_spacing_small bt_bb_bottom_spacing_normal bt_bb_border_style_none\"><\/div><div  class=\"bt_bb_text\" ><p>B\u00fcromuz uzman kadrosu ile \u00d6\u011frenci \u0130kamet \u0130zni alan\u0131nda hizmet vermektedir. Ayr\u0131nt\u0131l\u0131 bilgi i\u00e7in bizimle ileti\u015fime ge\u00e7ebilirsiniz.<\/p>\n<\/div><div class=\"bt_bb_separator bt_bb_top_spacing_small bt_bb_bottom_spacing_normal bt_bb_border_style_none\"><\/div><\/div><\/div><\/div><\/div><\/div><\/div><\/div><\/div><\/section><\/div>","protected":false},"excerpt":{"rendered":"","protected":false},"author":1,"featured_media":0,"parent":3622,"menu_order":0,"comment_status":"closed","ping_status":"closed","template":"","meta":[],"yoast_head":"<!-- This site is optimized with the Yoast SEO plugin v16.8 - https:\/\/yoast.com\/wordpress\/plugins\/seo\/ -->\n<title>STUDENT RESIDENCE PERMIT - CANAYDIN Law Firm<\/title>\n<meta name=\"description\" content=\"Persons studying in Turkey can apply for a stuedent residence permit. These people can renew their residence permits according to their education period.\" \/>\n<meta name=\"robots\" content=\"index, follow, max-snippet:-1, max-image-preview:large, max-video-preview:-1\" \/>\n<link rel=\"canonical\" href=\"https:\/\/www.canaydin.av.tr\/tr\/immigration-law\/residence-permit\/student-residence-permit\/\" \/>\n<meta property=\"og:locale\" content=\"tr_TR\" \/>\n<meta property=\"og:type\" content=\"article\" \/>\n<meta property=\"og:title\" content=\"STUDENT RESIDENCE PERMIT - CANAYDIN Law Firm\" \/>\n<meta property=\"og:description\" content=\"Persons studying in Turkey can apply for a stuedent residence permit. These people can renew their residence permits according to their education period.\" \/>\n<meta property=\"og:url\" content=\"https:\/\/www.canaydin.av.tr\/tr\/immigration-law\/residence-permit\/student-residence-permit\/\" \/>\n<meta property=\"og:site_name\" content=\"CANAYDIN Law Firm\" \/>\n<meta property=\"article:publisher\" content=\"https:\/\/www.facebook.com\/Canayd%c4%b1n-Law-Firm-108564714824327\" \/>\n<meta property=\"article:modified_time\" content=\"2023-06-15T07:24:25+00:00\" \/>\n<meta property=\"og:image\" content=\"https:\/\/www.canaydin.av.tr\/wp-content\/uploads\/2021\/07\/Logo-Canaydin.png\" \/>\n\t<meta property=\"og:image:width\" content=\"3733\" \/>\n\t<meta property=\"og:image:height\" content=\"1029\" \/>\n<meta name=\"twitter:card\" content=\"summary_large_image\" \/>\n<meta name=\"twitter:label1\" content=\"Tahmini okuma s\u00fcresi\" \/>\n\t<meta name=\"twitter:data1\" content=\"4 dakika\" \/>\n<script type=\"application\/ld+json\" class=\"yoast-schema-graph\">{\"@context\":\"https:\/\/schema.org\",\"@graph\":[{\"@type\":\"Organization\",\"@id\":\"https:\/\/www.canaydin.av.tr\/#organization\",\"name\":\"Canaydin Law Firm\",\"url\":\"https:\/\/www.canaydin.av.tr\/\",\"sameAs\":[\"https:\/\/www.facebook.com\/Canayd\\u0131n-Law-Firm-108564714824327\",\"https:\/\/instagram.com\/canaydinlawfirm\",\"https:\/\/www.linkedin.com\/company\/canaydin-law-firm\/\",\"https:\/\/www.youtube.com\/channel\/UCAioITA_h23oo3pWmEAgMfQ\"],\"logo\":{\"@type\":\"ImageObject\",\"@id\":\"https:\/\/www.canaydin.av.tr\/#logo\",\"inLanguage\":\"tr\",\"url\":\"https:\/\/www.canaydin.av.tr\/wp-content\/uploads\/2021\/07\/Logo-Canaydin.png\",\"contentUrl\":\"https:\/\/www.canaydin.av.tr\/wp-content\/uploads\/2021\/07\/Logo-Canaydin.png\",\"width\":3733,\"height\":1029,\"caption\":\"Canaydin Law Firm\"},\"image\":{\"@id\":\"https:\/\/www.canaydin.av.tr\/#logo\"}},{\"@type\":\"WebSite\",\"@id\":\"https:\/\/www.canaydin.av.tr\/#website\",\"url\":\"https:\/\/www.canaydin.av.tr\/\",\"name\":\"CANAYDIN Law Firm\",\"description\":\"\",\"publisher\":{\"@id\":\"https:\/\/www.canaydin.av.tr\/#organization\"},\"potentialAction\":[{\"@type\":\"SearchAction\",\"target\":{\"@type\":\"EntryPoint\",\"urlTemplate\":\"https:\/\/www.canaydin.av.tr\/?s={search_term_string}\"},\"query-input\":\"required name=search_term_string\"}],\"inLanguage\":\"tr\"},{\"@type\":\"WebPage\",\"@id\":\"https:\/\/www.canaydin.av.tr\/immigration-law\/residence-permit\/student-residence-permit\/#webpage\",\"url\":\"https:\/\/www.canaydin.av.tr\/immigration-law\/residence-permit\/student-residence-permit\/\",\"name\":\"STUDENT RESIDENCE PERMIT - CANAYDIN Law Firm\",\"isPartOf\":{\"@id\":\"https:\/\/www.canaydin.av.tr\/#website\"},\"datePublished\":\"2021-06-08T11:34:07+00:00\",\"dateModified\":\"2023-06-15T07:24:25+00:00\",\"description\":\"Persons studying in Turkey can apply for a stuedent residence permit. These people can renew their residence permits according to their education period.\",\"breadcrumb\":{\"@id\":\"https:\/\/www.canaydin.av.tr\/immigration-law\/residence-permit\/student-residence-permit\/#breadcrumb\"},\"inLanguage\":\"tr\",\"potentialAction\":[{\"@type\":\"ReadAction\",\"target\":[\"https:\/\/www.canaydin.av.tr\/immigration-law\/residence-permit\/student-residence-permit\/\"]}]},{\"@type\":\"BreadcrumbList\",\"@id\":\"https:\/\/www.canaydin.av.tr\/immigration-law\/residence-permit\/student-residence-permit\/#breadcrumb\",\"itemListElement\":[{\"@type\":\"ListItem\",\"position\":1,\"name\":\"Anasayfa\",\"item\":\"https:\/\/www.canaydin.av.tr\/\"},{\"@type\":\"ListItem\",\"position\":2,\"name\":\"IMMIGRATION LAW\",\"item\":\"https:\/\/www.canaydin.av.tr\/immigration-law\/\"},{\"@type\":\"ListItem\",\"position\":3,\"name\":\"Residence Permit\",\"item\":\"https:\/\/www.canaydin.av.tr\/immigration-law\/residence-permit\/\"},{\"@type\":\"ListItem\",\"position\":4,\"name\":\"STUDENT RESIDENCE PERMIT\"}]}]}<\/script>\n<!-- \/ Yoast SEO plugin. -->","yoast_head_json":{"title":"STUDENT RESIDENCE PERMIT - CANAYDIN Law Firm","description":"Persons studying in Turkey can apply for a stuedent residence permit. These people can renew their residence permits according to their education period.","robots":{"index":"index","follow":"follow","max-snippet":"max-snippet:-1","max-image-preview":"max-image-preview:large","max-video-preview":"max-video-preview:-1"},"canonical":"https:\/\/www.canaydin.av.tr\/tr\/immigration-law\/residence-permit\/student-residence-permit\/","og_locale":"tr_TR","og_type":"article","og_title":"STUDENT RESIDENCE PERMIT - CANAYDIN Law Firm","og_description":"Persons studying in Turkey can apply for a stuedent residence permit. These people can renew their residence permits according to their education period.","og_url":"https:\/\/www.canaydin.av.tr\/tr\/immigration-law\/residence-permit\/student-residence-permit\/","og_site_name":"CANAYDIN Law Firm","article_publisher":"https:\/\/www.facebook.com\/Canayd%c4%b1n-Law-Firm-108564714824327","article_modified_time":"2023-06-15T07:24:25+00:00","og_image":[{"width":3733,"height":1029,"url":"https:\/\/www.canaydin.av.tr\/wp-content\/uploads\/2021\/07\/Logo-Canaydin.png","path":"\/home\/u616560269\/domains\/canaydin.av.tr\/public_html\/wp-content\/uploads\/2021\/07\/Logo-Canaydin.png","size":"full","id":3987,"alt":"","pixels":3841257,"type":"image\/png"}],"twitter_card":"summary_large_image","twitter_misc":{"Tahmini okuma s\u00fcresi":"4 dakika"},"schema":{"@context":"https:\/\/schema.org","@graph":[{"@type":"Organization","@id":"https:\/\/www.canaydin.av.tr\/#organization","name":"Canaydin Law Firm","url":"https:\/\/www.canaydin.av.tr\/","sameAs":["https:\/\/www.facebook.com\/Canayd\u0131n-Law-Firm-108564714824327","https:\/\/instagram.com\/canaydinlawfirm","https:\/\/www.linkedin.com\/company\/canaydin-law-firm\/","https:\/\/www.youtube.com\/channel\/UCAioITA_h23oo3pWmEAgMfQ"],"logo":{"@type":"ImageObject","@id":"https:\/\/www.canaydin.av.tr\/#logo","inLanguage":"tr","url":"https:\/\/www.canaydin.av.tr\/wp-content\/uploads\/2021\/07\/Logo-Canaydin.png","contentUrl":"https:\/\/www.canaydin.av.tr\/wp-content\/uploads\/2021\/07\/Logo-Canaydin.png","width":3733,"height":1029,"caption":"Canaydin Law Firm"},"image":{"@id":"https:\/\/www.canaydin.av.tr\/#logo"}},{"@type":"WebSite","@id":"https:\/\/www.canaydin.av.tr\/#website","url":"https:\/\/www.canaydin.av.tr\/","name":"CANAYDIN Law Firm","description":"","publisher":{"@id":"https:\/\/www.canaydin.av.tr\/#organization"},"potentialAction":[{"@type":"SearchAction","target":{"@type":"EntryPoint","urlTemplate":"https:\/\/www.canaydin.av.tr\/?s={search_term_string}"},"query-input":"required name=search_term_string"}],"inLanguage":"tr"},{"@type":"WebPage","@id":"https:\/\/www.canaydin.av.tr\/immigration-law\/residence-permit\/student-residence-permit\/#webpage","url":"https:\/\/www.canaydin.av.tr\/immigration-law\/residence-permit\/student-residence-permit\/","name":"STUDENT RESIDENCE PERMIT - CANAYDIN Law Firm","isPartOf":{"@id":"https:\/\/www.canaydin.av.tr\/#website"},"datePublished":"2021-06-08T11:34:07+00:00","dateModified":"2023-06-15T07:24:25+00:00","description":"Persons studying in Turkey can apply for a stuedent residence permit. These people can renew their residence permits according to their education period.","breadcrumb":{"@id":"https:\/\/www.canaydin.av.tr\/immigration-law\/residence-permit\/student-residence-permit\/#breadcrumb"},"inLanguage":"tr","potentialAction":[{"@type":"ReadAction","target":["https:\/\/www.canaydin.av.tr\/immigration-law\/residence-permit\/student-residence-permit\/"]}]},{"@type":"BreadcrumbList","@id":"https:\/\/www.canaydin.av.tr\/immigration-law\/residence-permit\/student-residence-permit\/#breadcrumb","itemListElement":[{"@type":"ListItem","position":1,"name":"Anasayfa","item":"https:\/\/www.canaydin.av.tr\/"},{"@type":"ListItem","position":2,"name":"IMMIGRATION LAW","item":"https:\/\/www.canaydin.av.tr\/immigration-law\/"},{"@type":"ListItem","position":3,"name":"Residence Permit","item":"https:\/\/www.canaydin.av.tr\/immigration-law\/residence-permit\/"},{"@type":"ListItem","position":4,"name":"STUDENT RESIDENCE PERMIT"}]}]}},"_links":{"self":[{"href":"https:\/\/www.canaydin.av.tr\/tr\/wp-json\/wp\/v2\/pages\/3672"}],"collection":[{"href":"https:\/\/www.canaydin.av.tr\/tr\/wp-json\/wp\/v2\/pages"}],"about":[{"href":"https:\/\/www.canaydin.av.tr\/tr\/wp-json\/wp\/v2\/types\/page"}],"author":[{"embeddable":true,"href":"https:\/\/www.canaydin.av.tr\/tr\/wp-json\/wp\/v2\/users\/1"}],"replies":[{"embeddable":true,"href":"https:\/\/www.canaydin.av.tr\/tr\/wp-json\/wp\/v2\/comments?post=3672"}],"version-history":[{"count":17,"href":"https:\/\/www.canaydin.av.tr\/tr\/wp-json\/wp\/v2\/pages\/3672\/revisions"}],"predecessor-version":[{"id":4099,"href":"https:\/\/www.canaydin.av.tr\/tr\/wp-json\/wp\/v2\/pages\/3672\/revisions\/4099"}],"up":[{"embeddable":true,"href":"https:\/\/www.canaydin.av.tr\/tr\/wp-json\/wp\/v2\/pages\/3622"}],"wp:attachment":[{"href":"https:\/\/www.canaydin.av.tr\/tr\/wp-json\/wp\/v2\/media?parent=3672"}],"curies":[{"name":"wp","href":"https:\/\/api.w.org\/{rel}","templated":true}]}}