{"id":3605,"date":"2021-06-08T12:31:03","date_gmt":"2021-06-08T09:31:03","guid":{"rendered":"http:\/\/www.canaydin.av.tr\/?page_id=3605"},"modified":"2023-06-15T10:24:24","modified_gmt":"2023-06-15T07:24:24","slug":"immigration-law","status":"publish","type":"page","link":"https:\/\/www.canaydin.av.tr\/tr\/immigration-law\/","title":{"rendered":"YABANCILAR HUKUKU"},"content":{"rendered":"<div class=\"bt_bb_wrapper\"><section id=\"bt_bb_section69e1257430808\"  class=\"bt_bb_section bt_bb_top_spacing_large bt_bb_bottom_spacing_large bt_bb_color_scheme_10 bt_bb_layout_boxed_1200 bt_bb_vertical_align_top\" style=\";background-color:#0f1625;\"><div class=\"bt_bb_port\"><div class=\"bt_bb_cell\"><div class=\"bt_bb_cell_inner\"><\/div><\/div><\/div><\/section><section id=\"bt_bb_section69e1257430879\"  class=\"bt_bb_section bt_bb_layout_wide bt_bb_vertical_align_top bt_bb_negative_margin_large\" ><div class=\"bt_bb_port\"><div class=\"bt_bb_cell\"><div class=\"bt_bb_cell_inner\"><div class=\"bt_bb_row_wrapper\"><div  class=\"bt_bb_row bt_bb_layout_special btOverlapRight\" ><div  class=\"bt_bb_column col-xl-6 bt_bb_align_left bt_bb_padding_normal\"  data-width=\"6\" data-bt-override-class=\"{&quot;bt_bb_align_&quot;:{&quot;current_class&quot;:&quot;bt_bb_align_left&quot;,&quot;xl&quot;:&quot;left&quot;}}\"><div class=\"bt_bb_column_content bt_bb_vertical_align_top bt_bb_color_scheme_ bt_bb_column_background_image\" style=\"background-image:url(&#039;https:\/\/www.canaydin.av.tr\/wp-content\/uploads\/2021\/06\/1_z7XgqznwDZWZErmihUf3Lg.jpeg&#039;);\"><div class=\"bt_bb_column_content_inner\"><div class=\"bt_bb_separator bt_bb_bottom_spacing_extra_large bt_bb_border_style_none\"><\/div><\/div><\/div><\/div><div  class=\"bt_bb_column col-xl-6 btWithIcon bt_bb_align_left bt_bb_icon_color_scheme_6 bt_bb_padding_normal bt_bb_animation_fade_in animate\" style=\"; --column-icon-primary-color:#ffffff; --column-icon-secondary-color:#b07c4b;\" data-width=\"6\" data-bt-override-class=\"{}\"><div class=\"bt_bb_column_content bt_bb_vertical_align_top bt_bb_color_scheme_\"><div class=\"bt_bb_column_icon\"><span  data-ico-icon7stroke=\"&#xe64c;\" class=\"bt_bb_icon_holder\"><\/span><\/div><div class=\"bt_bb_column_content_inner\"><header class=\"bt_bb_headline bt_bb_color_scheme_14 bt_bb_dash_none bt_bb_size_normal bt_bb_align_inherit\" data-bt-override-class=\"{&quot;bt_bb_align_&quot;:{&quot;current_class&quot;:&quot;bt_bb_align_inherit&quot;,&quot;xl&quot;:&quot;inherit&quot;}}\"><h3 class=\"bt_bb_headline_tag\"><span class=\"bt_bb_headline_content\"><span>YABANCILAR HUKUKU<\/span><\/span><\/h3><\/header><div class=\"bt_bb_separator bt_bb_bottom_spacing_normal bt_bb_border_style_none\"><\/div><div  class=\"bt_bb_text\" ><p>T\u00fcrkiye, uluslararas\u0131 ekonomik ve insani g\u00f6\u00e7\u00fcn hukuk d\u00fczeninde ciddi bir yer edindi\u011fi \u00fclkelerden biridir. T\u00fcrkiye\u2019de kurulu Hukuk B\u00fcromuz, yabanc\u0131lar\u0131n ekonomik ve insani g\u00f6\u00e7ten do\u011fan dava ve dan\u0131\u015fma hizmetleri alan\u0131nda bilfiil faaliyet g\u00f6stermektedir. Bu kapsamda, yabanc\u0131lar\u0131n ikamet ve \u00e7al\u0131\u015fma izinleri ba\u015fvuru ve takip s\u00fcre\u00e7leri ile yabanc\u0131lar hakk\u0131nda verilen s\u0131n\u0131rd\u0131\u015f\u0131 kararlar\u0131 ve giri\u015f yasa\u011f\u0131 konular\u0131nda her t\u00fcrl\u00fc dan\u0131\u015fmanl\u0131k ve hukuki hizmet, alan\u0131nda uzman ekip arkada\u015flar\u0131m\u0131z taraf\u0131ndan sunulmaktad\u0131r.<\/p>\n<p>Yabanc\u0131 ger\u00e7ek ve t\u00fczel ki\u015filere sa\u011flad\u0131\u011f\u0131m\u0131z hukuki dan\u0131\u015fmanl\u0131k ve dava hizmetlerinin detaylar\u0131na a\u015fa\u011f\u0131dan ula\u015fabilirsiniz.<\/p>\n<\/div><div class=\"bt_bb_separator bt_bb_top_spacing_small bt_bb_bottom_spacing_normal bt_bb_border_style_none\"><\/div><div class=\"bt_bb_button bt_bb_color_scheme_3 bt_bb_style_clean bt_bb_size_large bt_bb_width_inline bt_bb_shape_inherit bt_bb_align_inherit\" style=\"; --button-primary-color:#b07c4b; --button-secondary-color:#191919;\" data-bt-override-class=\"{&quot;bt_bb_size_&quot;:{&quot;current_class&quot;:&quot;bt_bb_size_large&quot;,&quot;xl&quot;:&quot;large&quot;},&quot;bt_bb_align_&quot;:{&quot;current_class&quot;:&quot;bt_bb_align_inherit&quot;,&quot;xl&quot;:&quot;inherit&quot;}}\"><a href=\"https:\/\/www.canaydin.av.tr\/tr\/contact\/\" target=\"_self\" class=\"bt_bb_link\" title=\"B\u0130Z\u0130MLE \u0130LET\u0130\u015e\u0130ME GE\u00c7\u0130N\"><span class=\"bt_bb_button_text\">B\u0130Z\u0130MLE \u0130LET\u0130\u015e\u0130ME GE\u00c7\u0130N<\/span><\/a><\/div><\/div><\/div><\/div><\/div><\/div><\/div><\/div><\/div><\/section><section id=\"bt_bb_section69e1257430f66\"  class=\"bt_bb_section bt_bb_layout_boxed_1200\" ><div class=\"bt_bb_port\"><div class=\"bt_bb_cell\"><div class=\"bt_bb_cell_inner\"><div class=\"bt_bb_row_wrapper\"><div  class=\"bt_bb_row\" ><div  class=\"bt_bb_column col-xl-12 col-xs-12 col-sm-12 col-md-12 col-lg-12 bt_bb_align_left bt_bb_padding_normal\"  data-width=\"12\" data-bt-override-class=\"{}\"><div class=\"bt_bb_column_content bt_bb_vertical_align_top bt_bb_color_scheme_\"><div class=\"bt_bb_column_content_inner\"><div class=\"bt_bb_separator bt_bb_top_spacing_small bt_bb_bottom_spacing_medium bt_bb_border_style_none\"><\/div><\/div><\/div><\/div><\/div><\/div><\/div><\/div><\/div><\/section><section id=\"bt_bb_section69e125743106b\"  class=\"bt_bb_section bt_bb_layout_boxed_1200\" ><div class=\"bt_bb_port\"><div class=\"bt_bb_cell\"><div class=\"bt_bb_cell_inner\"><div class=\"bt_bb_row_wrapper\"><div  class=\"bt_bb_row\" ><div  class=\"bt_bb_column col-xl-4 col-xs-12 col-sm-12 col-md-12 col-lg-4 bt_bb_align_left bt_bb_padding_normal bt_bb_animation_fade_in animate\"  data-width=\"4\" data-bt-override-class=\"{}\"><div class=\"bt_bb_column_content bt_bb_vertical_align_bottom bt_bb_color_scheme_\"><div class=\"bt_bb_column_content_inner\"><div class=\"bt_bb_card bt_bb_title_position_top bt_bb_title_color_scheme_7\" style=\"; --card-title-primary-color:#1a243f; --card-title-secondary-color:#191919;\"><div class=\"bt_bb_card_image\"><a href=\"https:\/\/www.canaydin.av.tr\/tr\/immigration-law\/residence-permit\/\"  target=\"_self\"><div class=\"bt_bb_image\" data-bt-override-class=\"{}\"><span><img width=\"2560\" height=\"1706\" src=\"https:\/\/www.canaydin.av.tr\/wp-content\/uploads\/2021\/06\/shutterstockRF_1074101789-scaled-1.jpg\" class=\"attachment- size-\" alt=\"Residence Permit \" decoding=\"async\" loading=\"lazy\" data-full_image_src=\"https:\/\/www.canaydin.av.tr\/wp-content\/uploads\/2021\/06\/shutterstockRF_1074101789-scaled-1.jpg\" title=\"\u0130KAMET \u0130ZN\u0130 \" srcset=\"https:\/\/www.canaydin.av.tr\/wp-content\/uploads\/2021\/06\/shutterstockRF_1074101789-scaled-1.jpg 2560w, https:\/\/www.canaydin.av.tr\/wp-content\/uploads\/2021\/06\/shutterstockRF_1074101789-scaled-1-640x427.jpg 640w, https:\/\/www.canaydin.av.tr\/wp-content\/uploads\/2021\/06\/shutterstockRF_1074101789-scaled-1-1280x853.jpg 1280w, https:\/\/www.canaydin.av.tr\/wp-content\/uploads\/2021\/06\/shutterstockRF_1074101789-scaled-1-768x512.jpg 768w, https:\/\/www.canaydin.av.tr\/wp-content\/uploads\/2021\/06\/shutterstockRF_1074101789-scaled-1-1536x1024.jpg 1536w, https:\/\/www.canaydin.av.tr\/wp-content\/uploads\/2021\/06\/shutterstockRF_1074101789-scaled-1-2048x1365.jpg 2048w, https:\/\/www.canaydin.av.tr\/wp-content\/uploads\/2021\/06\/shutterstockRF_1074101789-scaled-1-320x213.jpg 320w, https:\/\/www.canaydin.av.tr\/wp-content\/uploads\/2021\/06\/shutterstockRF_1074101789-scaled-1-960x640.jpg 960w, https:\/\/www.canaydin.av.tr\/wp-content\/uploads\/2021\/06\/shutterstockRF_1074101789-scaled-1-480x320.jpg 480w, https:\/\/www.canaydin.av.tr\/wp-content\/uploads\/2021\/06\/shutterstockRF_1074101789-scaled-1-240x160.jpg 240w\" sizes=\"(max-width: 2560px) 100vw, 2560px\" \/><\/span><\/div><\/a><\/div><div class=\"bt_bb_card_content\"><div class=\"bt_bb_card_icon_box\"><div class=\"bt_bb_card_icon\"><span  data-ico-law=\"&#xf135;\" class=\"bt_bb_icon_holder\"><\/span><\/div><h3 class=\"bt_bb_card_title\"><a href=\"https:\/\/www.canaydin.av.tr\/tr\/immigration-law\/residence-permit\/\"  target=\"_self\">\u0130KAMET \u0130ZN\u0130 <\/a><\/h3><\/div><\/div><\/div><div class=\"bt_bb_separator bt_bb_bottom_spacing_medium bt_bb_border_style_none\"><\/div><\/div><\/div><\/div><div  class=\"bt_bb_column col-xl-4 col-xs-12 col-sm-12 col-md-12 col-lg-4 bt_bb_align_left bt_bb_padding_normal bt_bb_animation_fade_in animate\"  data-width=\"4\" data-bt-override-class=\"{}\"><div class=\"bt_bb_column_content bt_bb_vertical_align_bottom bt_bb_color_scheme_\"><div class=\"bt_bb_column_content_inner\"><div class=\"bt_bb_card bt_bb_title_position_top bt_bb_title_color_scheme_7\" style=\"; --card-title-primary-color:#1a243f; --card-title-secondary-color:#191919;\"><div class=\"bt_bb_card_image\"><a href=\"https:\/\/www.canaydin.av.tr\/tr\/immigration-law\/deportation-and-exclusion-order\/\"  target=\"_self\"><div class=\"bt_bb_image\" data-bt-override-class=\"{}\"><span><img width=\"2560\" height=\"1707\" src=\"https:\/\/www.canaydin.av.tr\/wp-content\/uploads\/2021\/08\/Adsiz-tasarim-11.png\" class=\"attachment- size-\" alt=\"Deportation and Exclusion Order \" decoding=\"async\" loading=\"lazy\" data-full_image_src=\"https:\/\/www.canaydin.av.tr\/wp-content\/uploads\/2021\/08\/Adsiz-tasarim-11.png\" title=\"SINIRDI\u015eI ED\u0130LME VE \u00dcLKEYE G\u0130R\u0130\u015e YASAKLARI \" srcset=\"https:\/\/www.canaydin.av.tr\/wp-content\/uploads\/2021\/08\/Adsiz-tasarim-11.png 2560w, https:\/\/www.canaydin.av.tr\/wp-content\/uploads\/2021\/08\/Adsiz-tasarim-11-640x427.png 640w, https:\/\/www.canaydin.av.tr\/wp-content\/uploads\/2021\/08\/Adsiz-tasarim-11-1280x854.png 1280w, https:\/\/www.canaydin.av.tr\/wp-content\/uploads\/2021\/08\/Adsiz-tasarim-11-768x512.png 768w, https:\/\/www.canaydin.av.tr\/wp-content\/uploads\/2021\/08\/Adsiz-tasarim-11-1536x1024.png 1536w, https:\/\/www.canaydin.av.tr\/wp-content\/uploads\/2021\/08\/Adsiz-tasarim-11-2048x1366.png 2048w, https:\/\/www.canaydin.av.tr\/wp-content\/uploads\/2021\/08\/Adsiz-tasarim-11-320x213.png 320w, https:\/\/www.canaydin.av.tr\/wp-content\/uploads\/2021\/08\/Adsiz-tasarim-11-960x640.png 960w, https:\/\/www.canaydin.av.tr\/wp-content\/uploads\/2021\/08\/Adsiz-tasarim-11-480x320.png 480w, https:\/\/www.canaydin.av.tr\/wp-content\/uploads\/2021\/08\/Adsiz-tasarim-11-240x160.png 240w\" sizes=\"(max-width: 2560px) 100vw, 2560px\" \/><\/span><\/div><\/a><\/div><div class=\"bt_bb_card_content\"><div class=\"bt_bb_card_icon_box\"><div class=\"bt_bb_card_icon\"><span  data-ico-law=\"&#xf117;\" class=\"bt_bb_icon_holder\"><\/span><\/div><h3 class=\"bt_bb_card_title\"><a href=\"https:\/\/www.canaydin.av.tr\/tr\/immigration-law\/deportation-and-exclusion-order\/\"  target=\"_self\">SINIRDI\u015eI ED\u0130LME VE \u00dcLKEYE G\u0130R\u0130\u015e YASAKLARI <\/a><\/h3><\/div><\/div><\/div><div class=\"bt_bb_separator bt_bb_bottom_spacing_medium bt_bb_border_style_none\"><\/div><\/div><\/div><\/div><div  class=\"bt_bb_column col-xl-4 col-xs-12 col-sm-12 col-md-12 col-lg-4 bt_bb_align_left bt_bb_padding_normal bt_bb_animation_fade_in animate\"  data-width=\"4\" data-bt-override-class=\"{}\"><div class=\"bt_bb_column_content bt_bb_vertical_align_bottom bt_bb_color_scheme_\"><div class=\"bt_bb_column_content_inner\"><div class=\"bt_bb_card bt_bb_title_position_top bt_bb_title_color_scheme_7\" style=\"; --card-title-primary-color:#1a243f; --card-title-secondary-color:#191919;\"><div class=\"bt_bb_card_image\"><a href=\"https:\/\/www.canaydin.av.tr\/tr\/immigration-law\/residence-permit\/work-permit\/\"  target=\"_self\"><div class=\"bt_bb_image\" data-bt-override-class=\"{}\"><span><img width=\"2560\" height=\"1707\" src=\"https:\/\/www.canaydin.av.tr\/wp-content\/uploads\/2021\/08\/Adsiz-tasarim-12.png\" class=\"attachment- size-\" alt=\"Work Permit\" decoding=\"async\" loading=\"lazy\" data-full_image_src=\"https:\/\/www.canaydin.av.tr\/wp-content\/uploads\/2021\/08\/Adsiz-tasarim-12.png\" title=\"\u00c7ALI\u015eMA \u0130ZN\u0130\" srcset=\"https:\/\/www.canaydin.av.tr\/wp-content\/uploads\/2021\/08\/Adsiz-tasarim-12.png 2560w, https:\/\/www.canaydin.av.tr\/wp-content\/uploads\/2021\/08\/Adsiz-tasarim-12-640x427.png 640w, https:\/\/www.canaydin.av.tr\/wp-content\/uploads\/2021\/08\/Adsiz-tasarim-12-1280x854.png 1280w, https:\/\/www.canaydin.av.tr\/wp-content\/uploads\/2021\/08\/Adsiz-tasarim-12-768x512.png 768w, https:\/\/www.canaydin.av.tr\/wp-content\/uploads\/2021\/08\/Adsiz-tasarim-12-1536x1024.png 1536w, https:\/\/www.canaydin.av.tr\/wp-content\/uploads\/2021\/08\/Adsiz-tasarim-12-2048x1366.png 2048w, https:\/\/www.canaydin.av.tr\/wp-content\/uploads\/2021\/08\/Adsiz-tasarim-12-320x213.png 320w, https:\/\/www.canaydin.av.tr\/wp-content\/uploads\/2021\/08\/Adsiz-tasarim-12-960x640.png 960w, https:\/\/www.canaydin.av.tr\/wp-content\/uploads\/2021\/08\/Adsiz-tasarim-12-480x320.png 480w, https:\/\/www.canaydin.av.tr\/wp-content\/uploads\/2021\/08\/Adsiz-tasarim-12-240x160.png 240w\" sizes=\"(max-width: 2560px) 100vw, 2560px\" \/><\/span><\/div><\/a><\/div><div class=\"bt_bb_card_content\"><div class=\"bt_bb_card_icon_box\"><div class=\"bt_bb_card_icon\"><span  data-ico-law=\"&#xf132;\" class=\"bt_bb_icon_holder\"><\/span><\/div><h3 class=\"bt_bb_card_title\"><a href=\"https:\/\/www.canaydin.av.tr\/tr\/immigration-law\/residence-permit\/work-permit\/\"  target=\"_self\">\u00c7ALI\u015eMA \u0130ZN\u0130<\/a><\/h3><\/div><\/div><\/div><div class=\"bt_bb_separator bt_bb_bottom_spacing_medium bt_bb_border_style_none\"><\/div><\/div><\/div><\/div><\/div><\/div><\/div><\/div><\/div><\/section><\/div>","protected":false},"excerpt":{"rendered":"","protected":false},"author":1,"featured_media":0,"parent":0,"menu_order":0,"comment_status":"closed","ping_status":"closed","template":"","meta":[],"yoast_head":"<!-- This site is optimized with the Yoast SEO plugin v16.8 - https:\/\/yoast.com\/wordpress\/plugins\/seo\/ -->\n<title>IMMIGRATION LAW - CANAYDIN Law Firm<\/title>\n<meta name=\"robots\" content=\"index, follow, max-snippet:-1, max-image-preview:large, max-video-preview:-1\" \/>\n<link rel=\"canonical\" href=\"https:\/\/www.canaydin.av.tr\/tr\/immigration-law\/\" \/>\n<meta property=\"og:locale\" content=\"tr_TR\" \/>\n<meta property=\"og:type\" content=\"article\" \/>\n<meta property=\"og:title\" content=\"IMMIGRATION LAW - CANAYDIN Law Firm\" \/>\n<meta property=\"og:url\" content=\"https:\/\/www.canaydin.av.tr\/tr\/immigration-law\/\" \/>\n<meta property=\"og:site_name\" content=\"CANAYDIN Law Firm\" \/>\n<meta property=\"article:publisher\" content=\"https:\/\/www.facebook.com\/Canayd%c4%b1n-Law-Firm-108564714824327\" \/>\n<meta property=\"article:modified_time\" content=\"2023-06-15T07:24:24+00:00\" \/>\n<meta property=\"og:image\" content=\"https:\/\/www.canaydin.av.tr\/wp-content\/uploads\/2021\/07\/Logo-Canaydin.png\" \/>\n\t<meta property=\"og:image:width\" content=\"3733\" \/>\n\t<meta property=\"og:image:height\" content=\"1029\" \/>\n<meta name=\"twitter:card\" content=\"summary_large_image\" \/>\n<meta name=\"twitter:label1\" content=\"Tahmini okuma s\u00fcresi\" \/>\n\t<meta name=\"twitter:data1\" content=\"3 dakika\" \/>\n<script type=\"application\/ld+json\" class=\"yoast-schema-graph\">{\"@context\":\"https:\/\/schema.org\",\"@graph\":[{\"@type\":\"Organization\",\"@id\":\"https:\/\/www.canaydin.av.tr\/#organization\",\"name\":\"Canaydin Law Firm\",\"url\":\"https:\/\/www.canaydin.av.tr\/\",\"sameAs\":[\"https:\/\/www.facebook.com\/Canayd\\u0131n-Law-Firm-108564714824327\",\"https:\/\/instagram.com\/canaydinlawfirm\",\"https:\/\/www.linkedin.com\/company\/canaydin-law-firm\/\",\"https:\/\/www.youtube.com\/channel\/UCAioITA_h23oo3pWmEAgMfQ\"],\"logo\":{\"@type\":\"ImageObject\",\"@id\":\"https:\/\/www.canaydin.av.tr\/#logo\",\"inLanguage\":\"tr\",\"url\":\"https:\/\/www.canaydin.av.tr\/wp-content\/uploads\/2021\/07\/Logo-Canaydin.png\",\"contentUrl\":\"https:\/\/www.canaydin.av.tr\/wp-content\/uploads\/2021\/07\/Logo-Canaydin.png\",\"width\":3733,\"height\":1029,\"caption\":\"Canaydin Law Firm\"},\"image\":{\"@id\":\"https:\/\/www.canaydin.av.tr\/#logo\"}},{\"@type\":\"WebSite\",\"@id\":\"https:\/\/www.canaydin.av.tr\/#website\",\"url\":\"https:\/\/www.canaydin.av.tr\/\",\"name\":\"CANAYDIN Law Firm\",\"description\":\"\",\"publisher\":{\"@id\":\"https:\/\/www.canaydin.av.tr\/#organization\"},\"potentialAction\":[{\"@type\":\"SearchAction\",\"target\":{\"@type\":\"EntryPoint\",\"urlTemplate\":\"https:\/\/www.canaydin.av.tr\/?s={search_term_string}\"},\"query-input\":\"required name=search_term_string\"}],\"inLanguage\":\"tr\"},{\"@type\":\"WebPage\",\"@id\":\"https:\/\/www.canaydin.av.tr\/immigration-law\/#webpage\",\"url\":\"https:\/\/www.canaydin.av.tr\/immigration-law\/\",\"name\":\"IMMIGRATION LAW - CANAYDIN Law Firm\",\"isPartOf\":{\"@id\":\"https:\/\/www.canaydin.av.tr\/#website\"},\"datePublished\":\"2021-06-08T09:31:03+00:00\",\"dateModified\":\"2023-06-15T07:24:24+00:00\",\"breadcrumb\":{\"@id\":\"https:\/\/www.canaydin.av.tr\/immigration-law\/#breadcrumb\"},\"inLanguage\":\"tr\",\"potentialAction\":[{\"@type\":\"ReadAction\",\"target\":[\"https:\/\/www.canaydin.av.tr\/immigration-law\/\"]}]},{\"@type\":\"BreadcrumbList\",\"@id\":\"https:\/\/www.canaydin.av.tr\/immigration-law\/#breadcrumb\",\"itemListElement\":[{\"@type\":\"ListItem\",\"position\":1,\"name\":\"Anasayfa\",\"item\":\"https:\/\/www.canaydin.av.tr\/\"},{\"@type\":\"ListItem\",\"position\":2,\"name\":\"IMMIGRATION LAW\"}]}]}<\/script>\n<!-- \/ Yoast SEO plugin. -->","yoast_head_json":{"title":"IMMIGRATION LAW - CANAYDIN Law Firm","robots":{"index":"index","follow":"follow","max-snippet":"max-snippet:-1","max-image-preview":"max-image-preview:large","max-video-preview":"max-video-preview:-1"},"canonical":"https:\/\/www.canaydin.av.tr\/tr\/immigration-law\/","og_locale":"tr_TR","og_type":"article","og_title":"IMMIGRATION LAW - CANAYDIN Law Firm","og_url":"https:\/\/www.canaydin.av.tr\/tr\/immigration-law\/","og_site_name":"CANAYDIN Law Firm","article_publisher":"https:\/\/www.facebook.com\/Canayd%c4%b1n-Law-Firm-108564714824327","article_modified_time":"2023-06-15T07:24:24+00:00","og_image":[{"width":3733,"height":1029,"url":"https:\/\/www.canaydin.av.tr\/wp-content\/uploads\/2021\/07\/Logo-Canaydin.png","path":"\/home\/u616560269\/domains\/canaydin.av.tr\/public_html\/wp-content\/uploads\/2021\/07\/Logo-Canaydin.png","size":"full","id":3987,"alt":"","pixels":3841257,"type":"image\/png"}],"twitter_card":"summary_large_image","twitter_misc":{"Tahmini okuma s\u00fcresi":"3 dakika"},"schema":{"@context":"https:\/\/schema.org","@graph":[{"@type":"Organization","@id":"https:\/\/www.canaydin.av.tr\/#organization","name":"Canaydin Law Firm","url":"https:\/\/www.canaydin.av.tr\/","sameAs":["https:\/\/www.facebook.com\/Canayd\u0131n-Law-Firm-108564714824327","https:\/\/instagram.com\/canaydinlawfirm","https:\/\/www.linkedin.com\/company\/canaydin-law-firm\/","https:\/\/www.youtube.com\/channel\/UCAioITA_h23oo3pWmEAgMfQ"],"logo":{"@type":"ImageObject","@id":"https:\/\/www.canaydin.av.tr\/#logo","inLanguage":"tr","url":"https:\/\/www.canaydin.av.tr\/wp-content\/uploads\/2021\/07\/Logo-Canaydin.png","contentUrl":"https:\/\/www.canaydin.av.tr\/wp-content\/uploads\/2021\/07\/Logo-Canaydin.png","width":3733,"height":1029,"caption":"Canaydin Law Firm"},"image":{"@id":"https:\/\/www.canaydin.av.tr\/#logo"}},{"@type":"WebSite","@id":"https:\/\/www.canaydin.av.tr\/#website","url":"https:\/\/www.canaydin.av.tr\/","name":"CANAYDIN Law Firm","description":"","publisher":{"@id":"https:\/\/www.canaydin.av.tr\/#organization"},"potentialAction":[{"@type":"SearchAction","target":{"@type":"EntryPoint","urlTemplate":"https:\/\/www.canaydin.av.tr\/?s={search_term_string}"},"query-input":"required name=search_term_string"}],"inLanguage":"tr"},{"@type":"WebPage","@id":"https:\/\/www.canaydin.av.tr\/immigration-law\/#webpage","url":"https:\/\/www.canaydin.av.tr\/immigration-law\/","name":"IMMIGRATION LAW - CANAYDIN Law Firm","isPartOf":{"@id":"https:\/\/www.canaydin.av.tr\/#website"},"datePublished":"2021-06-08T09:31:03+00:00","dateModified":"2023-06-15T07:24:24+00:00","breadcrumb":{"@id":"https:\/\/www.canaydin.av.tr\/immigration-law\/#breadcrumb"},"inLanguage":"tr","potentialAction":[{"@type":"ReadAction","target":["https:\/\/www.canaydin.av.tr\/immigration-law\/"]}]},{"@type":"BreadcrumbList","@id":"https:\/\/www.canaydin.av.tr\/immigration-law\/#breadcrumb","itemListElement":[{"@type":"ListItem","position":1,"name":"Anasayfa","item":"https:\/\/www.canaydin.av.tr\/"},{"@type":"ListItem","position":2,"name":"IMMIGRATION LAW"}]}]}},"_links":{"self":[{"href":"https:\/\/www.canaydin.av.tr\/tr\/wp-json\/wp\/v2\/pages\/3605"}],"collection":[{"href":"https:\/\/www.canaydin.av.tr\/tr\/wp-json\/wp\/v2\/pages"}],"about":[{"href":"https:\/\/www.canaydin.av.tr\/tr\/wp-json\/wp\/v2\/types\/page"}],"author":[{"embeddable":true,"href":"https:\/\/www.canaydin.av.tr\/tr\/wp-json\/wp\/v2\/users\/1"}],"replies":[{"embeddable":true,"href":"https:\/\/www.canaydin.av.tr\/tr\/wp-json\/wp\/v2\/comments?post=3605"}],"version-history":[{"count":24,"href":"https:\/\/www.canaydin.av.tr\/tr\/wp-json\/wp\/v2\/pages\/3605\/revisions"}],"predecessor-version":[{"id":4162,"href":"https:\/\/www.canaydin.av.tr\/tr\/wp-json\/wp\/v2\/pages\/3605\/revisions\/4162"}],"wp:attachment":[{"href":"https:\/\/www.canaydin.av.tr\/tr\/wp-json\/wp\/v2\/media?parent=3605"}],"curies":[{"name":"wp","href":"https:\/\/api.w.org\/{rel}","templated":true}]}}