{"id":13,"date":"2018-09-10T12:48:22","date_gmt":"2018-09-10T12:48:22","guid":{"rendered":"http:\/\/law-firm.bold-themes.com\/master-import\/?page_id=13"},"modified":"2026-04-15T14:06:43","modified_gmt":"2026-04-15T11:06:43","slug":"contact","status":"publish","type":"page","link":"https:\/\/www.canaydin.av.tr\/tr\/contact\/","title":{"rendered":"Temas etmek"},"content":{"rendered":"<div class=\"bt_bb_wrapper\"><section id=\"bt_bb_section69e11b419bda6\" data-parallax=\"0.7\" data-parallax-offset=\"0\" data-background_image_src=\"'https:\/\/www.canaydin.av.tr\/wp-content\/uploads\/2021\/07\/Untitled-design-1.jpg'\" class=\"bt_bb_section bt_bb_top_spacing_large bt_bb_bottom_spacing_large bt_bb_layout_boxed_1200 bt_bb_vertical_align_top btLazyLoadBackground bt_bb_background_image bt_bb_parallax\" style=\"background-image:url(&#039;https:\/\/www.canaydin.av.tr\/wp-content\/plugins\/bold-page-builder\/img\/blank.gif&#039;);z-index:100\"><div class=\"bt_bb_port\"><div class=\"bt_bb_cell\"><div class=\"bt_bb_cell_inner\"><div class=\"bt_bb_row_wrapper\"><div  class=\"bt_bb_row\" ><div  class=\"bt_bb_column col-xl-12 bt_bb_align_center bt_bb_padding_normal bt_bb_animation_fade_in animate\"  data-width=\"12\" data-bt-override-class=\"{}\"><div class=\"bt_bb_column_content bt_bb_vertical_align_top bt_bb_color_scheme_\"><div class=\"bt_bb_column_content_inner\"><div class=\"bt_bb_separator bt_bb_bottom_spacing_small bt_bb_border_style_none bt_bb_hidden_xs bt_bb_hidden_ms bt_bb_hidden_sm\"><\/div><div class=\"bt_bb_separator bt_bb_top_spacing_normal bt_bb_bottom_spacing_large bt_bb_border_style_none bt_bb_hidden_xs bt_bb_hidden_ms bt_bb_hidden_sm\"><\/div><\/div><\/div><\/div><\/div><\/div><\/div><\/div><\/div><\/section><section id=\"bt_bb_section69e11b419c08b\"  class=\"bt_bb_section bt_bb_layout_wide bt_bb_vertical_align_top bt_bb_negative_margin_large\" ><div class=\"bt_bb_port\"><div class=\"bt_bb_cell\"><div class=\"bt_bb_cell_inner\"><div class=\"bt_bb_row_wrapper\"><div  class=\"bt_bb_row bt_bb_layout_special btOverlapLeft\" ><div  class=\"bt_bb_column col-xl-6 btWithIcon bt_bb_align_right bt_bb_padding_normal bt_bb_animation_fade_in animate\"  data-width=\"6\" data-bt-override-class=\"{}\"><div class=\"bt_bb_column_content bt_bb_vertical_align_top bt_bb_color_scheme_\"><div class=\"bt_bb_column_icon\"><span  data-ico-icon7stroke=\"&#xe62c;\" class=\"bt_bb_icon_holder\"><\/span><\/div><div class=\"bt_bb_column_content_inner\"><header class=\"bt_bb_headline bt_bb_color_scheme_14 bt_bb_dash_none bt_bb_size_medium bt_bb_superheadline bt_bb_align_inherit\" data-bt-override-class=\"{&quot;bt_bb_align_&quot;:{&quot;current_class&quot;:&quot;bt_bb_align_inherit&quot;,&quot;xl&quot;:&quot;inherit&quot;}}\"><h3 class=\"bt_bb_headline_tag\"><span class=\"bt_bb_headline_superheadline\">CANAYDIN HUKUK B\u00dcROSU<\/span><span class=\"bt_bb_headline_content\"><span>Bizimle \u0130leti\u015fime Ge\u00e7in<br \/>\r\ne-posta g\u00f6nderin veya bizi bulun<br \/>\r\nA\u015fa\u011f\u0131daki ofis.<\/span><\/span><\/h3><\/header><div class=\"bt_bb_separator bt_bb_top_spacing_small bt_bb_bottom_spacing_normal bt_bb_border_style_none\"><\/div><div  class=\"bt_bb_row_inner\" ><div  class=\"bt_bb_column_inner col-xl-6 bt_bb_align_left bt_bb_vertical_align_top bt_bb_padding_normal\"  data-width=\"6\" data-bt-override-class=\"{}\"><div class=\"bt_bb_column_inner_content\"><div class=\"bt_bb_service bt_bb_color_scheme_6 bt_bb_style_filled bt_bb_size_small bt_bb_shape_square bt_bb_align_inherit bt_bb_title_color_scheme_13\" style=\"; --service-primary-color:#ffffff; --service-secondary-color:#b07c4b;; --service-title-primary-color:#b07c4b; --service-title-secondary-color:#1a243f;\"><span  data-ico-icon7stroke=\"&#xe670;\" class=\"bt_bb_icon_holder\"><\/span><div class=\"bt_bb_service_content\"><div class=\"bt_bb_service_content_title\">TELEFON<\/div><div class=\"bt_bb_service_content_text\">+90 542 150 13 85<br \/>\r\n<br \/>\r\n<\/div><\/div><\/div><div class=\"bt_bb_separator bt_bb_bottom_spacing_normal bt_bb_border_style_none\"><\/div><div class=\"bt_bb_service bt_bb_color_scheme_6 bt_bb_style_filled bt_bb_size_small bt_bb_shape_square bt_bb_align_inherit bt_bb_title_color_scheme_13\" style=\"; --service-primary-color:#ffffff; --service-secondary-color:#b07c4b;; --service-title-primary-color:#b07c4b; --service-title-secondary-color:#1a243f;\"><span  data-ico-icon7stroke=\"&#xe67e;\" class=\"bt_bb_icon_holder\"><\/span><div class=\"bt_bb_service_content\"><div class=\"bt_bb_service_content_title\">\u00c7ALI\u015eMA SAATLER\u0130<\/div><div class=\"bt_bb_service_content_text\">PZT-PAZ 09.00-19.00<\/div><\/div><\/div><div class=\"bt_bb_separator bt_bb_bottom_spacing_normal bt_bb_border_style_none bt_bb_hidden_md bt_bb_hidden_lg\"><\/div><\/div><\/div><div  class=\"bt_bb_column_inner col-xl-6 bt_bb_align_left bt_bb_vertical_align_top bt_bb_padding_normal\"  data-width=\"6\" data-bt-override-class=\"{}\"><div class=\"bt_bb_column_inner_content\"><div class=\"bt_bb_service bt_bb_color_scheme_6 bt_bb_style_filled bt_bb_size_small bt_bb_shape_square bt_bb_align_inherit bt_bb_title_color_scheme_13\" style=\"; --service-primary-color:#ffffff; --service-secondary-color:#b07c4b;; --service-title-primary-color:#b07c4b; --service-title-secondary-color:#1a243f;\"><span  data-ico-icon7stroke=\"&#xe648;\" class=\"bt_bb_icon_holder\"><\/span><div class=\"bt_bb_service_content\"><div class=\"bt_bb_service_content_title\">ADRES<\/div><div class=\"bt_bb_service_content_text\">Maltepe Mah. Tayyareci Sami sok. no: 1\/1 C blok daire: 54 Zeytinburnu\/ \u0130stanbul<\/div><\/div><\/div><div class=\"bt_bb_separator bt_bb_bottom_spacing_normal bt_bb_border_style_none\"><\/div><div class=\"bt_bb_service bt_bb_color_scheme_6 bt_bb_style_filled bt_bb_size_small bt_bb_shape_square bt_bb_align_inherit bt_bb_title_color_scheme_13\" style=\"; --service-primary-color:#ffffff; --service-secondary-color:#b07c4b;; --service-title-primary-color:#b07c4b; --service-title-secondary-color:#1a243f;\"><span  data-ico-icon7stroke=\"&#xe639;\" class=\"bt_bb_icon_holder\"><\/span><div class=\"bt_bb_service_content\"><div class=\"bt_bb_service_content_title\">E-POSTA:<\/div><div class=\"bt_bb_service_content_text\">hukuk@canaydin.av.tr<\/div><\/div><\/div><\/div><\/div><\/div><\/div><\/div><\/div><div  class=\"bt_bb_column col-xl-6 bt_bb_align_left bt_bb_padding_normal bt_bb_animation_fade_in animate\"  data-width=\"6\" data-bt-override-class=\"{&quot;bt_bb_align_&quot;:{&quot;current_class&quot;:&quot;bt_bb_align_left&quot;,&quot;xl&quot;:&quot;left&quot;}}\"><div class=\"bt_bb_column_content bt_bb_vertical_align_top bt_bb_color_scheme_ bt_bb_column_background_image\" style=\"background-image:url(&#039;https:\/\/www.canaydin.av.tr\/wp-content\/uploads\/2019\/11\/new_hero_slider_03_03.jpg&#039;);\"><div class=\"bt_bb_column_content_inner\"><div class=\"bt_bb_separator bt_bb_bottom_spacing_extra_small bt_bb_border_style_none\"><\/div><header class=\"bt_bb_headline bt_bb_color_scheme_1 bt_bb_dash_none bt_bb_size_medium bt_bb_superheadline bt_bb_align_inherit btNoHeadline\" style=\";color:rgb(255,255,255);border-color:rgb(255,255,255);\" data-bt-override-class=\"{&quot;bt_bb_align_&quot;:{&quot;current_class&quot;:&quot;bt_bb_align_inherit&quot;,&quot;xl&quot;:&quot;inherit&quot;}}\"><h3 class=\"bt_bb_headline_tag\"><span class=\"bt_bb_headline_superheadline\">MESAJ BIRAKIN<\/span><\/h3><\/header><div class=\"bt_bb_separator bt_bb_bottom_spacing_normal bt_bb_border_style_none\"><\/div><div class=\"bt_bb_contact_form_7\"><div class=\"wpcf7 no-js\" id=\"wpcf7-f3420-o1\" lang=\"en-US\" dir=\"ltr\">\n<div class=\"screen-reader-response\"><p role=\"status\" aria-live=\"polite\" aria-atomic=\"true\"><\/p> <ul><\/ul><\/div>\n<form action=\"\/tr\/wp-json\/wp\/v2\/pages\/13#wpcf7-f3420-o1\" method=\"post\" class=\"wpcf7-form init\" aria-label=\"Contact form\" novalidate=\"novalidate\" data-status=\"init\" data-trp-original-action=\"\/tr\/wp-json\/wp\/v2\/pages\/13#wpcf7-f3420-o1\">\n<div style=\"display: none;\">\n<input type=\"hidden\" name=\"_wpcf7\" value=\"3420\" \/>\n<input type=\"hidden\" name=\"_wpcf7_version\" value=\"5.7.2\" \/>\n<input type=\"hidden\" name=\"_wpcf7_locale\" value=\"en_US\" \/>\n<input type=\"hidden\" name=\"_wpcf7_unit_tag\" value=\"wpcf7-f3420-o1\" \/>\n<input type=\"hidden\" name=\"_wpcf7_container_post\" value=\"0\" \/>\n<input type=\"hidden\" name=\"_wpcf7_posted_data_hash\" value=\"\" \/>\n<input type=\"hidden\" name=\"_wpcf7_recaptcha_response\" value=\"\" \/>\n<\/div>\n<div class=\"btForm btCallback\">\n\t<div class=\"btFormRow btFlex\">\n\t\t<div class=\"btFormColumn\">\n\t\t\t<p><span class=\"wpcf7-form-control-wrap\" data-name=\"your-name\"><input size=\"40\" class=\"wpcf7-form-control wpcf7-text wpcf7-validates-as-required\" aria-required=\"true\" aria-invalid=\"false\" placeholder=\"\u0130sim\" value=\"\" type=\"text\" name=\"your-name\" \/><\/span>\n\t\t\t<\/p>\n\t\t<\/div>\n\t\t<div class=\"btFormColumn\">\n\t\t\t<p><span class=\"wpcf7-form-control-wrap\" data-name=\"your-email\"><input size=\"40\" class=\"wpcf7-form-control wpcf7-text wpcf7-email wpcf7-validates-as-required wpcf7-validates-as-email\" aria-required=\"true\" aria-invalid=\"false\" placeholder=\"E-posta*\" value=\"\" type=\"email\" name=\"your-email\" \/><\/span>\n\t\t\t<\/p>\n\t\t<\/div>\n\t<\/div>\n\t<div class=\"btFormRow\">\n\t\t<div class=\"btFormColumn\">\n\t\t\t<p><span class=\"wpcf7-form-control-wrap\" data-name=\"your-tel\"><input size=\"40\" class=\"wpcf7-form-control wpcf7-text wpcf7-tel wpcf7-validates-as-tel\" aria-invalid=\"false\" placeholder=\"Telefon\" value=\"\" type=\"tel\" name=\"your-tel\" \/><\/span>\n\t\t\t<\/p>\n\t\t<\/div>\n\t<\/div>\n\t<div class=\"btFormRow\">\n\t\t<div class=\"btFormColumn\">\n\t\t\t<p><span class=\"wpcf7-form-control-wrap\" data-name=\"your-service\"><select class=\"wpcf7-form-control wpcf7-select wpcf7-validates-as-required\" aria-required=\"true\" aria-invalid=\"false\" name=\"your-service\"><option value=\"\">&#8212;Please choose an option&#8212;<\/option><option value=\"Immigration Law\">YABANCILAR HUKUKU<\/option><option value=\"Citizenship Law\">VATANDA\u015eLIK HUKUKU<\/option><option value=\"Real Estate Law\">Gayrimenkul Hukuku<\/option><option value=\"Corporate Law\">\u015eirketler Hukuku<\/option><option value=\"Foreign Investment Consultancy\">Yabanc\u0131 Yat\u0131r\u0131m Dan\u0131\u015fmanl\u0131\u011f\u0131<\/option><option value=\"Debt and Enforcement Law\">Bor\u00e7 ve \u0130cra Hukuku<\/option><option value=\"Litigation\">Dava<\/option><\/select><\/span>\n\t\t\t<\/p>\n\t\t<\/div>\n\t<\/div>\n\t<div class=\"btFormRow\">\n\t\t<div class=\"btFormColumn\">\n\t\t\t<p><span class=\"wpcf7-form-control-wrap\" data-name=\"your-message\"><textarea cols=\"40\" rows=\"10\" class=\"wpcf7-form-control wpcf7-textarea wpcf7-validates-as-required\" aria-required=\"true\" aria-invalid=\"false\" placeholder=\"A\u00e7\u0131klama\" name=\"your-message\"><\/textarea><\/span>\n\t\t\t<\/p>\n\t\t<\/div>\n\t<\/div>\n\t<div class=\"btFormButton\">\n\t\t<p><input class=\"wpcf7-form-control has-spinner wpcf7-submit\" type=\"submit\" value=\"G\u00d6NDER\" \/>\n\t\t<\/p>\n\t<\/div>\n<span class=\"wpcf7-form-control-wrap recaptcha\" data-name=\"recaptcha\"><span data-sitekey=\"6Le_-rcjAAAAAMTILHlK03N8C3FB_ktfLwWtPSWJ\" class=\"wpcf7-form-control g-recaptcha wpcf7-recaptcha\"><\/span>\r\n<noscript>\r\n\t<div class=\"grecaptcha-noscript\">\r\n\t\t<iframe src=\"https:\/\/www.recaptcha.net\/recaptcha\/api\/fallback?k=6Le_-rcjAAAAAMTILHlK03N8C3FB_ktfLwWtPSWJ\" frameborder=\"0\" scrolling=\"no\" width=\"310\" height=\"430\">\r\n\t\t<\/iframe>\r\n\t\t<textarea name=\"g-recaptcha-response\" rows=\"3\" cols=\"40\" placeholder=\"reCaptcha Response Here\">\r\n\t\t<\/textarea>\r\n\t<\/div>\r\n<\/noscript>\r\n<\/span>\n<\/div><div class=\"wpcf7-response-output\" aria-hidden=\"true\"><\/div><input type=\"hidden\" name=\"trp-form-language\" value=\"tr\"\/><\/form><\/div><\/div><\/div><\/div><\/div><\/div><\/div><\/div><\/div><\/div><\/section><section id=\"bt_bb_section69e11b41a0139\"  class=\"bt_bb_section bt_bb_layout_wide bt_bb_vertical_align_top\" ><div class=\"bt_bb_port\"><div class=\"bt_bb_cell\"><div class=\"bt_bb_cell_inner\"><div class=\"bt_bb_row_wrapper\"><div  class=\"bt_bb_row bt_bb_column_gap_0 bt_bb_layout_special btOverlapRight\" ><div  class=\"bt_bb_column col-xl-12 col-xs-12 col-sm-12 col-md-12 col-lg-12 bt_bb_align_left bt_bb_padding_normal\"  data-width=\"12\" data-bt-override-class=\"{}\"><div class=\"bt_bb_column_content bt_bb_vertical_align_top bt_bb_color_scheme_\"><div class=\"bt_bb_column_content_inner\"><div class=\"bt_bb_google_maps bt_bb_map bt_bb_map_type_interactive\" data-center=\"yes\"><div class=\"bt_bb_google_maps_map bt_bb_map_map\" id=\"map_canvas69e11b41a031c\" style=\"height:850px\"><\/div><div class=\"bt_bb_google_maps_location bt_bb_map_location bt_bb_google_maps_location_without_content bt_bb_map_location_without_content\" data-lat=\"41.0167249\" data-lng=\"28.9059945\" data-icon=\"\"><\/div><\/div><\/div><\/div><\/div><\/div><\/div><\/div><\/div><\/div><\/section><\/div>","protected":false},"excerpt":{"rendered":"","protected":false},"author":1,"featured_media":0,"parent":0,"menu_order":0,"comment_status":"closed","ping_status":"closed","template":"","meta":[],"yoast_head":"<!-- This site is optimized with the Yoast SEO plugin v16.8 - https:\/\/yoast.com\/wordpress\/plugins\/seo\/ -->\n<title>Contact - CANAYDIN Law Firm<\/title>\n<meta name=\"robots\" content=\"index, follow, max-snippet:-1, max-image-preview:large, max-video-preview:-1\" \/>\n<link rel=\"canonical\" href=\"https:\/\/www.canaydin.av.tr\/tr\/contact\/\" \/>\n<meta property=\"og:locale\" content=\"tr_TR\" \/>\n<meta property=\"og:type\" content=\"article\" \/>\n<meta property=\"og:title\" content=\"Contact - CANAYDIN Law Firm\" \/>\n<meta property=\"og:url\" content=\"https:\/\/www.canaydin.av.tr\/tr\/contact\/\" \/>\n<meta property=\"og:site_name\" content=\"CANAYDIN Law Firm\" \/>\n<meta property=\"article:publisher\" content=\"https:\/\/www.facebook.com\/Canayd%c4%b1n-Law-Firm-108564714824327\" \/>\n<meta property=\"article:modified_time\" content=\"2026-04-15T11:06:43+00:00\" \/>\n<meta property=\"og:image\" content=\"https:\/\/www.canaydin.av.tr\/wp-content\/uploads\/2021\/07\/Logo-Canaydin.png\" \/>\n\t<meta property=\"og:image:width\" content=\"3733\" \/>\n\t<meta property=\"og:image:height\" content=\"1029\" \/>\n<meta name=\"twitter:card\" content=\"summary_large_image\" \/>\n<meta name=\"twitter:label1\" content=\"Tahmini okuma s\u00fcresi\" \/>\n\t<meta name=\"twitter:data1\" content=\"7 dakika\" \/>\n<script type=\"application\/ld+json\" class=\"yoast-schema-graph\">{\"@context\":\"https:\/\/schema.org\",\"@graph\":[{\"@type\":\"Organization\",\"@id\":\"https:\/\/www.canaydin.av.tr\/#organization\",\"name\":\"Canaydin Law Firm\",\"url\":\"https:\/\/www.canaydin.av.tr\/\",\"sameAs\":[\"https:\/\/www.facebook.com\/Canayd\\u0131n-Law-Firm-108564714824327\",\"https:\/\/instagram.com\/canaydinlawfirm\",\"https:\/\/www.linkedin.com\/company\/canaydin-law-firm\/\",\"https:\/\/www.youtube.com\/channel\/UCAioITA_h23oo3pWmEAgMfQ\"],\"logo\":{\"@type\":\"ImageObject\",\"@id\":\"https:\/\/www.canaydin.av.tr\/#logo\",\"inLanguage\":\"tr\",\"url\":\"https:\/\/www.canaydin.av.tr\/wp-content\/uploads\/2021\/07\/Logo-Canaydin.png\",\"contentUrl\":\"https:\/\/www.canaydin.av.tr\/wp-content\/uploads\/2021\/07\/Logo-Canaydin.png\",\"width\":3733,\"height\":1029,\"caption\":\"Canaydin Law Firm\"},\"image\":{\"@id\":\"https:\/\/www.canaydin.av.tr\/#logo\"}},{\"@type\":\"WebSite\",\"@id\":\"https:\/\/www.canaydin.av.tr\/#website\",\"url\":\"https:\/\/www.canaydin.av.tr\/\",\"name\":\"CANAYDIN Law Firm\",\"description\":\"\",\"publisher\":{\"@id\":\"https:\/\/www.canaydin.av.tr\/#organization\"},\"potentialAction\":[{\"@type\":\"SearchAction\",\"target\":{\"@type\":\"EntryPoint\",\"urlTemplate\":\"https:\/\/www.canaydin.av.tr\/?s={search_term_string}\"},\"query-input\":\"required name=search_term_string\"}],\"inLanguage\":\"tr\"},{\"@type\":\"WebPage\",\"@id\":\"https:\/\/www.canaydin.av.tr\/contact\/#webpage\",\"url\":\"https:\/\/www.canaydin.av.tr\/contact\/\",\"name\":\"Contact - CANAYDIN Law Firm\",\"isPartOf\":{\"@id\":\"https:\/\/www.canaydin.av.tr\/#website\"},\"datePublished\":\"2018-09-10T12:48:22+00:00\",\"dateModified\":\"2026-04-15T11:06:43+00:00\",\"breadcrumb\":{\"@id\":\"https:\/\/www.canaydin.av.tr\/contact\/#breadcrumb\"},\"inLanguage\":\"tr\",\"potentialAction\":[{\"@type\":\"ReadAction\",\"target\":[\"https:\/\/www.canaydin.av.tr\/contact\/\"]}]},{\"@type\":\"BreadcrumbList\",\"@id\":\"https:\/\/www.canaydin.av.tr\/contact\/#breadcrumb\",\"itemListElement\":[{\"@type\":\"ListItem\",\"position\":1,\"name\":\"Anasayfa\",\"item\":\"https:\/\/www.canaydin.av.tr\/\"},{\"@type\":\"ListItem\",\"position\":2,\"name\":\"Contact\"}]}]}<\/script>\n<!-- \/ Yoast SEO plugin. -->","yoast_head_json":{"title":"Contact - CANAYDIN Law Firm","robots":{"index":"index","follow":"follow","max-snippet":"max-snippet:-1","max-image-preview":"max-image-preview:large","max-video-preview":"max-video-preview:-1"},"canonical":"https:\/\/www.canaydin.av.tr\/tr\/contact\/","og_locale":"tr_TR","og_type":"article","og_title":"Contact - CANAYDIN Law Firm","og_url":"https:\/\/www.canaydin.av.tr\/tr\/contact\/","og_site_name":"CANAYDIN Law Firm","article_publisher":"https:\/\/www.facebook.com\/Canayd%c4%b1n-Law-Firm-108564714824327","article_modified_time":"2026-04-15T11:06:43+00:00","og_image":[{"width":3733,"height":1029,"url":"https:\/\/www.canaydin.av.tr\/wp-content\/uploads\/2021\/07\/Logo-Canaydin.png","path":"\/home\/u616560269\/domains\/canaydin.av.tr\/public_html\/wp-content\/uploads\/2021\/07\/Logo-Canaydin.png","size":"full","id":3987,"alt":"","pixels":3841257,"type":"image\/png"}],"twitter_card":"summary_large_image","twitter_misc":{"Tahmini okuma s\u00fcresi":"7 dakika"},"schema":{"@context":"https:\/\/schema.org","@graph":[{"@type":"Organization","@id":"https:\/\/www.canaydin.av.tr\/#organization","name":"Canaydin Law Firm","url":"https:\/\/www.canaydin.av.tr\/","sameAs":["https:\/\/www.facebook.com\/Canayd\u0131n-Law-Firm-108564714824327","https:\/\/instagram.com\/canaydinlawfirm","https:\/\/www.linkedin.com\/company\/canaydin-law-firm\/","https:\/\/www.youtube.com\/channel\/UCAioITA_h23oo3pWmEAgMfQ"],"logo":{"@type":"ImageObject","@id":"https:\/\/www.canaydin.av.tr\/#logo","inLanguage":"tr","url":"https:\/\/www.canaydin.av.tr\/wp-content\/uploads\/2021\/07\/Logo-Canaydin.png","contentUrl":"https:\/\/www.canaydin.av.tr\/wp-content\/uploads\/2021\/07\/Logo-Canaydin.png","width":3733,"height":1029,"caption":"Canaydin Law Firm"},"image":{"@id":"https:\/\/www.canaydin.av.tr\/#logo"}},{"@type":"WebSite","@id":"https:\/\/www.canaydin.av.tr\/#website","url":"https:\/\/www.canaydin.av.tr\/","name":"CANAYDIN Law Firm","description":"","publisher":{"@id":"https:\/\/www.canaydin.av.tr\/#organization"},"potentialAction":[{"@type":"SearchAction","target":{"@type":"EntryPoint","urlTemplate":"https:\/\/www.canaydin.av.tr\/?s={search_term_string}"},"query-input":"required name=search_term_string"}],"inLanguage":"tr"},{"@type":"WebPage","@id":"https:\/\/www.canaydin.av.tr\/contact\/#webpage","url":"https:\/\/www.canaydin.av.tr\/contact\/","name":"Contact - CANAYDIN Law Firm","isPartOf":{"@id":"https:\/\/www.canaydin.av.tr\/#website"},"datePublished":"2018-09-10T12:48:22+00:00","dateModified":"2026-04-15T11:06:43+00:00","breadcrumb":{"@id":"https:\/\/www.canaydin.av.tr\/contact\/#breadcrumb"},"inLanguage":"tr","potentialAction":[{"@type":"ReadAction","target":["https:\/\/www.canaydin.av.tr\/contact\/"]}]},{"@type":"BreadcrumbList","@id":"https:\/\/www.canaydin.av.tr\/contact\/#breadcrumb","itemListElement":[{"@type":"ListItem","position":1,"name":"Anasayfa","item":"https:\/\/www.canaydin.av.tr\/"},{"@type":"ListItem","position":2,"name":"Contact"}]}]}},"_links":{"self":[{"href":"https:\/\/www.canaydin.av.tr\/tr\/wp-json\/wp\/v2\/pages\/13"}],"collection":[{"href":"https:\/\/www.canaydin.av.tr\/tr\/wp-json\/wp\/v2\/pages"}],"about":[{"href":"https:\/\/www.canaydin.av.tr\/tr\/wp-json\/wp\/v2\/types\/page"}],"author":[{"embeddable":true,"href":"https:\/\/www.canaydin.av.tr\/tr\/wp-json\/wp\/v2\/users\/1"}],"replies":[{"embeddable":true,"href":"https:\/\/www.canaydin.av.tr\/tr\/wp-json\/wp\/v2\/comments?post=13"}],"version-history":[{"count":28,"href":"https:\/\/www.canaydin.av.tr\/tr\/wp-json\/wp\/v2\/pages\/13\/revisions"}],"predecessor-version":[{"id":4886,"href":"https:\/\/www.canaydin.av.tr\/tr\/wp-json\/wp\/v2\/pages\/13\/revisions\/4886"}],"wp:attachment":[{"href":"https:\/\/www.canaydin.av.tr\/tr\/wp-json\/wp\/v2\/media?parent=13"}],"curies":[{"name":"wp","href":"https:\/\/api.w.org\/{rel}","templated":true}]}}